{"id":9314,"date":"2026-02-01T11:54:11","date_gmt":"2026-02-01T11:54:11","guid":{"rendered":"https:\/\/gravel-bikes.cc\/produkt\/chaussettes-fingerscrossed-indigo-classique\/"},"modified":"2026-02-01T11:54:11","modified_gmt":"2026-02-01T11:54:11","slug":"chaussettes-fingerscrossed-indigo-classique","status":"publish","type":"product","link":"https:\/\/gravel-bikes.cc\/fr\/produkt\/chaussettes-fingerscrossed-indigo-classique\/","title":{"rendered":"CHAUSSETTES FINGERSCROSSED &#8211; Indigo classique"},"content":{"rendered":"<p>La chaussette qui a tout lanc\u00e9. Notre mod\u00e8le route a \u00e9t\u00e9 \u00e9prouv\u00e9 et test\u00e9 pendant des ann\u00e9es et sert aujourdhui de base \u00e0 la plupart de nos styles saisonniers, ainsi qu\u00e0 nos incontournables comme la collection Classics. Le fil PROLEN offre les meilleures performances possibles, avec une coupe confortable qui reste bien en place m\u00eame apr\u00e8s des heures de port. Le talon et la pointe sont renforc\u00e9s triple \u00e9paisseur pour garantir confort et grande durabilit\u00e9. La zone du pied est con\u00e7ue en mesh l\u00e9ger pour assurer la respirabilit\u00e9.    <\/p>\n","protected":false},"excerpt":{"rendered":"<p>La chaussette qui a tout lanc\u00e9. Notre mod\u00e8le route a \u00e9t\u00e9 \u00e9prouv\u00e9 et test\u00e9 pendant des ann\u00e9es et sert aujourdhui de base \u00e0 la plupart de nos styles saisonniers, ainsi qu\u00e0 nos incontournables comme la collection Classics. Le fil PROLEN offre les meilleures performances possibles, avec une coupe confortable qui reste bien en place m\u00eame [&hellip;]<\/p>\n","protected":false},"featured_media":6909,"template":"","meta":{"_et_pb_use_builder":"","_et_pb_old_content":"","_et_gb_content_width":""},"pwb-brand":[],"product_brand":[],"product_cat":[813,772],"product_tag":[],"class_list":{"0":"post-9314","1":"product","2":"type-product","3":"status-publish","4":"has-post-thumbnail","6":"product_cat-fingerscrossed","7":"product_cat-vetements","9":"first","10":"instock","11":"taxable","12":"shipping-taxable","13":"purchasable","14":"product-type-variable"},"aioseo_notices":[],"brands":[],"_links":{"self":[{"href":"https:\/\/gravel-bikes.cc\/fr\/wp-json\/wp\/v2\/product\/9314","targetHints":{"allow":["GET"]}}],"collection":[{"href":"https:\/\/gravel-bikes.cc\/fr\/wp-json\/wp\/v2\/product"}],"about":[{"href":"https:\/\/gravel-bikes.cc\/fr\/wp-json\/wp\/v2\/types\/product"}],"wp:featuredmedia":[{"embeddable":true,"href":"https:\/\/gravel-bikes.cc\/fr\/wp-json\/wp\/v2\/media\/6909"}],"wp:attachment":[{"href":"https:\/\/gravel-bikes.cc\/fr\/wp-json\/wp\/v2\/media?parent=9314"}],"wp:term":[{"taxonomy":"pwb-brand","embeddable":true,"href":"https:\/\/gravel-bikes.cc\/fr\/wp-json\/wp\/v2\/pwb-brand?post=9314"},{"taxonomy":"product_brand","embeddable":true,"href":"https:\/\/gravel-bikes.cc\/fr\/wp-json\/wp\/v2\/product_brand?post=9314"},{"taxonomy":"product_cat","embeddable":true,"href":"https:\/\/gravel-bikes.cc\/fr\/wp-json\/wp\/v2\/product_cat?post=9314"},{"taxonomy":"product_tag","embeddable":true,"href":"https:\/\/gravel-bikes.cc\/fr\/wp-json\/wp\/v2\/product_tag?post=9314"}],"curies":[{"name":"wp","href":"https:\/\/api.w.org\/{rel}","templated":true}]}}