{"id":9317,"date":"2026-02-01T11:59:14","date_gmt":"2026-02-01T11:59:14","guid":{"rendered":"https:\/\/gravel-bikes.cc\/produkt\/manchettes-fingerscrossed-noir\/"},"modified":"2026-02-01T11:59:14","modified_gmt":"2026-02-01T11:59:14","slug":"manchettes-fingerscrossed-noir","status":"publish","type":"product","link":"https:\/\/gravel-bikes.cc\/fr\/produkt\/manchettes-fingerscrossed-noir\/","title":{"rendered":"MANCHETTES FINGERSCROSSED NOIR"},"content":{"rendered":"<p>Fabriqu\u00e9es en tissu Roubaix extensible, ces manchettes sont l&#8217;ajout id\u00e9al pour prolonger l&#8217;utilisation de ta tenue d&#8217;\u00e9t\u00e9 ou te pr\u00e9parer aux conditions m\u00e9t\u00e9o changeantes. Finitions au laser, coutures thermocoll\u00e9es et bandes antid\u00e9rapantes en silicone pour un ajustement parfait et \u00e9l\u00e9gant. <\/p>\n","protected":false},"excerpt":{"rendered":"<p>Fabriqu\u00e9es en tissu Roubaix extensible, ces manchettes sont l&#8217;ajout id\u00e9al pour prolonger l&#8217;utilisation de ta tenue d&#8217;\u00e9t\u00e9 ou te pr\u00e9parer aux conditions m\u00e9t\u00e9o changeantes. Finitions au laser, coutures thermocoll\u00e9es et bandes antid\u00e9rapantes en silicone pour un ajustement parfait et \u00e9l\u00e9gant.<\/p>\n","protected":false},"featured_media":6876,"template":"","meta":{"_et_pb_use_builder":"","_et_pb_old_content":"","_et_gb_content_width":""},"pwb-brand":[],"product_brand":[],"product_cat":[813,772],"product_tag":[],"class_list":{"0":"post-9317","1":"product","2":"type-product","3":"status-publish","4":"has-post-thumbnail","6":"product_cat-fingerscrossed","7":"product_cat-vetements","9":"first","10":"instock","11":"sale","12":"taxable","13":"shipping-taxable","14":"purchasable","15":"product-type-variable"},"aioseo_notices":[],"brands":[],"_links":{"self":[{"href":"https:\/\/gravel-bikes.cc\/fr\/wp-json\/wp\/v2\/product\/9317","targetHints":{"allow":["GET"]}}],"collection":[{"href":"https:\/\/gravel-bikes.cc\/fr\/wp-json\/wp\/v2\/product"}],"about":[{"href":"https:\/\/gravel-bikes.cc\/fr\/wp-json\/wp\/v2\/types\/product"}],"wp:featuredmedia":[{"embeddable":true,"href":"https:\/\/gravel-bikes.cc\/fr\/wp-json\/wp\/v2\/media\/6876"}],"wp:attachment":[{"href":"https:\/\/gravel-bikes.cc\/fr\/wp-json\/wp\/v2\/media?parent=9317"}],"wp:term":[{"taxonomy":"pwb-brand","embeddable":true,"href":"https:\/\/gravel-bikes.cc\/fr\/wp-json\/wp\/v2\/pwb-brand?post=9317"},{"taxonomy":"product_brand","embeddable":true,"href":"https:\/\/gravel-bikes.cc\/fr\/wp-json\/wp\/v2\/product_brand?post=9317"},{"taxonomy":"product_cat","embeddable":true,"href":"https:\/\/gravel-bikes.cc\/fr\/wp-json\/wp\/v2\/product_cat?post=9317"},{"taxonomy":"product_tag","embeddable":true,"href":"https:\/\/gravel-bikes.cc\/fr\/wp-json\/wp\/v2\/product_tag?post=9317"}],"curies":[{"name":"wp","href":"https:\/\/api.w.org\/{rel}","templated":true}]}}