{"id":9319,"date":"2026-02-01T11:52:58","date_gmt":"2026-02-01T11:52:58","guid":{"rendered":"https:\/\/gravel-bikes.cc\/produkt\/chaussettes-fingerscrossed-noir-classique\/"},"modified":"2026-02-01T11:52:58","modified_gmt":"2026-02-01T11:52:58","slug":"chaussettes-fingerscrossed-noir-classique","status":"publish","type":"product","link":"https:\/\/gravel-bikes.cc\/fr\/produkt\/chaussettes-fingerscrossed-noir-classique\/","title":{"rendered":"CHAUSSETTES FINGERSCROSSED &#8211; Noir classique"},"content":{"rendered":"<p>La chaussette \u00e0 lorigine de tout. Notre gamme route a \u00e9t\u00e9 test\u00e9e et \u00e9prouv\u00e9e au fil des ans et sert d\u00e9sormais de base \u00e0 la plupart de nos mod\u00e8les saisonniers et essentiels comme la collection Classics. Le fil PROLEN offre les meilleures performances possibles, alli\u00e9es \u00e0 une coupe confortable qui reste en place m\u00eame apr\u00e8s des heures de selle. Le talon et la pointe sont triplement renforc\u00e9s pour garantir confort et durabilit\u00e9. Le pied est con\u00e7u en mesh l\u00e9ger pour assurer une respirabilit\u00e9 optimale.    <\/p>\n","protected":false},"excerpt":{"rendered":"<p>La chaussette \u00e0 lorigine de tout. Notre gamme route a \u00e9t\u00e9 test\u00e9e et \u00e9prouv\u00e9e au fil des ans et sert d\u00e9sormais de base \u00e0 la plupart de nos mod\u00e8les saisonniers et essentiels comme la collection Classics. Le fil PROLEN offre les meilleures performances possibles, alli\u00e9es \u00e0 une coupe confortable qui reste en place m\u00eame apr\u00e8s [&hellip;]<\/p>\n","protected":false},"featured_media":6863,"template":"","meta":{"_et_pb_use_builder":"","_et_pb_old_content":"","_et_gb_content_width":""},"pwb-brand":[],"product_brand":[],"product_cat":[813,772],"product_tag":[],"class_list":{"0":"post-9319","1":"product","2":"type-product","3":"status-publish","4":"has-post-thumbnail","6":"product_cat-fingerscrossed","7":"product_cat-vetements","9":"first","10":"instock","11":"taxable","12":"shipping-taxable","13":"purchasable","14":"product-type-variable"},"aioseo_notices":[],"brands":[],"_links":{"self":[{"href":"https:\/\/gravel-bikes.cc\/fr\/wp-json\/wp\/v2\/product\/9319","targetHints":{"allow":["GET"]}}],"collection":[{"href":"https:\/\/gravel-bikes.cc\/fr\/wp-json\/wp\/v2\/product"}],"about":[{"href":"https:\/\/gravel-bikes.cc\/fr\/wp-json\/wp\/v2\/types\/product"}],"wp:featuredmedia":[{"embeddable":true,"href":"https:\/\/gravel-bikes.cc\/fr\/wp-json\/wp\/v2\/media\/6863"}],"wp:attachment":[{"href":"https:\/\/gravel-bikes.cc\/fr\/wp-json\/wp\/v2\/media?parent=9319"}],"wp:term":[{"taxonomy":"pwb-brand","embeddable":true,"href":"https:\/\/gravel-bikes.cc\/fr\/wp-json\/wp\/v2\/pwb-brand?post=9319"},{"taxonomy":"product_brand","embeddable":true,"href":"https:\/\/gravel-bikes.cc\/fr\/wp-json\/wp\/v2\/product_brand?post=9319"},{"taxonomy":"product_cat","embeddable":true,"href":"https:\/\/gravel-bikes.cc\/fr\/wp-json\/wp\/v2\/product_cat?post=9319"},{"taxonomy":"product_tag","embeddable":true,"href":"https:\/\/gravel-bikes.cc\/fr\/wp-json\/wp\/v2\/product_tag?post=9319"}],"curies":[{"name":"wp","href":"https:\/\/api.w.org\/{rel}","templated":true}]}}