{"id":9323,"date":"2026-02-01T12:17:15","date_gmt":"2026-02-01T12:17:15","guid":{"rendered":"https:\/\/gravel-bikes.cc\/produkt\/bidon-fingercrossed-noir\/"},"modified":"2026-02-01T12:17:15","modified_gmt":"2026-02-01T12:17:15","slug":"bidon-fingercrossed-noir","status":"publish","type":"product","link":"https:\/\/gravel-bikes.cc\/fr\/produkt\/bidon-fingercrossed-noir\/","title":{"rendered":"Bidon Fingercrossed Noir"},"content":{"rendered":"<p>La technologie Purist prot\u00e8ge l&#8217;int\u00e9rieur du bidon contre les mauvais go\u00fbts, les moisissures et les taches. Rien n&#8217;adh\u00e8re, ton bidon reste propre et ton eau garde un go\u00fbt pur. <\/p>\n","protected":false},"excerpt":{"rendered":"<p>La technologie Purist prot\u00e8ge l&#8217;int\u00e9rieur du bidon contre les mauvais go\u00fbts, les moisissures et les taches. Rien n&#8217;adh\u00e8re, ton bidon reste propre et ton eau garde un go\u00fbt pur.<\/p>\n","protected":false},"featured_media":6932,"template":"","meta":{"_et_pb_use_builder":"","_et_pb_old_content":"","_et_gb_content_width":""},"pwb-brand":[],"product_brand":[],"product_cat":[792,813],"product_tag":[775],"class_list":{"0":"post-9323","1":"product","2":"type-product","3":"status-publish","4":"has-post-thumbnail","6":"product_cat-bidons","7":"product_cat-fingerscrossed","8":"product_tag-fingercrossed","9":"product_shipping_class-petites-pieces","11":"first","12":"instock","13":"taxable","14":"shipping-taxable","15":"purchasable","16":"product-type-simple"},"aioseo_notices":[],"brands":[],"_links":{"self":[{"href":"https:\/\/gravel-bikes.cc\/fr\/wp-json\/wp\/v2\/product\/9323","targetHints":{"allow":["GET"]}}],"collection":[{"href":"https:\/\/gravel-bikes.cc\/fr\/wp-json\/wp\/v2\/product"}],"about":[{"href":"https:\/\/gravel-bikes.cc\/fr\/wp-json\/wp\/v2\/types\/product"}],"wp:featuredmedia":[{"embeddable":true,"href":"https:\/\/gravel-bikes.cc\/fr\/wp-json\/wp\/v2\/media\/6932"}],"wp:attachment":[{"href":"https:\/\/gravel-bikes.cc\/fr\/wp-json\/wp\/v2\/media?parent=9323"}],"wp:term":[{"taxonomy":"pwb-brand","embeddable":true,"href":"https:\/\/gravel-bikes.cc\/fr\/wp-json\/wp\/v2\/pwb-brand?post=9323"},{"taxonomy":"product_brand","embeddable":true,"href":"https:\/\/gravel-bikes.cc\/fr\/wp-json\/wp\/v2\/product_brand?post=9323"},{"taxonomy":"product_cat","embeddable":true,"href":"https:\/\/gravel-bikes.cc\/fr\/wp-json\/wp\/v2\/product_cat?post=9323"},{"taxonomy":"product_tag","embeddable":true,"href":"https:\/\/gravel-bikes.cc\/fr\/wp-json\/wp\/v2\/product_tag?post=9323"}],"curies":[{"name":"wp","href":"https:\/\/api.w.org\/{rel}","templated":true}]}}