{"id":9333,"date":"2026-02-01T12:08:33","date_gmt":"2026-02-01T12:08:33","guid":{"rendered":"https:\/\/gravel-bikes.cc\/produkt\/chaussettes-fingerscrossed-classic-celeste\/"},"modified":"2026-02-01T12:08:33","modified_gmt":"2026-02-01T12:08:33","slug":"chaussettes-fingerscrossed-classic-celeste","status":"publish","type":"product","link":"https:\/\/gravel-bikes.cc\/fr\/produkt\/chaussettes-fingerscrossed-classic-celeste\/","title":{"rendered":"CHAUSSETTES FINGERSCROSSED &#8211; Classic Celeste"},"content":{"rendered":"<p>La chaussette \u00e0 l\u2019origine de tout. Notre mod\u00e8le route a \u00e9t\u00e9 \u00e9prouv\u00e9 pendant des ann\u00e9es et sert aujourdhui de base \u00e0 la plupart de nos styles saisonniers, ainsi qu\u00e0 nos incontournables comme la collection Classics. Le fil PROLEN offre les meilleures performances possibles, avec une coupe confortable qui reste bien en place m\u00eame apr\u00e8s des heures. Le talon et les orteils sont renforc\u00e9s triple \u00e9paisseur pour assurer confort et grande durabilit\u00e9. La zone du pied est con\u00e7ue en mesh l\u00e9ger pour garantir la respirabilit\u00e9.    <\/p>\n","protected":false},"excerpt":{"rendered":"<p>La chaussette \u00e0 l\u2019origine de tout. Notre mod\u00e8le route a \u00e9t\u00e9 \u00e9prouv\u00e9 pendant des ann\u00e9es et sert aujourdhui de base \u00e0 la plupart de nos styles saisonniers, ainsi qu\u00e0 nos incontournables comme la collection Classics. Le fil PROLEN offre les meilleures performances possibles, avec une coupe confortable qui reste bien en place m\u00eame apr\u00e8s des [&hellip;]<\/p>\n","protected":false},"featured_media":7097,"template":"","meta":{"_et_pb_use_builder":"","_et_pb_old_content":"","_et_gb_content_width":""},"pwb-brand":[],"product_brand":[],"product_cat":[813,772],"product_tag":[],"class_list":{"0":"post-9333","1":"product","2":"type-product","3":"status-publish","4":"has-post-thumbnail","6":"product_cat-fingerscrossed","7":"product_cat-vetements","9":"first","10":"instock","11":"taxable","12":"shipping-taxable","13":"purchasable","14":"product-type-variable"},"aioseo_notices":[],"brands":[],"_links":{"self":[{"href":"https:\/\/gravel-bikes.cc\/fr\/wp-json\/wp\/v2\/product\/9333","targetHints":{"allow":["GET"]}}],"collection":[{"href":"https:\/\/gravel-bikes.cc\/fr\/wp-json\/wp\/v2\/product"}],"about":[{"href":"https:\/\/gravel-bikes.cc\/fr\/wp-json\/wp\/v2\/types\/product"}],"wp:featuredmedia":[{"embeddable":true,"href":"https:\/\/gravel-bikes.cc\/fr\/wp-json\/wp\/v2\/media\/7097"}],"wp:attachment":[{"href":"https:\/\/gravel-bikes.cc\/fr\/wp-json\/wp\/v2\/media?parent=9333"}],"wp:term":[{"taxonomy":"pwb-brand","embeddable":true,"href":"https:\/\/gravel-bikes.cc\/fr\/wp-json\/wp\/v2\/pwb-brand?post=9333"},{"taxonomy":"product_brand","embeddable":true,"href":"https:\/\/gravel-bikes.cc\/fr\/wp-json\/wp\/v2\/product_brand?post=9333"},{"taxonomy":"product_cat","embeddable":true,"href":"https:\/\/gravel-bikes.cc\/fr\/wp-json\/wp\/v2\/product_cat?post=9333"},{"taxonomy":"product_tag","embeddable":true,"href":"https:\/\/gravel-bikes.cc\/fr\/wp-json\/wp\/v2\/product_tag?post=9333"}],"curies":[{"name":"wp","href":"https:\/\/api.w.org\/{rel}","templated":true}]}}