{"id":9336,"date":"2026-02-01T12:14:07","date_gmt":"2026-02-01T12:14:07","guid":{"rendered":"https:\/\/gravel-bikes.cc\/produkt\/bidon-fingercrossed-noir-2\/"},"modified":"2026-03-22T12:31:32","modified_gmt":"2026-03-22T12:31:32","slug":"bidon-fingercrossed-noir-2","status":"publish","type":"product","link":"https:\/\/gravel-bikes.cc\/fr\/produkt\/bidon-fingercrossed-noir-2\/","title":{"rendered":"Bidon Fingercrossed noir"},"content":{"rendered":"<p>La technologie Purist prot\u00e8ge lint\u00e9rieur du bidon contre les mauvais go\u00fbts, les moisissures ou les taches. Rien nadh\u00e8re, ton bidon reste donc propre et ton eau garde un go\u00fbt pur. <\/p>\n","protected":false},"excerpt":{"rendered":"<p>La technologie Purist prot\u00e8ge lint\u00e9rieur du bidon contre les mauvais go\u00fbts, les moisissures ou les taches. Rien nadh\u00e8re, ton bidon reste donc propre et ton eau garde un go\u00fbt pur.<\/p>\n","protected":false},"featured_media":6932,"template":"","meta":{"_et_pb_use_builder":"","_et_pb_old_content":"","_et_gb_content_width":""},"pwb-brand":[],"product_brand":[],"product_cat":[792],"product_tag":[775],"class_list":{"0":"post-9336","1":"product","2":"type-product","3":"status-publish","4":"has-post-thumbnail","6":"product_cat-bidons","7":"product_tag-fingercrossed","8":"product_shipping_class-petites-pieces","10":"first","11":"instock","12":"taxable","13":"shipping-taxable","14":"purchasable","15":"product-type-simple"},"aioseo_notices":[],"brands":[],"_links":{"self":[{"href":"https:\/\/gravel-bikes.cc\/fr\/wp-json\/wp\/v2\/product\/9336","targetHints":{"allow":["GET"]}}],"collection":[{"href":"https:\/\/gravel-bikes.cc\/fr\/wp-json\/wp\/v2\/product"}],"about":[{"href":"https:\/\/gravel-bikes.cc\/fr\/wp-json\/wp\/v2\/types\/product"}],"wp:featuredmedia":[{"embeddable":true,"href":"https:\/\/gravel-bikes.cc\/fr\/wp-json\/wp\/v2\/media\/6932"}],"wp:attachment":[{"href":"https:\/\/gravel-bikes.cc\/fr\/wp-json\/wp\/v2\/media?parent=9336"}],"wp:term":[{"taxonomy":"pwb-brand","embeddable":true,"href":"https:\/\/gravel-bikes.cc\/fr\/wp-json\/wp\/v2\/pwb-brand?post=9336"},{"taxonomy":"product_brand","embeddable":true,"href":"https:\/\/gravel-bikes.cc\/fr\/wp-json\/wp\/v2\/product_brand?post=9336"},{"taxonomy":"product_cat","embeddable":true,"href":"https:\/\/gravel-bikes.cc\/fr\/wp-json\/wp\/v2\/product_cat?post=9336"},{"taxonomy":"product_tag","embeddable":true,"href":"https:\/\/gravel-bikes.cc\/fr\/wp-json\/wp\/v2\/product_tag?post=9336"}],"curies":[{"name":"wp","href":"https:\/\/api.w.org\/{rel}","templated":true}]}}