{"id":9344,"date":"2026-02-01T12:00:14","date_gmt":"2026-02-01T12:00:14","guid":{"rendered":"https:\/\/gravel-bikes.cc\/produkt\/manchettes-fingerscrossed-bleu\/"},"modified":"2026-02-01T12:00:14","modified_gmt":"2026-02-01T12:00:14","slug":"manchettes-fingerscrossed-bleu","status":"publish","type":"product","link":"https:\/\/gravel-bikes.cc\/fr\/produkt\/manchettes-fingerscrossed-bleu\/","title":{"rendered":"MANCHETTES FINGERSCROSSED BLEU"},"content":{"rendered":"<p>Fabriqu\u00e9es dans un tissu Roubaix extensible, ces manchettes sont le compl\u00e9ment id\u00e9al pour prolonger l\u2019utilisation de ta tenue d\u2019\u00e9t\u00e9 ou te pr\u00e9parer aux changements de conditions m\u00e9t\u00e9orologiques. Les bords d\u00e9coup\u00e9s au laser, les coutures thermosoud\u00e9es et les bandes de maintien en silicone assurent un ajustement excellent et \u00e9l\u00e9gant. <\/p>\n","protected":false},"excerpt":{"rendered":"<p>Fabriqu\u00e9es dans un tissu Roubaix extensible, ces manchettes sont le compl\u00e9ment id\u00e9al pour prolonger l\u2019utilisation de ta tenue d\u2019\u00e9t\u00e9 ou te pr\u00e9parer aux changements de conditions m\u00e9t\u00e9orologiques. Les bords d\u00e9coup\u00e9s au laser, les coutures thermosoud\u00e9es et les bandes de maintien en silicone assurent un ajustement excellent et \u00e9l\u00e9gant.<\/p>\n","protected":false},"featured_media":6889,"template":"","meta":{"_et_pb_use_builder":"","_et_pb_old_content":"","_et_gb_content_width":""},"pwb-brand":[],"product_brand":[],"product_cat":[813,772],"product_tag":[],"class_list":{"0":"post-9344","1":"product","2":"type-product","3":"status-publish","4":"has-post-thumbnail","6":"product_cat-fingerscrossed","7":"product_cat-vetements","9":"first","10":"instock","11":"sale","12":"taxable","13":"shipping-taxable","14":"purchasable","15":"product-type-variable"},"aioseo_notices":[],"brands":[],"_links":{"self":[{"href":"https:\/\/gravel-bikes.cc\/fr\/wp-json\/wp\/v2\/product\/9344","targetHints":{"allow":["GET"]}}],"collection":[{"href":"https:\/\/gravel-bikes.cc\/fr\/wp-json\/wp\/v2\/product"}],"about":[{"href":"https:\/\/gravel-bikes.cc\/fr\/wp-json\/wp\/v2\/types\/product"}],"wp:featuredmedia":[{"embeddable":true,"href":"https:\/\/gravel-bikes.cc\/fr\/wp-json\/wp\/v2\/media\/6889"}],"wp:attachment":[{"href":"https:\/\/gravel-bikes.cc\/fr\/wp-json\/wp\/v2\/media?parent=9344"}],"wp:term":[{"taxonomy":"pwb-brand","embeddable":true,"href":"https:\/\/gravel-bikes.cc\/fr\/wp-json\/wp\/v2\/pwb-brand?post=9344"},{"taxonomy":"product_brand","embeddable":true,"href":"https:\/\/gravel-bikes.cc\/fr\/wp-json\/wp\/v2\/product_brand?post=9344"},{"taxonomy":"product_cat","embeddable":true,"href":"https:\/\/gravel-bikes.cc\/fr\/wp-json\/wp\/v2\/product_cat?post=9344"},{"taxonomy":"product_tag","embeddable":true,"href":"https:\/\/gravel-bikes.cc\/fr\/wp-json\/wp\/v2\/product_tag?post=9344"}],"curies":[{"name":"wp","href":"https:\/\/api.w.org\/{rel}","templated":true}]}}