{"id":9359,"date":"2026-02-03T09:47:30","date_gmt":"2026-02-03T09:47:30","guid":{"rendered":"https:\/\/gravel-bikes.cc\/produkt\/sram-rival-12-vitesses-kit-drsquousure\/"},"modified":"2026-02-03T09:47:30","modified_gmt":"2026-02-03T09:47:30","slug":"sram-rival-12-vitesses-kit-drsquousure","status":"publish","type":"product","link":"https:\/\/gravel-bikes.cc\/fr\/produkt\/sram-rival-12-vitesses-kit-drsquousure\/","title":{"rendered":"SRAM RIVAL 12 vitesses Kit d&amp;rsquo;usure"},"content":{"rendered":"<h2 class=\"product-detail-description__title\">Kit dusure SRAM RIVAL &#8211; Cassette XG-1250 + Cha\u00eene | 12 vitesses | E1<\/h2>\n<div class=\"product-detail-description__content\">\n<div class=\"cms-content\">\n<p>Kit dusure avec cassette XG-1250 et cha\u00eene Flattop.<\/p>\n<p>La transmission SRAM X-Range de premier ordre, qui utilise des sauts serr\u00e9s entre les plateaux et une cassette \u00e0 12 vitesses, large plage et 10 dents, est d\u00e9sormais disponible pour Rival. Cela inclut de nouvelles cassettes qui offrent un changement de vitesse fluide et pr\u00e9cis dans des plages couvrant la route, le gravel et tout le reste. <\/p>\n<p>La technologie <strong>FULL PIN\u2122<\/strong> utilise onze pignons l\u00e9gers et estamp\u00e9s, maintenus ensemble par 123 broches en acier inoxydable haute r\u00e9sistance. Le r\u00e9sultat : une cassette l\u00e9g\u00e8re, durable et dot\u00e9e de la tr\u00e8s large plage de vitesses SRAM, parfaitement adapt\u00e9e \u00e0 toutes les sorties. La conception ouverte, similaire \u00e0 notre cassette X-DOME, facilite l\u2019\u00e9vacuation de la boue, offrant des changements de vitesse plus propres et une dur\u00e9e de vie prolong\u00e9e des composants.  <\/p>\n<p><strong>Pour corps de roue libre XDR.<\/strong><\/p>\n<p><strong>Rapport de pignons :<\/strong><\/p>\n<p>10-30d &#8211; 10,11,12,13,14,15,17,19,21,24,27,30<\/p>\n<p>10-36d &#8211; 10,11,12,13,15,17,19,21,24,28,32,36<\/p>\n<p>SRAM a pris sa cha\u00eene Rival la plus robuste et la rendue plus l\u00e9g\u00e8re. Les d\u00e9coupes sur les maillons ext\u00e9rieurs de la cha\u00eene Flattop r\u00e9duisent le poids, tandis que la finition chrom\u00e9e dure ajoute de la durabilit\u00e9 lorsque tu changes de vitesse. Cette cha\u00eene est pr\u00eate \u00e0 parcourir de longues distances.  <\/p>\n<p>La technologie Flattop permet une cha\u00eene plus \u00e9troite avec un fonctionnement plus silencieux et une r\u00e9sistance et une durabilit\u00e9 accrues. Compatible avec les groupes route 12 vitesses et gravel XPLR AXS 13 vitesses. Inclut un PowerLock Flattop.  <\/p>\n<\/div>\n<\/div>\n","protected":false},"excerpt":{"rendered":"<p>Kit dusure SRAM RIVAL &#8211; Cassette XG-1250 + Cha\u00eene | 12 vitesses | E1 Kit dusure avec cassette XG-1250 et cha\u00eene Flattop. La transmission SRAM X-Range de premier ordre, qui utilise des sauts serr\u00e9s entre les plateaux et une cassette \u00e0 12 vitesses, large plage et 10 dents, est d\u00e9sormais disponible pour Rival. Cela inclut [&hellip;]<\/p>\n","protected":false},"featured_media":7069,"template":"","meta":{"_et_pb_use_builder":"","_et_pb_old_content":"","_et_gb_content_width":"","om_disable_all_campaigns":false,"_monsterinsights_skip_tracking":false,"_monsterinsights_sitenote_active":false,"_monsterinsights_sitenote_note":"","_monsterinsights_sitenote_category":0},"pwb-brand":[],"product_brand":[],"product_cat":[805,756],"product_tag":[],"class_list":{"0":"post-9359","1":"product","2":"type-product","3":"status-publish","4":"has-post-thumbnail","6":"product_cat-chaine-cassettes","7":"product_cat-non-classe","9":"first","10":"instock","11":"sale","12":"taxable","13":"shipping-taxable","14":"purchasable","15":"product-type-variable"},"aioseo_notices":[],"brands":[],"_links":{"self":[{"href":"https:\/\/gravel-bikes.cc\/fr\/wp-json\/wp\/v2\/product\/9359","targetHints":{"allow":["GET"]}}],"collection":[{"href":"https:\/\/gravel-bikes.cc\/fr\/wp-json\/wp\/v2\/product"}],"about":[{"href":"https:\/\/gravel-bikes.cc\/fr\/wp-json\/wp\/v2\/types\/product"}],"wp:featuredmedia":[{"embeddable":true,"href":"https:\/\/gravel-bikes.cc\/fr\/wp-json\/wp\/v2\/media\/7069"}],"wp:attachment":[{"href":"https:\/\/gravel-bikes.cc\/fr\/wp-json\/wp\/v2\/media?parent=9359"}],"wp:term":[{"taxonomy":"pwb-brand","embeddable":true,"href":"https:\/\/gravel-bikes.cc\/fr\/wp-json\/wp\/v2\/pwb-brand?post=9359"},{"taxonomy":"product_brand","embeddable":true,"href":"https:\/\/gravel-bikes.cc\/fr\/wp-json\/wp\/v2\/product_brand?post=9359"},{"taxonomy":"product_cat","embeddable":true,"href":"https:\/\/gravel-bikes.cc\/fr\/wp-json\/wp\/v2\/product_cat?post=9359"},{"taxonomy":"product_tag","embeddable":true,"href":"https:\/\/gravel-bikes.cc\/fr\/wp-json\/wp\/v2\/product_tag?post=9359"}],"curies":[{"name":"wp","href":"https:\/\/api.w.org\/{rel}","templated":true}]}}