{"id":9363,"date":"2026-02-03T10:10:29","date_gmt":"2026-02-03T10:10:29","guid":{"rendered":"https:\/\/gravel-bikes.cc\/produkt\/spider-capteur-de-puissance-quarq-axs-dzero-dub-boulon-non-cache-110-bcd-compact\/"},"modified":"2026-02-03T10:10:29","modified_gmt":"2026-02-03T10:10:29","slug":"spider-capteur-de-puissance-quarq-axs-dzero-dub-boulon-non-cache-110-bcd-compact","status":"publish","type":"product","link":"https:\/\/gravel-bikes.cc\/fr\/produkt\/spider-capteur-de-puissance-quarq-axs-dzero-dub-boulon-non-cache-110-bcd-compact\/","title":{"rendered":"Spider capteur de puissance QUARQ AXS DZero DUB &#8211; Boulon non cach\u00e9 &#8211; 110 BCD &#8211; Compact"},"content":{"rendered":"<h2 class=\"product-detail-description__title\">Spider capteur de puissance QUARQ AXS DZero DUB &#8211; Boulon non cach\u00e9 &#8211; 110 BCD &#8211; Compact<\/h2>\n<div class=\"product-detail-description__content\">\n<div class=\"cms-content\">\n<h3>Quarq DZero \u2013 10 ans dinnovation<\/h3>\n<p>D\u00e9couvre DZero, la plateforme de nouvelle g\u00e9n\u00e9ration en mati\u00e8re de capteurs de puissance &#8211; int\u00e9grant 10 ans dinnovations techniques, ainsi que de nouvelles fonctionnalit\u00e9s telles que l\u00e9talonnage MagicZero\u2122 et le double Bluetooth basse consommation, une gamme de produits simplifi\u00e9e et des circuits r\u00e9vis\u00e9s. Les capteurs de puissance DZero maintiennent toujours les principes sans compromis de Quarq &#8211; des m\u00e9triques qui comptent, la r\u00e9solution de probl\u00e8mes r\u00e9els, la facilit\u00e9 dutilisation et lam\u00e9lioration de tes performances. <\/p>\n<p>Lorsque Quarq sest lanc\u00e9 dans la construction du capteur de puissance Quarq de nouvelle g\u00e9n\u00e9ration, lobjectif \u00e9tait de cr\u00e9er le capteur de puissance le plus performant pour chaque facette du cyclisme et pour les cyclistes de tous niveaux. Comme ses homologues Quarq, le nouveau DZero mesure la puissance au c\u0153ur du v\u00e9lo \u2014 le spider du p\u00e9dalier, scientifiquement prouv\u00e9 comme \u00e9tant lemplacement offrant la mesure la plus pr\u00e9cise. <\/p>\n<h3>Caract\u00e9ristiques et d\u00e9tails techniques du capteur de puissance<\/h3>\n<ul>\n<li>Compensation de temp\u00e9rature 10K<\/li>\n<li>MagicZero\u2122 \u2013 \u00e9talonnage automatique<\/li>\n<li>Acc\u00e9l\u00e9rom\u00e8tre AxCad pour la mesure de cadence (aimant non requis)<\/li>\n<li>OmniCal &#8211; change les plateaux sans affecter la pr\u00e9cision<\/li>\n<li>pr\u00e9cision : \u00b1 1,5 %, mesure des deux c\u00f4t\u00e9s<\/li>\n<li>Technologie Bluetooth basse consommation et transfert de donn\u00e9es sans fil ANT+<\/li>\n<li>batterie : CR2032, autonomie de 200 heures, changement sans outils<\/li>\n<li>Indice d\u00e9tanch\u00e9it\u00e9 IPX7<\/li>\n<\/ul>\n<p>Les spiders capteurs de puissance DZero fonctionnent avec les plateaux 5 branches de la plupart des fabricants.<br \/>\n<span class=\"text-bold\">Version boulon non cach\u00e9 avec diam\u00e8tre dentraxe de 110 mm.<\/span><\/p>\n<h3>Technologies du spider QUARQ AXS DZero DUB<\/h3>\n<h4>MagicZero\u2122<\/h4>\n<p>\u00c9talonnage automatique pendant que tu roules. Pas besoin de r\u00e9trop\u00e9daler ou d\u00e9talonner manuellement via ton compteur. <\/p>\n<h4>Compensation de temp\u00e9rature 10K<\/h4>\n<p>\u00c9limine les variables caus\u00e9es par la chaleur et le froid pour fournir un enregistrement constant de tes performances dans toutes les conditions.<\/p>\n<h4>Con\u00e7u pour durer<\/h4>\n<p>Un indice d\u00e9tanch\u00e9it\u00e9 IPX7, une batterie CR2032 facile \u00e0 remplacer, une garantie de 2 ans, des mises \u00e0 jour firmware gratuites et un support mondial reconnu.<\/p>\n<h4>Facile \u00e0 utiliser (et r\u00e9utiliser)<\/h4>\n<p>Le z\u00e9rotage manuel et automatique rend les capteurs de puissance Quarq vraiment pr\u00eats \u00e0 lemploi. Les plateaux sont rempla\u00e7ables si ton v\u00e9lo, ta discipline ou ton niveau \u00e9volue. <\/p>\n<\/div>\n<\/div>\n","protected":false},"excerpt":{"rendered":"<p>Spider capteur de puissance QUARQ AXS DZero DUB &#8211; Boulon non cach\u00e9 &#8211; 110 BCD &#8211; Compact Quarq DZero \u2013 10 ans dinnovation D\u00e9couvre DZero, la plateforme de nouvelle g\u00e9n\u00e9ration en mati\u00e8re de capteurs de puissance &#8211; int\u00e9grant 10 ans dinnovations techniques, ainsi que de nouvelles fonctionnalit\u00e9s telles que l\u00e9talonnage MagicZero\u2122 et le double Bluetooth [&hellip;]<\/p>\n","protected":false},"featured_media":7086,"template":"","meta":{"_et_pb_use_builder":"","_et_pb_old_content":"","_et_gb_content_width":""},"pwb-brand":[],"product_brand":[],"product_cat":[809],"product_tag":[],"class_list":{"0":"post-9363","1":"product","2":"type-product","3":"status-publish","4":"has-post-thumbnail","6":"product_cat-capteurs-de-puissance","7":"product_shipping_class-petites-pieces","9":"first","10":"instock","11":"sale","12":"taxable","13":"shipping-taxable","14":"purchasable","15":"product-type-simple"},"aioseo_notices":[],"brands":[],"_links":{"self":[{"href":"https:\/\/gravel-bikes.cc\/fr\/wp-json\/wp\/v2\/product\/9363","targetHints":{"allow":["GET"]}}],"collection":[{"href":"https:\/\/gravel-bikes.cc\/fr\/wp-json\/wp\/v2\/product"}],"about":[{"href":"https:\/\/gravel-bikes.cc\/fr\/wp-json\/wp\/v2\/types\/product"}],"wp:featuredmedia":[{"embeddable":true,"href":"https:\/\/gravel-bikes.cc\/fr\/wp-json\/wp\/v2\/media\/7086"}],"wp:attachment":[{"href":"https:\/\/gravel-bikes.cc\/fr\/wp-json\/wp\/v2\/media?parent=9363"}],"wp:term":[{"taxonomy":"pwb-brand","embeddable":true,"href":"https:\/\/gravel-bikes.cc\/fr\/wp-json\/wp\/v2\/pwb-brand?post=9363"},{"taxonomy":"product_brand","embeddable":true,"href":"https:\/\/gravel-bikes.cc\/fr\/wp-json\/wp\/v2\/product_brand?post=9363"},{"taxonomy":"product_cat","embeddable":true,"href":"https:\/\/gravel-bikes.cc\/fr\/wp-json\/wp\/v2\/product_cat?post=9363"},{"taxonomy":"product_tag","embeddable":true,"href":"https:\/\/gravel-bikes.cc\/fr\/wp-json\/wp\/v2\/product_tag?post=9363"}],"curies":[{"name":"wp","href":"https:\/\/api.w.org\/{rel}","templated":true}]}}