{"id":9369,"date":"2026-02-03T09:54:28","date_gmt":"2026-02-03T09:54:28","guid":{"rendered":"https:\/\/gravel-bikes.cc\/produkt\/sram-force-12-vitesses-kit-drsquousure\/"},"modified":"2026-02-03T09:54:28","modified_gmt":"2026-02-03T09:54:28","slug":"sram-force-12-vitesses-kit-drsquousure","status":"publish","type":"product","link":"https:\/\/gravel-bikes.cc\/fr\/produkt\/sram-force-12-vitesses-kit-drsquousure\/","title":{"rendered":"SRAM Force 12 vitesses Kit d&amp;rsquo;usure"},"content":{"rendered":"<h2 class=\"product-detail-description__title\">SRAM FORCE Kit dusure &#8211; Cassette XG-1270 + Cha\u00eene | 12 vitesses | E1<\/h2>\n<div class=\"product-detail-description__content\">\n<div class=\"cms-content\">\n<p>Kit dusure avec cassette XG-1270 et cha\u00eene Flattop.<\/p>\n<p>Quelles que soient tes aspirations ou ton style de pilotage, SRAM Force est l\u00e0 pour toi. Personnalise ta transmission selon tes besoins avec 12 vitesses offertes dans une gamme de 10-28T, 10-30T, 10-33T ou 10-36T. Associe-la \u00e0 nimporte quel plateau SRAM pour la configuration de vitesses de tes r\u00eaves.  <\/p>\n<p><strong>La transmission X-Range<\/strong> t\u2019offre une plus grande plage de vitesses et une progression plus fluide, pour que tu sois toujours sur le bon rapport.<\/p>\n<p>Rev\u00eatement nickel-chrome mat pour un fonctionnement silencieux et une durabilit\u00e9 accrue.<\/p>\n<p>Construction FULL PIN pour la durabilit\u00e9 et la l\u00e9g\u00e8ret\u00e9.<\/p>\n<p>Con\u00e7ue pour fonctionner avec un corps de roue libre XDR.<\/p>\n<p>Convient aux transmissions 1&#215;12 ou 2&#215;12 vitesses et aux cha\u00eenes Road Flattop D1, Road Flattop E1.<\/p>\n<p><strong>Rapport de pignons :<\/strong><br \/>\n10-28t &#8211; 10,11,12,13,14,15,16,17,19,21,24,28<\/p>\n<p>10-30t &#8211; 10,11,12,13,14,15,17,19,21,24,27,30<\/p>\n<p>10-33t &#8211; 10,11,12,13,14,15,17,19,21,24,28,33<\/p>\n<p>10-36t &#8211; 10,11,12,13,15,17,19,21,24,28,32,36<\/p>\n<\/div>\n<\/div>\n","protected":false},"excerpt":{"rendered":"<p>SRAM FORCE Kit dusure &#8211; Cassette XG-1270 + Cha\u00eene | 12 vitesses | E1 Kit dusure avec cassette XG-1270 et cha\u00eene Flattop. Quelles que soient tes aspirations ou ton style de pilotage, SRAM Force est l\u00e0 pour toi. Personnalise ta transmission selon tes besoins avec 12 vitesses offertes dans une gamme de 10-28T, 10-30T, 10-33T [&hellip;]<\/p>\n","protected":false},"featured_media":7080,"template":"","meta":{"_et_pb_use_builder":"","_et_pb_old_content":"","_et_gb_content_width":"","om_disable_all_campaigns":false,"_monsterinsights_skip_tracking":false,"_monsterinsights_sitenote_active":false,"_monsterinsights_sitenote_note":"","_monsterinsights_sitenote_category":0},"pwb-brand":[],"product_brand":[],"product_cat":[805,756],"product_tag":[],"class_list":{"0":"post-9369","1":"product","2":"type-product","3":"status-publish","4":"has-post-thumbnail","6":"product_cat-chaine-cassettes","7":"product_cat-non-classe","9":"first","10":"instock","11":"sale","12":"taxable","13":"shipping-taxable","14":"purchasable","15":"product-type-variable"},"aioseo_notices":[],"brands":[],"_links":{"self":[{"href":"https:\/\/gravel-bikes.cc\/fr\/wp-json\/wp\/v2\/product\/9369","targetHints":{"allow":["GET"]}}],"collection":[{"href":"https:\/\/gravel-bikes.cc\/fr\/wp-json\/wp\/v2\/product"}],"about":[{"href":"https:\/\/gravel-bikes.cc\/fr\/wp-json\/wp\/v2\/types\/product"}],"wp:featuredmedia":[{"embeddable":true,"href":"https:\/\/gravel-bikes.cc\/fr\/wp-json\/wp\/v2\/media\/7080"}],"wp:attachment":[{"href":"https:\/\/gravel-bikes.cc\/fr\/wp-json\/wp\/v2\/media?parent=9369"}],"wp:term":[{"taxonomy":"pwb-brand","embeddable":true,"href":"https:\/\/gravel-bikes.cc\/fr\/wp-json\/wp\/v2\/pwb-brand?post=9369"},{"taxonomy":"product_brand","embeddable":true,"href":"https:\/\/gravel-bikes.cc\/fr\/wp-json\/wp\/v2\/product_brand?post=9369"},{"taxonomy":"product_cat","embeddable":true,"href":"https:\/\/gravel-bikes.cc\/fr\/wp-json\/wp\/v2\/product_cat?post=9369"},{"taxonomy":"product_tag","embeddable":true,"href":"https:\/\/gravel-bikes.cc\/fr\/wp-json\/wp\/v2\/product_tag?post=9369"}],"curies":[{"name":"wp","href":"https:\/\/api.w.org\/{rel}","templated":true}]}}