{"id":9371,"date":"2026-02-04T08:31:39","date_gmt":"2026-02-04T08:31:39","guid":{"rendered":"https:\/\/gravel-bikes.cc\/produkt\/selle-sq-lab-ergowave-612\/"},"modified":"2026-03-22T12:32:55","modified_gmt":"2026-03-22T12:32:55","slug":"selle-sq-lab-ergowave-612","status":"publish","type":"product","link":"https:\/\/gravel-bikes.cc\/fr\/produkt\/selle-sq-lab-ergowave-612\/","title":{"rendered":"Selle SQ LAB ERGOWAVE 612"},"content":{"rendered":"","protected":false},"excerpt":{"rendered":"<h3 class=\"h2 text-media-teaser__headline\">Arri\u00e8re sportif<\/h3>\n<div class=\"richtext text-media-teaser__text\">\n<div class=\"richtext__text-container\">L&#8217;arri\u00e8re marquant de la 612 R ERGOWAVE\u00ae stabilise la position assise et soulage les ischions. Le corps reste ainsi dans une posture optimale \u2013 id\u00e9ale pour les relances intenses, les mont\u00e9es raides et une position a\u00e9rodynamique sportive. Le r\u00e9sultat : plus d&#8217;efficacit\u00e9 et un meilleur transfert de puissance \u00e0 chaque coup de p\u00e9dale.  <\/div>\n<\/div>\n","protected":false},"featured_media":7181,"template":"","meta":{"_et_pb_use_builder":"","_et_pb_old_content":"","_et_gb_content_width":"","om_disable_all_campaigns":false,"_monsterinsights_skip_tracking":false,"_monsterinsights_sitenote_active":false,"_monsterinsights_sitenote_note":"","_monsterinsights_sitenote_category":0},"pwb-brand":[],"product_brand":[],"product_cat":[756,857],"product_tag":[],"class_list":{"0":"post-9371","1":"product","2":"type-product","3":"status-publish","4":"has-post-thumbnail","6":"product_cat-non-classe","7":"product_cat-selles","9":"first","10":"instock","11":"taxable","12":"shipping-taxable","13":"purchasable","14":"product-type-variable"},"aioseo_notices":[],"brands":[],"_links":{"self":[{"href":"https:\/\/gravel-bikes.cc\/fr\/wp-json\/wp\/v2\/product\/9371","targetHints":{"allow":["GET"]}}],"collection":[{"href":"https:\/\/gravel-bikes.cc\/fr\/wp-json\/wp\/v2\/product"}],"about":[{"href":"https:\/\/gravel-bikes.cc\/fr\/wp-json\/wp\/v2\/types\/product"}],"wp:featuredmedia":[{"embeddable":true,"href":"https:\/\/gravel-bikes.cc\/fr\/wp-json\/wp\/v2\/media\/7181"}],"wp:attachment":[{"href":"https:\/\/gravel-bikes.cc\/fr\/wp-json\/wp\/v2\/media?parent=9371"}],"wp:term":[{"taxonomy":"pwb-brand","embeddable":true,"href":"https:\/\/gravel-bikes.cc\/fr\/wp-json\/wp\/v2\/pwb-brand?post=9371"},{"taxonomy":"product_brand","embeddable":true,"href":"https:\/\/gravel-bikes.cc\/fr\/wp-json\/wp\/v2\/product_brand?post=9371"},{"taxonomy":"product_cat","embeddable":true,"href":"https:\/\/gravel-bikes.cc\/fr\/wp-json\/wp\/v2\/product_cat?post=9371"},{"taxonomy":"product_tag","embeddable":true,"href":"https:\/\/gravel-bikes.cc\/fr\/wp-json\/wp\/v2\/product_tag?post=9371"}],"curies":[{"name":"wp","href":"https:\/\/api.w.org\/{rel}","templated":true}]}}