{"id":9374,"date":"2026-02-04T08:27:09","date_gmt":"2026-02-04T08:27:09","guid":{"rendered":"https:\/\/gravel-bikes.cc\/produkt\/selle-sq-lab-ergowave-2-2-carbon\/"},"modified":"2026-02-04T08:27:09","modified_gmt":"2026-02-04T08:27:09","slug":"selle-sq-lab-ergowave-2-2-carbon","status":"publish","type":"product","link":"https:\/\/gravel-bikes.cc\/fr\/produkt\/selle-sq-lab-ergowave-2-2-carbon\/","title":{"rendered":"Selle SQ LAB ERGOWAVE 2.2 Carbon"},"content":{"rendered":"","protected":false},"excerpt":{"rendered":"<div class=\"content-section__headline-container\">\n<h3 class=\"content-section__headline\">La l\u00e9g\u00e8ret\u00e9 rencontre la performance<\/h3>\n<\/div>\n<div class=\"content-section__inner--space content-section__inner\">\n<div class=\"richtext storyblok__outline\" data-blok-c=\"undefined\" data-blok-uid=\"undefined\">\n<div class=\"richtext__text-container\">\n<p>La 612ERGOWAVE\u00ae Carbon est la selle ultime pour les comp\u00e9titeurs de route et de VTT qui ne font aucun compromis. Avec seulement 147 g, elle allie optimisation rigoureuse du poids et pr\u00e9cision ergonomique. Sa forme ondul\u00e9e et son arri\u00e8re relev\u00e9 assurent une r\u00e9partition parfaite de la pression et un maintien s\u00fbr  pour une transmission directe de la puissance et une performance maximale, m\u00eame sur de longues distances.  <\/p>\n<\/div>\n<\/div>\n<\/div>\n","protected":false},"featured_media":7154,"template":"","meta":{"_et_pb_use_builder":"","_et_pb_old_content":"","_et_gb_content_width":"","om_disable_all_campaigns":false,"_monsterinsights_skip_tracking":false,"_monsterinsights_sitenote_active":false,"_monsterinsights_sitenote_note":"","_monsterinsights_sitenote_category":0},"pwb-brand":[],"product_brand":[],"product_cat":[756,857],"product_tag":[],"class_list":{"0":"post-9374","1":"product","2":"type-product","3":"status-publish","4":"has-post-thumbnail","6":"product_cat-non-classe","7":"product_cat-selles","9":"first","10":"instock","11":"taxable","12":"shipping-taxable","13":"purchasable","14":"product-type-variable"},"aioseo_notices":[],"df_price":179,"df_sale_price":"","df_regular_price":179,"df_image_link":"https:\/\/gravel-bikes.cc\/wp-content\/uploads\/2026\/02\/sqlab.cross_.country.sattel.612.ergowave.carbon.MAIN_-300x300.webp","brands":[],"_links":{"self":[{"href":"https:\/\/gravel-bikes.cc\/fr\/wp-json\/wp\/v2\/product\/9374","targetHints":{"allow":["GET"]}}],"collection":[{"href":"https:\/\/gravel-bikes.cc\/fr\/wp-json\/wp\/v2\/product"}],"about":[{"href":"https:\/\/gravel-bikes.cc\/fr\/wp-json\/wp\/v2\/types\/product"}],"wp:featuredmedia":[{"embeddable":true,"href":"https:\/\/gravel-bikes.cc\/fr\/wp-json\/wp\/v2\/media\/7154"}],"wp:attachment":[{"href":"https:\/\/gravel-bikes.cc\/fr\/wp-json\/wp\/v2\/media?parent=9374"}],"wp:term":[{"taxonomy":"pwb-brand","embeddable":true,"href":"https:\/\/gravel-bikes.cc\/fr\/wp-json\/wp\/v2\/pwb-brand?post=9374"},{"taxonomy":"product_brand","embeddable":true,"href":"https:\/\/gravel-bikes.cc\/fr\/wp-json\/wp\/v2\/product_brand?post=9374"},{"taxonomy":"product_cat","embeddable":true,"href":"https:\/\/gravel-bikes.cc\/fr\/wp-json\/wp\/v2\/product_cat?post=9374"},{"taxonomy":"product_tag","embeddable":true,"href":"https:\/\/gravel-bikes.cc\/fr\/wp-json\/wp\/v2\/product_tag?post=9374"}],"curies":[{"name":"wp","href":"https:\/\/api.w.org\/{rel}","templated":true}]}}