{"id":9378,"date":"2026-02-04T09:15:19","date_gmt":"2026-02-04T09:15:19","guid":{"rendered":"https:\/\/gravel-bikes.cc\/produkt\/ruban-de-cintre-3t\/"},"modified":"2026-02-04T09:15:19","modified_gmt":"2026-02-04T09:15:19","slug":"ruban-de-cintre-3t","status":"publish","type":"product","link":"https:\/\/gravel-bikes.cc\/fr\/produkt\/ruban-de-cintre-3t\/","title":{"rendered":"Ruban de cintre 3T"},"content":{"rendered":"","protected":false},"excerpt":{"rendered":"<h4 class=\"title-info-product\">Description : 3T Cycling &#8211; Ruban de cintre 3T PRENDO Speed<\/h4>\n<div class=\"product-description\">\n<ul>\n<li>Con\u00e7u pour la route, ce ruban de cintre combine un mat\u00e9riau PU souple, confortable et l\u00e9ger.<\/li>\n<li>Sa finition adh\u00e9rente garantit une prise en main s\u00fbre dans toutes les conditions.<\/li>\n<li>Le motif sp\u00e9cial aux logos 3T et la finition adh\u00e9rente assurent une accroche optimale.<\/li>\n<li>Notre design textur\u00e9 aux logos 3T et le ruban de finition inclus donnent un look tr\u00e8s \u00e9l\u00e9gant \u00e0 ton poste de pilotage.<\/li>\n<li>Id\u00e9al pour ton Exploro ou une Strada ultra-confortable.<\/li>\n<\/ul>\n<\/div>\n","protected":false},"featured_media":7212,"template":"","meta":{"_et_pb_use_builder":"","_et_pb_old_content":"","_et_gb_content_width":"","om_disable_all_campaigns":false,"_monsterinsights_skip_tracking":false,"_monsterinsights_sitenote_active":false,"_monsterinsights_sitenote_note":"","_monsterinsights_sitenote_category":0},"pwb-brand":[],"product_brand":[],"product_cat":[766,743],"product_tag":[],"class_list":{"0":"post-9378","1":"product","2":"type-product","3":"status-publish","4":"has-post-thumbnail","6":"product_cat-3t","7":"product_cat-ruban-de-cintre","9":"first","10":"instock","11":"taxable","12":"shipping-taxable","13":"purchasable","14":"product-type-simple"},"aioseo_notices":[],"brands":[],"_links":{"self":[{"href":"https:\/\/gravel-bikes.cc\/fr\/wp-json\/wp\/v2\/product\/9378","targetHints":{"allow":["GET"]}}],"collection":[{"href":"https:\/\/gravel-bikes.cc\/fr\/wp-json\/wp\/v2\/product"}],"about":[{"href":"https:\/\/gravel-bikes.cc\/fr\/wp-json\/wp\/v2\/types\/product"}],"wp:featuredmedia":[{"embeddable":true,"href":"https:\/\/gravel-bikes.cc\/fr\/wp-json\/wp\/v2\/media\/7212"}],"wp:attachment":[{"href":"https:\/\/gravel-bikes.cc\/fr\/wp-json\/wp\/v2\/media?parent=9378"}],"wp:term":[{"taxonomy":"pwb-brand","embeddable":true,"href":"https:\/\/gravel-bikes.cc\/fr\/wp-json\/wp\/v2\/pwb-brand?post=9378"},{"taxonomy":"product_brand","embeddable":true,"href":"https:\/\/gravel-bikes.cc\/fr\/wp-json\/wp\/v2\/product_brand?post=9378"},{"taxonomy":"product_cat","embeddable":true,"href":"https:\/\/gravel-bikes.cc\/fr\/wp-json\/wp\/v2\/product_cat?post=9378"},{"taxonomy":"product_tag","embeddable":true,"href":"https:\/\/gravel-bikes.cc\/fr\/wp-json\/wp\/v2\/product_tag?post=9378"}],"curies":[{"name":"wp","href":"https:\/\/api.w.org\/{rel}","templated":true}]}}