{"id":9380,"date":"2026-02-04T09:23:28","date_gmt":"2026-02-04T09:23:28","guid":{"rendered":"https:\/\/gravel-bikes.cc\/produkt\/sacoche-de-selle-mwave-5l\/"},"modified":"2026-02-04T09:23:28","modified_gmt":"2026-02-04T09:23:28","slug":"sacoche-de-selle-mwave-5l","status":"publish","type":"product","link":"https:\/\/gravel-bikes.cc\/fr\/produkt\/sacoche-de-selle-mwave-5l\/","title":{"rendered":"Sacoche de selle MWAVE 5L"},"content":{"rendered":"<ul>\n<li class=\"item\">Tissu Ripstop pour une haute r\u00e9sistance aux d\u00e9chirures<\/li>\n<li class=\"item\">doublure int\u00e9rieure imperm\u00e9able<\/li>\n<li class=\"item\">fermeture par enroulement variable<\/li>\n<li class=\"item\">Transporte de gros volumes de bagages sans porte-bagages<\/li>\n<li class=\"item\">100% imperm\u00e9able<\/li>\n<li class=\"item\">Fixation par bande(s) Velcro<\/li>\n<li class=\"item\">Filet de maintien pour casques, &#8230;<\/li>\n<li class=\"item\">Boucle de fixation pour \u00e9clairage arri\u00e8re<\/li>\n<\/ul>\n","protected":false},"excerpt":{"rendered":"<p>Tissu Ripstop pour une haute r\u00e9sistance aux d\u00e9chirures doublure int\u00e9rieure imperm\u00e9able fermeture par enroulement variable Transporte de gros volumes de bagages sans porte-bagages 100% imperm\u00e9able Fixation par bande(s) Velcro Filet de maintien pour casques, &#8230; Boucle de fixation pour \u00e9clairage arri\u00e8re<\/p>\n","protected":false},"featured_media":7231,"template":"","meta":{"_et_pb_use_builder":"","_et_pb_old_content":"","_et_gb_content_width":"","om_disable_all_campaigns":false,"_monsterinsights_skip_tracking":false,"_monsterinsights_sitenote_active":false,"_monsterinsights_sitenote_note":"","_monsterinsights_sitenote_category":0},"pwb-brand":[],"product_brand":[],"product_cat":[756,848],"product_tag":[],"class_list":{"0":"post-9380","1":"product","2":"type-product","3":"status-publish","4":"has-post-thumbnail","6":"product_cat-non-classe","7":"product_cat-sacoches-de-bikepacking","9":"first","10":"instock","11":"taxable","12":"shipping-taxable","13":"product-type-simple"},"aioseo_notices":[],"brands":[],"_links":{"self":[{"href":"https:\/\/gravel-bikes.cc\/fr\/wp-json\/wp\/v2\/product\/9380","targetHints":{"allow":["GET"]}}],"collection":[{"href":"https:\/\/gravel-bikes.cc\/fr\/wp-json\/wp\/v2\/product"}],"about":[{"href":"https:\/\/gravel-bikes.cc\/fr\/wp-json\/wp\/v2\/types\/product"}],"wp:featuredmedia":[{"embeddable":true,"href":"https:\/\/gravel-bikes.cc\/fr\/wp-json\/wp\/v2\/media\/7231"}],"wp:attachment":[{"href":"https:\/\/gravel-bikes.cc\/fr\/wp-json\/wp\/v2\/media?parent=9380"}],"wp:term":[{"taxonomy":"pwb-brand","embeddable":true,"href":"https:\/\/gravel-bikes.cc\/fr\/wp-json\/wp\/v2\/pwb-brand?post=9380"},{"taxonomy":"product_brand","embeddable":true,"href":"https:\/\/gravel-bikes.cc\/fr\/wp-json\/wp\/v2\/product_brand?post=9380"},{"taxonomy":"product_cat","embeddable":true,"href":"https:\/\/gravel-bikes.cc\/fr\/wp-json\/wp\/v2\/product_cat?post=9380"},{"taxonomy":"product_tag","embeddable":true,"href":"https:\/\/gravel-bikes.cc\/fr\/wp-json\/wp\/v2\/product_tag?post=9380"}],"curies":[{"name":"wp","href":"https:\/\/api.w.org\/{rel}","templated":true}]}}