{"id":9382,"date":"2026-02-04T09:20:51","date_gmt":"2026-02-04T09:20:51","guid":{"rendered":"https:\/\/gravel-bikes.cc\/produkt\/feu-arriere-a-batterie-reco-80-link-radar\/"},"modified":"2026-02-04T09:20:51","modified_gmt":"2026-02-04T09:20:51","slug":"feu-arriere-a-batterie-reco-80-link-radar","status":"publish","type":"product","link":"https:\/\/gravel-bikes.cc\/fr\/produkt\/feu-arriere-a-batterie-reco-80-link-radar\/","title":{"rendered":"Feu arri\u00e8re \u00e0 batterie Reco 80 Link Radar"},"content":{"rendered":"<p>Feu arri\u00e8re SIGMA Reco 80 Link Radar ! Le Sigma RECO 80 Link combine un radar intelligent et un feu arri\u00e8re puissant, conforme StVZO, pour une s\u00e9curit\u00e9 maximale. Il d\u00e9tecte les v\u00e9hicules jusqu\u00e0 140m, tavertit en temps r\u00e9el et propose des feux de freinage et de freinage durgence. Id\u00e9al pour les compteurs GPS et les syst\u00e8mes d\u00e9clairage connect\u00e9s.   <\/p>\n<p>Ton bouclier de 140m\u00e8tres : le radar v\u00e9lo RECO 80 LINK ! Avec le RECO 80 LINK, tu profites dune solution 2-en-1 intelligente : un feu arri\u00e8re conforme StVZO et un radar v\u00e9lo fiable. Le syst\u00e8me d\u00e9tecte jusqu\u00e0 huit v\u00e9hicules en approche \u00e0 une distance allant jusqu\u00e0 140m\u00e8tres et tavertit via ton compteur v\u00e9lo compatible ANT+. De plus, le feu stop LED int\u00e9gr\u00e9 et le feu de freinage durgence augmentent nettement ta s\u00e9curit\u00e9 dans le trafic. Avec une port\u00e9e de 500m\u00e8tres et 15heures dautonomie en mode High, le RECO 80 LINK est le compagnon id\u00e9al pour tes longues sorties, de jour comme de nuit.    <\/p>\n<ul>\n<li>S\u00e9curit\u00e9 globale intelligente : le feu arri\u00e8re radar d\u00e9tecte jusqu\u00e0 8 v\u00e9hicules en approche \u00e0 une distance allant jusqu\u00e0 140m\u00e8tres et distingue une approche normale dune approche rapide.<\/li>\n<li>Haute visibilit\u00e9 : feu arri\u00e8re conforme StVZO avec une port\u00e9e de 500m\u00e8tres, un angle de vision de 220\u00b0 et des feux de freinage et de freinage durgence pour une s\u00e9curit\u00e9 maximale jour et nuit.<\/li>\n<li>Compatible  connect\u00e9 : se connecte via ANT+ \u00e0 tous les compteurs v\u00e9lo avec profil radar et via BLE \u00e0 lappli SIGMA RIDE pour les mises \u00e0 jour et laffichage du statut.<\/li>\n<li>Syst\u00e8me dalerte pour cyclistes  trafic : un feu davertissement puissant alerte les conducteurs, tandis que les compteurs v\u00e9lo compatibles envoient des alertes visuelles et sonores au cycliste.<\/li>\n<li>D\u00e9tection au design soign\u00e9 : un angle de faisceau de 2 x 30\u00b0 assure une d\u00e9tection fiable dans un large couloir derri\u00e8re le v\u00e9lo.<\/li>\n<li>Autonomie puissante : jusqu\u00e0 15heures dutilisation, recharge compl\u00e8te via USB-C en environ 3heures.<\/li>\n<li>Options de combinaison flexibles : compatible avec l\u00e9clairage avant SIGMA AURA 100 Link  les deux appareils peuvent \u00eatre contr\u00f4l\u00e9s avec un seul bouton pour une configuration d\u00e9clairage intelligente.<\/li>\n<li>R\u00e9sistant aux intemp\u00e9ries  montage polyvalent : protection IP67, support twist-lock robuste et adaptateurs compatibles pour tiges de selle rondes, a\u00e9ro et en forme de D.<\/li>\n<\/ul>\n","protected":false},"excerpt":{"rendered":"<p>Feu arri\u00e8re SIGMA Reco 80 Link Radar ! Le Sigma RECO 80 Link combine un radar intelligent et un feu arri\u00e8re puissant, conforme StVZO, pour une s\u00e9curit\u00e9 maximale. Il d\u00e9tecte les v\u00e9hicules jusqu\u00e0 140m, tavertit en temps r\u00e9el et propose des feux de freinage et de freinage durgence. Id\u00e9al pour les compteurs GPS et les [&hellip;]<\/p>\n","protected":false},"featured_media":7219,"template":"","meta":{"_et_pb_use_builder":"","_et_pb_old_content":"","_et_gb_content_width":""},"pwb-brand":[],"product_brand":[],"product_cat":[802,756],"product_tag":[],"class_list":{"0":"post-9382","1":"product","2":"type-product","3":"status-publish","4":"has-post-thumbnail","6":"product_cat-eclairage","7":"product_cat-non-classe","8":"product_shipping_class-petites-pieces","10":"first","11":"instock","12":"taxable","13":"shipping-taxable","14":"purchasable","15":"product-type-simple"},"aioseo_notices":[],"brands":[],"_links":{"self":[{"href":"https:\/\/gravel-bikes.cc\/fr\/wp-json\/wp\/v2\/product\/9382","targetHints":{"allow":["GET"]}}],"collection":[{"href":"https:\/\/gravel-bikes.cc\/fr\/wp-json\/wp\/v2\/product"}],"about":[{"href":"https:\/\/gravel-bikes.cc\/fr\/wp-json\/wp\/v2\/types\/product"}],"wp:featuredmedia":[{"embeddable":true,"href":"https:\/\/gravel-bikes.cc\/fr\/wp-json\/wp\/v2\/media\/7219"}],"wp:attachment":[{"href":"https:\/\/gravel-bikes.cc\/fr\/wp-json\/wp\/v2\/media?parent=9382"}],"wp:term":[{"taxonomy":"pwb-brand","embeddable":true,"href":"https:\/\/gravel-bikes.cc\/fr\/wp-json\/wp\/v2\/pwb-brand?post=9382"},{"taxonomy":"product_brand","embeddable":true,"href":"https:\/\/gravel-bikes.cc\/fr\/wp-json\/wp\/v2\/product_brand?post=9382"},{"taxonomy":"product_cat","embeddable":true,"href":"https:\/\/gravel-bikes.cc\/fr\/wp-json\/wp\/v2\/product_cat?post=9382"},{"taxonomy":"product_tag","embeddable":true,"href":"https:\/\/gravel-bikes.cc\/fr\/wp-json\/wp\/v2\/product_tag?post=9382"}],"curies":[{"name":"wp","href":"https:\/\/api.w.org\/{rel}","templated":true}]}}