{"id":9386,"date":"2026-02-04T09:30:03","date_gmt":"2026-02-04T09:30:03","guid":{"rendered":"https:\/\/gravel-bikes.cc\/produkt\/sac-de-bikepacking-mwave-11-l\/"},"modified":"2026-02-04T09:30:03","modified_gmt":"2026-02-04T09:30:03","slug":"sac-de-bikepacking-mwave-11-l","status":"publish","type":"product","link":"https:\/\/gravel-bikes.cc\/fr\/produkt\/sac-de-bikepacking-mwave-11-l\/","title":{"rendered":"Sac de bikepacking MWAVE 11&nbsp;L"},"content":{"rendered":"<ul>\n<li><strong>Couleur&nbsp;:<\/strong>Jaune n\u00e9on<\/li>\n<li><strong>Volume&nbsp;:<\/strong> 11&nbsp;litres<\/li>\n<li><strong>Hauteur&nbsp;:<\/strong> 130&nbsp;mm<\/li>\n<li><strong>Largeur\/Profondeur&nbsp;:<\/strong> 150&nbsp;mm<\/li>\n<li><strong>Longueur&nbsp;:<\/strong> 530&nbsp;mm<\/li>\n<li><strong>Mat\u00e9riau&nbsp;:<\/strong> Tissu ripstop pour une haute r\u00e9sistance \u00e0 la d\u00e9chirure, doublure int\u00e9rieure \u00e9tanche<\/li>\n<li><strong>\u00c9tanch\u00e9it\u00e9&nbsp;:<\/strong> 100&nbsp;% \u00e9tanche<\/li>\n<li><strong>R\u00e9fl\u00e9chissant&nbsp;:<\/strong> Avec impression r\u00e9fl\u00e9chissante<\/li>\n<li><strong>Type de fixation&nbsp;:<\/strong> Fixation par fermeture Velcro<\/li>\n<li><strong>D\u00e9tails&nbsp;:<\/strong> fermeture roul\u00e9e variable, transport de gros volumes de bagages sans porte-bagages<\/li>\n<li><strong>Compartiments et poches suppl\u00e9mentaires&nbsp;:<\/strong> filet de maintien pour casque, boucle de fixation pour feu arri\u00e8re, fixation suppl\u00e9mentaire possible de garde-boue, pompes, etc. sous le sac via des sangles<\/li>\n<\/ul>\n","protected":false},"excerpt":{"rendered":"<p>Couleur&nbsp;:Jaune n\u00e9on Volume&nbsp;: 11&nbsp;litres Hauteur&nbsp;: 130&nbsp;mm Largeur\/Profondeur&nbsp;: 150&nbsp;mm Longueur&nbsp;: 530&nbsp;mm Mat\u00e9riau&nbsp;: Tissu ripstop pour une haute r\u00e9sistance \u00e0 la d\u00e9chirure, doublure int\u00e9rieure \u00e9tanche \u00c9tanch\u00e9it\u00e9&nbsp;: 100&nbsp;% \u00e9tanche R\u00e9fl\u00e9chissant&nbsp;: Avec impression r\u00e9fl\u00e9chissante Type de fixation&nbsp;: Fixation par fermeture Velcro D\u00e9tails&nbsp;: fermeture roul\u00e9e variable, transport de gros volumes de bagages sans porte-bagages Compartiments et poches suppl\u00e9mentaires&nbsp;: filet de [&hellip;]<\/p>\n","protected":false},"featured_media":7237,"template":"","meta":{"_et_pb_use_builder":"","_et_pb_old_content":"","_et_gb_content_width":"","om_disable_all_campaigns":false,"_monsterinsights_skip_tracking":false,"_monsterinsights_sitenote_active":false,"_monsterinsights_sitenote_note":"","_monsterinsights_sitenote_category":0},"pwb-brand":[],"product_brand":[],"product_cat":[756,848],"product_tag":[],"class_list":{"0":"post-9386","1":"product","2":"type-product","3":"status-publish","4":"has-post-thumbnail","6":"product_cat-non-classe","7":"product_cat-sacoches-de-bikepacking","8":"product_shipping_class-petites-pieces","10":"first","11":"instock","12":"sale","13":"taxable","14":"shipping-taxable","15":"purchasable","16":"product-type-simple"},"aioseo_notices":[],"brands":[],"_links":{"self":[{"href":"https:\/\/gravel-bikes.cc\/fr\/wp-json\/wp\/v2\/product\/9386","targetHints":{"allow":["GET"]}}],"collection":[{"href":"https:\/\/gravel-bikes.cc\/fr\/wp-json\/wp\/v2\/product"}],"about":[{"href":"https:\/\/gravel-bikes.cc\/fr\/wp-json\/wp\/v2\/types\/product"}],"wp:featuredmedia":[{"embeddable":true,"href":"https:\/\/gravel-bikes.cc\/fr\/wp-json\/wp\/v2\/media\/7237"}],"wp:attachment":[{"href":"https:\/\/gravel-bikes.cc\/fr\/wp-json\/wp\/v2\/media?parent=9386"}],"wp:term":[{"taxonomy":"pwb-brand","embeddable":true,"href":"https:\/\/gravel-bikes.cc\/fr\/wp-json\/wp\/v2\/pwb-brand?post=9386"},{"taxonomy":"product_brand","embeddable":true,"href":"https:\/\/gravel-bikes.cc\/fr\/wp-json\/wp\/v2\/product_brand?post=9386"},{"taxonomy":"product_cat","embeddable":true,"href":"https:\/\/gravel-bikes.cc\/fr\/wp-json\/wp\/v2\/product_cat?post=9386"},{"taxonomy":"product_tag","embeddable":true,"href":"https:\/\/gravel-bikes.cc\/fr\/wp-json\/wp\/v2\/product_tag?post=9386"}],"curies":[{"name":"wp","href":"https:\/\/api.w.org\/{rel}","templated":true}]}}