{"id":9389,"date":"2026-02-04T09:49:58","date_gmt":"2026-02-04T09:49:58","guid":{"rendered":"https:\/\/gravel-bikes.cc\/produkt\/sacoche-de-fourche-mwave\/"},"modified":"2026-02-04T09:49:58","modified_gmt":"2026-02-04T09:49:58","slug":"sacoche-de-fourche-mwave","status":"publish","type":"product","link":"https:\/\/gravel-bikes.cc\/fr\/produkt\/sacoche-de-fourche-mwave\/","title":{"rendered":"Sacoche de fourche MWAVE"},"content":{"rendered":"<ul>\n<li>Fermeture par enroulement variable<\/li>\n<li>Particuli\u00e8rement robuste et de haute qualit\u00e9<\/li>\n<li>Facilement amovible<\/li>\n<li>Sangles et boucles pour fixer bagages, \u00e9clairages, garde-boue, etc.<\/li>\n<li>Mat\u00e9riau ultra-durable avec coutures soud\u00e9es<\/li>\n<li>R\u00e9sistant aux projections deau<\/li>\n<\/ul>\n","protected":false},"excerpt":{"rendered":"<p>Fermeture par enroulement variable Particuli\u00e8rement robuste et de haute qualit\u00e9 Facilement amovible Sangles et boucles pour fixer bagages, \u00e9clairages, garde-boue, etc. Mat\u00e9riau ultra-durable avec coutures soud\u00e9es R\u00e9sistant aux projections deau<\/p>\n","protected":false},"featured_media":7268,"template":"","meta":{"_et_pb_use_builder":"","_et_pb_old_content":"","_et_gb_content_width":"","om_disable_all_campaigns":false,"_monsterinsights_skip_tracking":false,"_monsterinsights_sitenote_active":false,"_monsterinsights_sitenote_note":"","_monsterinsights_sitenote_category":0},"pwb-brand":[],"product_brand":[],"product_cat":[756,848],"product_tag":[],"class_list":{"0":"post-9389","1":"product","2":"type-product","3":"status-publish","4":"has-post-thumbnail","6":"product_cat-non-classe","7":"product_cat-sacoches-de-bikepacking","9":"first","10":"instock","11":"taxable","12":"shipping-taxable","13":"purchasable","14":"product-type-simple"},"aioseo_notices":[],"brands":[],"_links":{"self":[{"href":"https:\/\/gravel-bikes.cc\/fr\/wp-json\/wp\/v2\/product\/9389","targetHints":{"allow":["GET"]}}],"collection":[{"href":"https:\/\/gravel-bikes.cc\/fr\/wp-json\/wp\/v2\/product"}],"about":[{"href":"https:\/\/gravel-bikes.cc\/fr\/wp-json\/wp\/v2\/types\/product"}],"wp:featuredmedia":[{"embeddable":true,"href":"https:\/\/gravel-bikes.cc\/fr\/wp-json\/wp\/v2\/media\/7268"}],"wp:attachment":[{"href":"https:\/\/gravel-bikes.cc\/fr\/wp-json\/wp\/v2\/media?parent=9389"}],"wp:term":[{"taxonomy":"pwb-brand","embeddable":true,"href":"https:\/\/gravel-bikes.cc\/fr\/wp-json\/wp\/v2\/pwb-brand?post=9389"},{"taxonomy":"product_brand","embeddable":true,"href":"https:\/\/gravel-bikes.cc\/fr\/wp-json\/wp\/v2\/product_brand?post=9389"},{"taxonomy":"product_cat","embeddable":true,"href":"https:\/\/gravel-bikes.cc\/fr\/wp-json\/wp\/v2\/product_cat?post=9389"},{"taxonomy":"product_tag","embeddable":true,"href":"https:\/\/gravel-bikes.cc\/fr\/wp-json\/wp\/v2\/product_tag?post=9389"}],"curies":[{"name":"wp","href":"https:\/\/api.w.org\/{rel}","templated":true}]}}