{"id":9392,"date":"2026-02-07T07:50:35","date_gmt":"2026-02-07T07:50:35","guid":{"rendered":"https:\/\/gravel-bikes.cc\/produkt\/derailleur-avant-shimano-grx-812\/"},"modified":"2026-02-07T07:50:35","modified_gmt":"2026-02-07T07:50:35","slug":"derailleur-avant-shimano-grx-812","status":"publish","type":"product","link":"https:\/\/gravel-bikes.cc\/fr\/produkt\/derailleur-avant-shimano-grx-812\/","title":{"rendered":"D\u00e9railleur avant SHIMANO GRX 812"},"content":{"rendered":"<p>D\u00c9RAILLEUR AVANT, FD-RX810,<\/p>\n<p>GRX, POUR 11 VITESSES ARRI\u00c8RE,<\/p>\n<p>DOWN-SWING, TIRAGE BAS,<\/p>\n<p>TYPE BRAS\u00c9,<\/p>\n<p>ANGLE CS : 61-66,<\/p>\n<p>POUR PLATEAU MAX : 46-50T,<\/p>\n<p>CL : 46 MM, EMBALLAGE IND.<\/p>\n","protected":false},"excerpt":{"rendered":"<p>D\u00c9RAILLEUR AVANT, FD-RX810, GRX, POUR 11 VITESSES ARRI\u00c8RE, DOWN-SWING, TIRAGE BAS, TYPE BRAS\u00c9, ANGLE CS : 61-66, POUR PLATEAU MAX : 46-50T, CL : 46 MM, EMBALLAGE IND.<\/p>\n","protected":false},"featured_media":0,"template":"","meta":{"_et_pb_use_builder":"","_et_pb_old_content":"","_et_gb_content_width":"","om_disable_all_campaigns":false,"_monsterinsights_skip_tracking":false,"_monsterinsights_sitenote_active":false,"_monsterinsights_sitenote_note":"","_monsterinsights_sitenote_category":0},"pwb-brand":[],"product_brand":[],"product_cat":[771],"product_tag":[],"class_list":{"0":"post-9392","1":"product","2":"type-product","3":"status-publish","5":"product_cat-shimano-fd","7":"first","8":"instock","9":"taxable","10":"shipping-taxable","11":"product-type-simple"},"aioseo_notices":[],"df_price":"","df_sale_price":"","df_regular_price":"","df_image_link":"https:\/\/gravel-bikes.cc\/wp-content\/uploads\/woocommerce-placeholder-300x300.webp","brands":[],"_links":{"self":[{"href":"https:\/\/gravel-bikes.cc\/fr\/wp-json\/wp\/v2\/product\/9392","targetHints":{"allow":["GET"]}}],"collection":[{"href":"https:\/\/gravel-bikes.cc\/fr\/wp-json\/wp\/v2\/product"}],"about":[{"href":"https:\/\/gravel-bikes.cc\/fr\/wp-json\/wp\/v2\/types\/product"}],"wp:attachment":[{"href":"https:\/\/gravel-bikes.cc\/fr\/wp-json\/wp\/v2\/media?parent=9392"}],"wp:term":[{"taxonomy":"pwb-brand","embeddable":true,"href":"https:\/\/gravel-bikes.cc\/fr\/wp-json\/wp\/v2\/pwb-brand?post=9392"},{"taxonomy":"product_brand","embeddable":true,"href":"https:\/\/gravel-bikes.cc\/fr\/wp-json\/wp\/v2\/product_brand?post=9392"},{"taxonomy":"product_cat","embeddable":true,"href":"https:\/\/gravel-bikes.cc\/fr\/wp-json\/wp\/v2\/product_cat?post=9392"},{"taxonomy":"product_tag","embeddable":true,"href":"https:\/\/gravel-bikes.cc\/fr\/wp-json\/wp\/v2\/product_tag?post=9392"}],"curies":[{"name":"wp","href":"https:\/\/api.w.org\/{rel}","templated":true}]}}