{"id":9396,"date":"2026-02-07T07:29:43","date_gmt":"2026-02-07T07:29:43","guid":{"rendered":"https:\/\/gravel-bikes.cc\/produkt\/shimano-grx-400-10v-frein-a-disque-sti-arriere-droit\/"},"modified":"2026-02-07T07:29:43","modified_gmt":"2026-02-07T07:29:43","slug":"shimano-grx-400-10v-frein-a-disque-sti-arriere-droit","status":"publish","type":"product","link":"https:\/\/gravel-bikes.cc\/fr\/produkt\/shimano-grx-400-10v-frein-a-disque-sti-arriere-droit\/","title":{"rendered":"SHIMANO GRX-400 10v Frein \u00e0 disque STI arri\u00e8re droit"},"content":{"rendered":"<p>ENSEMBLE FREIN \u00c0 DISQUE ASSEMBL\u00c9\/J-kit DIRECT<\/p>\n<p>ST-RX400(R)<\/p>\n<p>BR-RX400(R) POUR MONTAGE 25 MM<\/p>\n<p>R\u00c9SINE (AVEC AILETTES)<\/p>\n<p>C\u00c2BLE INTERNE SL 2 200 MM<\/p>\n<p>DURITE 1 700 MM (SM-BH90 NOIR)<\/p>\n<p>OT-SP41 600\/300 MM<\/p>\n<p>EMB. INDIVIDUEL<\/p>\n","protected":false},"excerpt":{"rendered":"<p>ENSEMBLE FREIN \u00c0 DISQUE ASSEMBL\u00c9\/J-kit DIRECT ST-RX400(R) BR-RX400(R) POUR MONTAGE 25 MM R\u00c9SINE (AVEC AILETTES) C\u00c2BLE INTERNE SL 2 200 MM DURITE 1 700 MM (SM-BH90 NOIR) OT-SP41 600\/300 MM EMB. INDIVIDUEL<\/p>\n","protected":false},"featured_media":7396,"template":"","meta":{"_et_pb_use_builder":"","_et_pb_old_content":"","_et_gb_content_width":"","om_disable_all_campaigns":false,"_monsterinsights_skip_tracking":false,"_monsterinsights_sitenote_active":false,"_monsterinsights_sitenote_note":"","_monsterinsights_sitenote_category":0},"pwb-brand":[],"product_brand":[],"product_cat":[858,756],"product_tag":[],"class_list":{"0":"post-9396","1":"product","2":"type-product","3":"status-publish","4":"has-post-thumbnail","6":"product_cat-leviers-sti","7":"product_cat-non-classe","8":"product_shipping_class-petites-pieces","10":"first","11":"instock","12":"sale","13":"taxable","14":"shipping-taxable","15":"purchasable","16":"product-type-simple"},"aioseo_notices":[],"df_price":189,"df_sale_price":189,"df_regular_price":244,"df_image_link":"https:\/\/gravel-bikes.cc\/wp-content\/uploads\/2026\/02\/392242_0-300x300.jpg","brands":[],"_links":{"self":[{"href":"https:\/\/gravel-bikes.cc\/fr\/wp-json\/wp\/v2\/product\/9396","targetHints":{"allow":["GET"]}}],"collection":[{"href":"https:\/\/gravel-bikes.cc\/fr\/wp-json\/wp\/v2\/product"}],"about":[{"href":"https:\/\/gravel-bikes.cc\/fr\/wp-json\/wp\/v2\/types\/product"}],"wp:featuredmedia":[{"embeddable":true,"href":"https:\/\/gravel-bikes.cc\/fr\/wp-json\/wp\/v2\/media\/7396"}],"wp:attachment":[{"href":"https:\/\/gravel-bikes.cc\/fr\/wp-json\/wp\/v2\/media?parent=9396"}],"wp:term":[{"taxonomy":"pwb-brand","embeddable":true,"href":"https:\/\/gravel-bikes.cc\/fr\/wp-json\/wp\/v2\/pwb-brand?post=9396"},{"taxonomy":"product_brand","embeddable":true,"href":"https:\/\/gravel-bikes.cc\/fr\/wp-json\/wp\/v2\/product_brand?post=9396"},{"taxonomy":"product_cat","embeddable":true,"href":"https:\/\/gravel-bikes.cc\/fr\/wp-json\/wp\/v2\/product_cat?post=9396"},{"taxonomy":"product_tag","embeddable":true,"href":"https:\/\/gravel-bikes.cc\/fr\/wp-json\/wp\/v2\/product_tag?post=9396"}],"curies":[{"name":"wp","href":"https:\/\/api.w.org\/{rel}","templated":true}]}}