{"id":9400,"date":"2026-02-07T07:18:34","date_gmt":"2026-02-07T07:18:34","guid":{"rendered":"https:\/\/gravel-bikes.cc\/produkt\/shimano-grx-400-2-vit-frein-a-disque-sti-avant-gauche\/"},"modified":"2026-02-07T07:18:34","modified_gmt":"2026-02-07T07:18:34","slug":"shimano-grx-400-2-vit-frein-a-disque-sti-avant-gauche","status":"publish","type":"product","link":"https:\/\/gravel-bikes.cc\/fr\/produkt\/shimano-grx-400-2-vit-frein-a-disque-sti-avant-gauche\/","title":{"rendered":"SHIMANO GRX-400 2 vit. Frein \u00e0 disque STI avant gauche"},"content":{"rendered":"<p>KIT FREIN \u00c0 DISQUE MONT\u00c9 SET\/J-kit DIRECT<\/p>\n<p>ST-RX400(L)<\/p>\n<p>BR-RX400(F) POUR DISQUE 160 MM<\/p>\n<p>R\u00c9SINE (AVEC AILETTES)<\/p>\n<p>C\u00c2BLE INT\u00c9RIEUR SL 1 800 MM<\/p>\n<p>DURITE 1 000 MM (SM-BH90 NOIR)<\/p>\n<p>OT-SP41 600 MM<\/p>\n<p>EMBALLAGE INDIV.<\/p>\n","protected":false},"excerpt":{"rendered":"<p>KIT FREIN \u00c0 DISQUE MONT\u00c9 SET\/J-kit DIRECT ST-RX400(L) BR-RX400(F) POUR DISQUE 160 MM R\u00c9SINE (AVEC AILETTES) C\u00c2BLE INT\u00c9RIEUR SL 1 800 MM DURITE 1 000 MM (SM-BH90 NOIR) OT-SP41 600 MM EMBALLAGE INDIV.<\/p>\n","protected":false},"featured_media":7390,"template":"","meta":{"_et_pb_use_builder":"","_et_pb_old_content":"","_et_gb_content_width":"","om_disable_all_campaigns":false,"_monsterinsights_skip_tracking":false,"_monsterinsights_sitenote_active":false,"_monsterinsights_sitenote_note":"","_monsterinsights_sitenote_category":0},"pwb-brand":[],"product_brand":[],"product_cat":[858],"product_tag":[861],"class_list":{"0":"post-9400","1":"product","2":"type-product","3":"status-publish","4":"has-post-thumbnail","6":"product_cat-leviers-sti","7":"product_tag-shimano-grx-400","8":"product_shipping_class-petites-pieces","10":"first","11":"instock","12":"sale","13":"taxable","14":"shipping-taxable","15":"purchasable","16":"product-type-simple"},"aioseo_notices":[],"df_price":189,"df_sale_price":189,"df_regular_price":244,"df_image_link":"https:\/\/gravel-bikes.cc\/wp-content\/uploads\/2026\/02\/392243_0-300x300.jpg","brands":[],"_links":{"self":[{"href":"https:\/\/gravel-bikes.cc\/fr\/wp-json\/wp\/v2\/product\/9400","targetHints":{"allow":["GET"]}}],"collection":[{"href":"https:\/\/gravel-bikes.cc\/fr\/wp-json\/wp\/v2\/product"}],"about":[{"href":"https:\/\/gravel-bikes.cc\/fr\/wp-json\/wp\/v2\/types\/product"}],"wp:featuredmedia":[{"embeddable":true,"href":"https:\/\/gravel-bikes.cc\/fr\/wp-json\/wp\/v2\/media\/7390"}],"wp:attachment":[{"href":"https:\/\/gravel-bikes.cc\/fr\/wp-json\/wp\/v2\/media?parent=9400"}],"wp:term":[{"taxonomy":"pwb-brand","embeddable":true,"href":"https:\/\/gravel-bikes.cc\/fr\/wp-json\/wp\/v2\/pwb-brand?post=9400"},{"taxonomy":"product_brand","embeddable":true,"href":"https:\/\/gravel-bikes.cc\/fr\/wp-json\/wp\/v2\/product_brand?post=9400"},{"taxonomy":"product_cat","embeddable":true,"href":"https:\/\/gravel-bikes.cc\/fr\/wp-json\/wp\/v2\/product_cat?post=9400"},{"taxonomy":"product_tag","embeddable":true,"href":"https:\/\/gravel-bikes.cc\/fr\/wp-json\/wp\/v2\/product_tag?post=9400"}],"curies":[{"name":"wp","href":"https:\/\/api.w.org\/{rel}","templated":true}]}}