{"id":9402,"date":"2026-02-07T07:11:15","date_gmt":"2026-02-07T07:11:15","guid":{"rendered":"https:\/\/gravel-bikes.cc\/produkt\/derailleur-avant-shimano-grx-400-2-x-10-vitesses\/"},"modified":"2026-02-07T07:11:15","modified_gmt":"2026-02-07T07:11:15","slug":"derailleur-avant-shimano-grx-400-2-x-10-vitesses","status":"publish","type":"product","link":"https:\/\/gravel-bikes.cc\/fr\/produkt\/derailleur-avant-shimano-grx-400-2-x-10-vitesses\/","title":{"rendered":"D\u00e9railleur avant SHIMANO GRX 400 2 x 10 vitesses"},"content":{"rendered":"<p>D\u00c9RAILLEUR AVANT, FD-RX400,<\/p>\n<p>GRX, POUR ARRI\u00c8RE 10 VITESSES,<\/p>\n<p>DOWN-SWING, TIRAGE BAS,<\/p>\n<p>TYPE BRAS\u00c9,<\/p>\n<p>ANGLE CS : 61-66,<\/p>\n<p>POUR PLATEAU MAX : 46T,<\/p>\n<p>CL : 46 MM, EMBALLAGE INDIVIDUEL<\/p>\n","protected":false},"excerpt":{"rendered":"<p>D\u00c9RAILLEUR AVANT, FD-RX400, GRX, POUR ARRI\u00c8RE 10 VITESSES, DOWN-SWING, TIRAGE BAS, TYPE BRAS\u00c9, ANGLE CS : 61-66, POUR PLATEAU MAX : 46T, CL : 46 MM, EMBALLAGE INDIVIDUEL<\/p>\n","protected":false},"featured_media":7384,"template":"","meta":{"_et_pb_use_builder":"","_et_pb_old_content":"","_et_gb_content_width":"","om_disable_all_campaigns":false,"_monsterinsights_skip_tracking":false,"_monsterinsights_sitenote_active":false,"_monsterinsights_sitenote_note":"","_monsterinsights_sitenote_category":0},"pwb-brand":[],"product_brand":[],"product_cat":[756],"product_tag":[],"class_list":{"0":"post-9402","1":"product","2":"type-product","3":"status-publish","4":"has-post-thumbnail","6":"product_cat-non-classe","7":"product_shipping_class-petites-pieces","9":"first","10":"instock","11":"sale","12":"taxable","13":"shipping-taxable","14":"purchasable","15":"product-type-simple"},"aioseo_notices":[],"brands":[],"_links":{"self":[{"href":"https:\/\/gravel-bikes.cc\/fr\/wp-json\/wp\/v2\/product\/9402","targetHints":{"allow":["GET"]}}],"collection":[{"href":"https:\/\/gravel-bikes.cc\/fr\/wp-json\/wp\/v2\/product"}],"about":[{"href":"https:\/\/gravel-bikes.cc\/fr\/wp-json\/wp\/v2\/types\/product"}],"wp:featuredmedia":[{"embeddable":true,"href":"https:\/\/gravel-bikes.cc\/fr\/wp-json\/wp\/v2\/media\/7384"}],"wp:attachment":[{"href":"https:\/\/gravel-bikes.cc\/fr\/wp-json\/wp\/v2\/media?parent=9402"}],"wp:term":[{"taxonomy":"pwb-brand","embeddable":true,"href":"https:\/\/gravel-bikes.cc\/fr\/wp-json\/wp\/v2\/pwb-brand?post=9402"},{"taxonomy":"product_brand","embeddable":true,"href":"https:\/\/gravel-bikes.cc\/fr\/wp-json\/wp\/v2\/product_brand?post=9402"},{"taxonomy":"product_cat","embeddable":true,"href":"https:\/\/gravel-bikes.cc\/fr\/wp-json\/wp\/v2\/product_cat?post=9402"},{"taxonomy":"product_tag","embeddable":true,"href":"https:\/\/gravel-bikes.cc\/fr\/wp-json\/wp\/v2\/product_tag?post=9402"}],"curies":[{"name":"wp","href":"https:\/\/api.w.org\/{rel}","templated":true}]}}