{"id":9404,"date":"2026-02-07T07:06:36","date_gmt":"2026-02-07T07:06:36","guid":{"rendered":"https:\/\/gravel-bikes.cc\/produkt\/derailleur-arriere-shimano-grx-400-2-x-10-vitesses\/"},"modified":"2026-02-07T07:06:36","modified_gmt":"2026-02-07T07:06:36","slug":"derailleur-arriere-shimano-grx-400-2-x-10-vitesses","status":"publish","type":"product","link":"https:\/\/gravel-bikes.cc\/fr\/produkt\/derailleur-arriere-shimano-grx-400-2-x-10-vitesses\/","title":{"rendered":"D\u00e9railleur arri\u00e8re SHIMANO GRX 400 2 x 10 vitesses"},"content":{"rendered":"<p>D\u00c9RAILLEUR ARRI\u00c8RE,<\/p>\n<p>RD-RX400,<\/p>\n<p>GRX, 10 VITESSES,<\/p>\n<p>TOP NORMAL,<\/p>\n<p>SHADOW PLUS DESIGN,<\/p>\n<p>FIXATION DIRECTE,<\/p>\n<p>AVEC OT-RS900 (NOIR) 240 MM X1,<\/p>\n<p>CAPUCHON LONG X1, EMBALLAGE INDIVIDUEL<\/p>\n","protected":false},"excerpt":{"rendered":"<p>D\u00c9RAILLEUR ARRI\u00c8RE, RD-RX400, GRX, 10 VITESSES, TOP NORMAL, SHADOW PLUS DESIGN, FIXATION DIRECTE, AVEC OT-RS900 (NOIR) 240 MM X1, CAPUCHON LONG X1, EMBALLAGE INDIVIDUEL<\/p>\n","protected":false},"featured_media":7378,"template":"","meta":{"_et_pb_use_builder":"","_et_pb_old_content":"","_et_gb_content_width":"","om_disable_all_campaigns":false,"_monsterinsights_skip_tracking":false,"_monsterinsights_sitenote_active":false,"_monsterinsights_sitenote_note":"","_monsterinsights_sitenote_category":0},"pwb-brand":[],"product_brand":[],"product_cat":[755],"product_tag":[],"class_list":{"0":"post-9404","1":"product","2":"type-product","3":"status-publish","4":"has-post-thumbnail","6":"product_cat-derailleur-arriere-shimano","7":"product_shipping_class-petites-pieces","9":"first","10":"instock","11":"sale","12":"taxable","13":"shipping-taxable","14":"purchasable","15":"product-type-simple"},"aioseo_notices":[],"df_price":59,"df_sale_price":59,"df_regular_price":75.9,"df_image_link":"https:\/\/gravel-bikes.cc\/wp-content\/uploads\/2026\/02\/shopping-1-300x265.webp","brands":[],"_links":{"self":[{"href":"https:\/\/gravel-bikes.cc\/fr\/wp-json\/wp\/v2\/product\/9404","targetHints":{"allow":["GET"]}}],"collection":[{"href":"https:\/\/gravel-bikes.cc\/fr\/wp-json\/wp\/v2\/product"}],"about":[{"href":"https:\/\/gravel-bikes.cc\/fr\/wp-json\/wp\/v2\/types\/product"}],"wp:featuredmedia":[{"embeddable":true,"href":"https:\/\/gravel-bikes.cc\/fr\/wp-json\/wp\/v2\/media\/7378"}],"wp:attachment":[{"href":"https:\/\/gravel-bikes.cc\/fr\/wp-json\/wp\/v2\/media?parent=9404"}],"wp:term":[{"taxonomy":"pwb-brand","embeddable":true,"href":"https:\/\/gravel-bikes.cc\/fr\/wp-json\/wp\/v2\/pwb-brand?post=9404"},{"taxonomy":"product_brand","embeddable":true,"href":"https:\/\/gravel-bikes.cc\/fr\/wp-json\/wp\/v2\/product_brand?post=9404"},{"taxonomy":"product_cat","embeddable":true,"href":"https:\/\/gravel-bikes.cc\/fr\/wp-json\/wp\/v2\/product_cat?post=9404"},{"taxonomy":"product_tag","embeddable":true,"href":"https:\/\/gravel-bikes.cc\/fr\/wp-json\/wp\/v2\/product_tag?post=9404"}],"curies":[{"name":"wp","href":"https:\/\/api.w.org\/{rel}","templated":true}]}}