{"id":9410,"date":"2025-12-23T10:36:06","date_gmt":"2025-12-23T10:36:06","guid":{"rendered":"https:\/\/gravel-bikes.cc\/produkt\/enve-ses-6-7\/"},"modified":"2025-12-23T10:36:06","modified_gmt":"2025-12-23T10:36:06","slug":"enve-ses-6-7","status":"publish","type":"product","link":"https:\/\/gravel-bikes.cc\/fr\/produkt\/enve-ses-6-7\/","title":{"rendered":"ENVE SES 6.7"},"content":{"rendered":"","protected":false},"excerpt":{"rendered":"<p>LENVE 45 est une roue de route en carbone r\u00e9solument moderne. Que tu sois un comp\u00e9titeur, un adepte des efforts solitaires intenses, ou un explorateur de routes oubli\u00e9es, elle toffrira les propri\u00e9t\u00e9s dynamiques essentielles au cycliste moderne. <\/p>\n","protected":false},"featured_media":508,"template":"","meta":{"_et_pb_use_builder":"","_et_pb_old_content":"","_et_gb_content_width":"","om_disable_all_campaigns":false,"_monsterinsights_skip_tracking":false,"_monsterinsights_sitenote_active":false,"_monsterinsights_sitenote_note":"","_monsterinsights_sitenote_category":0},"pwb-brand":[],"product_brand":[],"product_cat":[756,747],"product_tag":[],"class_list":{"0":"post-9410","1":"product","2":"type-product","3":"status-publish","4":"has-post-thumbnail","6":"product_cat-non-classe","7":"product_cat-roues","9":"first","10":"instock","11":"taxable","12":"shipping-taxable","13":"purchasable","14":"product-type-variable"},"aioseo_notices":[],"df_price":1990,"df_sale_price":"","df_regular_price":1990,"df_image_link":"https:\/\/gravel-bikes.cc\/wp-content\/uploads\/2025\/12\/SES_6.7_Rear_Side-300x225.webp","brands":[],"_links":{"self":[{"href":"https:\/\/gravel-bikes.cc\/fr\/wp-json\/wp\/v2\/product\/9410","targetHints":{"allow":["GET"]}}],"collection":[{"href":"https:\/\/gravel-bikes.cc\/fr\/wp-json\/wp\/v2\/product"}],"about":[{"href":"https:\/\/gravel-bikes.cc\/fr\/wp-json\/wp\/v2\/types\/product"}],"wp:featuredmedia":[{"embeddable":true,"href":"https:\/\/gravel-bikes.cc\/fr\/wp-json\/wp\/v2\/media\/508"}],"wp:attachment":[{"href":"https:\/\/gravel-bikes.cc\/fr\/wp-json\/wp\/v2\/media?parent=9410"}],"wp:term":[{"taxonomy":"pwb-brand","embeddable":true,"href":"https:\/\/gravel-bikes.cc\/fr\/wp-json\/wp\/v2\/pwb-brand?post=9410"},{"taxonomy":"product_brand","embeddable":true,"href":"https:\/\/gravel-bikes.cc\/fr\/wp-json\/wp\/v2\/product_brand?post=9410"},{"taxonomy":"product_cat","embeddable":true,"href":"https:\/\/gravel-bikes.cc\/fr\/wp-json\/wp\/v2\/product_cat?post=9410"},{"taxonomy":"product_tag","embeddable":true,"href":"https:\/\/gravel-bikes.cc\/fr\/wp-json\/wp\/v2\/product_tag?post=9410"}],"curies":[{"name":"wp","href":"https:\/\/api.w.org\/{rel}","templated":true}]}}