{"id":9411,"date":"2025-12-13T17:14:38","date_gmt":"2025-12-13T17:14:38","guid":{"rendered":"https:\/\/gravel-bikes.cc\/produkt\/teravail-cannonball-700c-47-mm\/"},"modified":"2025-12-13T17:14:38","modified_gmt":"2025-12-13T17:14:38","slug":"teravail-cannonball-700c-47-mm","status":"publish","type":"product","link":"https:\/\/gravel-bikes.cc\/fr\/produkt\/teravail-cannonball-700c-47-mm\/","title":{"rendered":"Teravail Cannonball 700c\/47 mm"},"content":{"rendered":"<p>Teravail, de Minneapolis, est sp\u00e9cialiste des pneus gravel. Comme son nom lindique, Teravail veut offrir aux riders des possibilit\u00e9s tous terrains. La gamme reste simple pour que tu naies pas \u00e0 te demander quel pneu, avec quelles sp\u00e9cifications, est le meilleur. Moins de d\u00e9cisions = plus de temps sur ton v\u00e9lo.   <\/p>\n<p>Le Cannonball a \u00e9t\u00e9 con\u00e7u comme un pneu de course gravel haut de gamme. Le profil directionnel et serr\u00e9 au centre r\u00e9duit efficacement la r\u00e9sistance au roulement, tandis que les crampons lat\u00e9raux augmentent ladh\u00e9rence en virage. Le motif en losanges de la bande de roulement centrale est sp\u00e9cialement optimis\u00e9 pour rouler sur le gravel et \u00e9vacue la boue et les r\u00e9sidus de gravier.  <\/p>\n<p><em>Compatibilit\u00e9 avec le liquide pr\u00e9ventif<\/em><br \/>\nTeravail a test\u00e9 tous ses pneus pour la compatibilit\u00e9 avec les liquides pr\u00e9ventifs Finish Line, Orange Seal, Stans, Slime, Continental et Hutchinson.<\/p>\n<p><em>L\u00e9ger et souple<\/em><br \/>\nQuand une protection anti-crevaison suppl\u00e9mentaire n\u2019est pas n\u00e9cessaire, la carcasse l\u00e9g\u00e8re et souple offre un poids r\u00e9duit et une conduite confortable, ultra-fluide, \u00e0 plus basse pression.<\/p>\n<p>donn\u00e9es techniques :<\/p>\n<p>Type de pneu : pneu pliant<br \/>\nUsage : gravel, randonn\u00e9e, cyclo-cross<br \/>\nTaille (pouces) : 28 | 700 x 47C<br \/>\nTaille (ETRTO) : 47 &#8211; 622<br \/>\nConstruction : Light, Tubeless Ready<br \/>\nGomme : light  supple<br \/>\nCarcasse : 60 TPI<br \/>\nCompatible tubeless : oui<br \/>\nCompatibilit\u00e9 VAE : n\/a<br \/>\nProfil : pneu de course gravel<br \/>\nPression recommand\u00e9e : 2,8 &#8211; 4,8 bar (40 &#8211; 70 PSI)<br \/>\nLargeur de jante recommand\u00e9e : 17 &#8211; 27 mm<br \/>\nCharge maximale (par pneu) : sans limite<br \/>\nCouleur : noir<\/p>\n<p>Poids selon le fabricant : 645 g<br \/>\nPoids mesur\u00e9 : 619 g<\/p>\n","protected":false},"excerpt":{"rendered":"<p>Teravail, de Minneapolis, est sp\u00e9cialiste des pneus gravel. Comme son nom lindique, Teravail veut offrir aux riders des possibilit\u00e9s tous terrains. La gamme reste simple pour que tu naies pas \u00e0 te demander quel pneu, avec quelles sp\u00e9cifications, est le meilleur. Moins de d\u00e9cisions = plus de temps sur ton v\u00e9lo. Le Cannonball a \u00e9t\u00e9 [&hellip;]<\/p>\n","protected":false},"featured_media":721,"template":"","meta":{"_et_pb_use_builder":"","_et_pb_old_content":"","_et_gb_content_width":"","om_disable_all_campaigns":false,"_monsterinsights_skip_tracking":false,"_monsterinsights_sitenote_active":false,"_monsterinsights_sitenote_note":"","_monsterinsights_sitenote_category":0},"pwb-brand":[],"product_brand":[],"product_cat":[764],"product_tag":[767,862],"class_list":{"0":"post-9411","1":"product","2":"type-product","3":"status-publish","4":"has-post-thumbnail","6":"product_cat-pneus","7":"product_tag-hamburg-gravel","8":"product_tag-pneus-teravail","10":"first","11":"instock","12":"taxable","13":"shipping-taxable","14":"product-type-simple"},"aioseo_notices":[],"brands":[],"_links":{"self":[{"href":"https:\/\/gravel-bikes.cc\/fr\/wp-json\/wp\/v2\/product\/9411","targetHints":{"allow":["GET"]}}],"collection":[{"href":"https:\/\/gravel-bikes.cc\/fr\/wp-json\/wp\/v2\/product"}],"about":[{"href":"https:\/\/gravel-bikes.cc\/fr\/wp-json\/wp\/v2\/types\/product"}],"wp:featuredmedia":[{"embeddable":true,"href":"https:\/\/gravel-bikes.cc\/fr\/wp-json\/wp\/v2\/media\/721"}],"wp:attachment":[{"href":"https:\/\/gravel-bikes.cc\/fr\/wp-json\/wp\/v2\/media?parent=9411"}],"wp:term":[{"taxonomy":"pwb-brand","embeddable":true,"href":"https:\/\/gravel-bikes.cc\/fr\/wp-json\/wp\/v2\/pwb-brand?post=9411"},{"taxonomy":"product_brand","embeddable":true,"href":"https:\/\/gravel-bikes.cc\/fr\/wp-json\/wp\/v2\/product_brand?post=9411"},{"taxonomy":"product_cat","embeddable":true,"href":"https:\/\/gravel-bikes.cc\/fr\/wp-json\/wp\/v2\/product_cat?post=9411"},{"taxonomy":"product_tag","embeddable":true,"href":"https:\/\/gravel-bikes.cc\/fr\/wp-json\/wp\/v2\/product_tag?post=9411"}],"curies":[{"name":"wp","href":"https:\/\/api.w.org\/{rel}","templated":true}]}}