{"id":9436,"date":"2025-12-12T19:49:45","date_gmt":"2025-12-12T19:49:45","guid":{"rendered":"https:\/\/gravel-bikes.cc\/produkt\/maillot-thermique-ml-maap-training-femme-noir\/"},"modified":"2025-12-12T19:49:45","modified_gmt":"2025-12-12T19:49:45","slug":"maillot-thermique-ml-maap-training-femme-noir","status":"publish","type":"product","link":"https:\/\/gravel-bikes.cc\/fr\/produkt\/maillot-thermique-ml-maap-training-femme-noir\/","title":{"rendered":"Maillot thermique ML MAAP Training Femme Noir"},"content":{"rendered":"","protected":false},"excerpt":{"rendered":"<p>Le maillot thermique \u00e0 manches longues pour femme est con\u00e7u pour le confort et la durabilit\u00e9, te permettant de rester concentr\u00e9e sur ton entra\u00eenement sans distraction. Con\u00e7u avec notre coupe Team-Fit embl\u00e9matique, il pr\u00e9sente une coupe classique avec des empi\u00e8cements ajust\u00e9s pour un style confortable. De plus, le tissu thermique italien haut de gamme offre respirabilit\u00e9, r\u00e9tention thermique et une sensation de douceur exceptionnelle sur la peau. Les trois poches arri\u00e8re ainsi quune poche zipp\u00e9e offrent un grand espace de rangement pour tes longues journ\u00e9es en selle. Des logos r\u00e9fl\u00e9chissants audacieux sur les \u00e9paules, les bras et la poitrine taident \u00e0 rester visible, que tu sois debout avant laube ou de retour au coucher du soleil.    <\/p>\n","protected":false},"featured_media":606,"template":"","meta":{"_et_pb_use_builder":"","_et_pb_old_content":"","_et_gb_content_width":"","om_disable_all_campaigns":false,"_monsterinsights_skip_tracking":false,"_monsterinsights_sitenote_active":false,"_monsterinsights_sitenote_note":"","_monsterinsights_sitenote_category":0},"pwb-brand":[],"product_brand":[],"product_cat":[759],"product_tag":[867],"class_list":{"0":"post-9436","1":"product","2":"type-product","3":"status-publish","4":"has-post-thumbnail","6":"product_cat-maap","7":"product_tag-maap","9":"first","10":"instock","11":"taxable","12":"shipping-taxable","13":"purchasable","14":"product-type-simple"},"aioseo_notices":[],"brands":[],"_links":{"self":[{"href":"https:\/\/gravel-bikes.cc\/fr\/wp-json\/wp\/v2\/product\/9436","targetHints":{"allow":["GET"]}}],"collection":[{"href":"https:\/\/gravel-bikes.cc\/fr\/wp-json\/wp\/v2\/product"}],"about":[{"href":"https:\/\/gravel-bikes.cc\/fr\/wp-json\/wp\/v2\/types\/product"}],"wp:featuredmedia":[{"embeddable":true,"href":"https:\/\/gravel-bikes.cc\/fr\/wp-json\/wp\/v2\/media\/606"}],"wp:attachment":[{"href":"https:\/\/gravel-bikes.cc\/fr\/wp-json\/wp\/v2\/media?parent=9436"}],"wp:term":[{"taxonomy":"pwb-brand","embeddable":true,"href":"https:\/\/gravel-bikes.cc\/fr\/wp-json\/wp\/v2\/pwb-brand?post=9436"},{"taxonomy":"product_brand","embeddable":true,"href":"https:\/\/gravel-bikes.cc\/fr\/wp-json\/wp\/v2\/product_brand?post=9436"},{"taxonomy":"product_cat","embeddable":true,"href":"https:\/\/gravel-bikes.cc\/fr\/wp-json\/wp\/v2\/product_cat?post=9436"},{"taxonomy":"product_tag","embeddable":true,"href":"https:\/\/gravel-bikes.cc\/fr\/wp-json\/wp\/v2\/product_tag?post=9436"}],"curies":[{"name":"wp","href":"https:\/\/api.w.org\/{rel}","templated":true}]}}