{"id":9493,"date":"2026-02-20T18:05:15","date_gmt":"2026-02-20T18:05:15","guid":{"rendered":"https:\/\/gravel-bikes.cc\/produkt\/sac-de-cadre-maap-x-apidura-4-l\/"},"modified":"2026-02-20T18:05:15","modified_gmt":"2026-02-20T18:05:15","slug":"sac-de-cadre-maap-x-apidura-4-l","status":"publish","type":"product","link":"https:\/\/gravel-bikes.cc\/fr\/produkt\/sac-de-cadre-maap-x-apidura-4-l\/","title":{"rendered":"Sac de cadre MAAP x APIDURA 4&nbsp;L"},"content":{"rendered":"<p>Un sac de cadre l\u00e9ger et \u00e9tanche, le compagnon id\u00e9al pour les aventures ultra-distance et les sorties qui incarnent l\u2019esprit Alt Road de MAAP.<\/p>\n<p>Le sac de cadre MAAP x Apidura aide \u00e0 conserver une bonne maniabilit\u00e9 en centrant le poids dans le cadre. Une structure de maintien int\u00e9gr\u00e9e apporte de la rigidit\u00e9 et permet au sac de cadre d\u2019\u00eatre exceptionnellement minimal et l\u00e9ger \u2013 id\u00e9al pour les sorties rapides sur longue distance. <\/p>\n<p>La poche ext\u00e9rieure en mesh est l\u2019endroit parfait pour glisser emballages, monnaie et autres petits objets que les cyclistes gravel accumulent au fil d\u2019une longue sortie isol\u00e9e. La recharge en roulant est facilit\u00e9e gr\u00e2ce \u00e0 un passe-c\u00e2ble prot\u00e9g\u00e9 \u00e0 l\u2019avant du sac. <\/p>\n<p>Ces sacoches en \u00e9dition limit\u00e9e fusionnent lesth\u00e9tique fonctionnelle dApidura avec le vert terre distinctif de MAAP et une touche graphique contrast\u00e9e, dans le cadre de leur collection Alt Road.<\/p>\n<p>\u2013 Coloris MAAP Alt Road sur mesure<br \/>\n\u2013 Construction l\u00e9g\u00e8re<br \/>\n\u2013 Passe-c\u00e2ble pour recharger tes appareils<br \/>\n\u2013 \u00c9tanch\u00e9it\u00e9 par soudures des coutures<\/p>\n","protected":false},"excerpt":{"rendered":"<p>Un sac de cadre l\u00e9ger et \u00e9tanche, le compagnon id\u00e9al pour les aventures ultra-distance et les sorties qui incarnent l\u2019esprit Alt Road de MAAP. Le sac de cadre MAAP x Apidura aide \u00e0 conserver une bonne maniabilit\u00e9 en centrant le poids dans le cadre. Une structure de maintien int\u00e9gr\u00e9e apporte de la rigidit\u00e9 et permet [&hellip;]<\/p>\n","protected":false},"featured_media":7757,"template":"","meta":{"_et_pb_use_builder":"","_et_pb_old_content":"","_et_gb_content_width":"","om_disable_all_campaigns":false,"_monsterinsights_skip_tracking":false,"_monsterinsights_sitenote_active":false,"_monsterinsights_sitenote_note":"","_monsterinsights_sitenote_category":0},"pwb-brand":[],"product_brand":[],"product_cat":[848],"product_tag":[],"class_list":{"0":"post-9493","1":"product","2":"type-product","3":"status-publish","4":"has-post-thumbnail","6":"product_cat-sacoches-de-bikepacking","7":"product_shipping_class-petites-pieces","9":"first","10":"instock","11":"taxable","12":"shipping-taxable","13":"purchasable","14":"product-type-simple"},"aioseo_notices":[],"brands":[],"_links":{"self":[{"href":"https:\/\/gravel-bikes.cc\/fr\/wp-json\/wp\/v2\/product\/9493","targetHints":{"allow":["GET"]}}],"collection":[{"href":"https:\/\/gravel-bikes.cc\/fr\/wp-json\/wp\/v2\/product"}],"about":[{"href":"https:\/\/gravel-bikes.cc\/fr\/wp-json\/wp\/v2\/types\/product"}],"wp:featuredmedia":[{"embeddable":true,"href":"https:\/\/gravel-bikes.cc\/fr\/wp-json\/wp\/v2\/media\/7757"}],"wp:attachment":[{"href":"https:\/\/gravel-bikes.cc\/fr\/wp-json\/wp\/v2\/media?parent=9493"}],"wp:term":[{"taxonomy":"pwb-brand","embeddable":true,"href":"https:\/\/gravel-bikes.cc\/fr\/wp-json\/wp\/v2\/pwb-brand?post=9493"},{"taxonomy":"product_brand","embeddable":true,"href":"https:\/\/gravel-bikes.cc\/fr\/wp-json\/wp\/v2\/product_brand?post=9493"},{"taxonomy":"product_cat","embeddable":true,"href":"https:\/\/gravel-bikes.cc\/fr\/wp-json\/wp\/v2\/product_cat?post=9493"},{"taxonomy":"product_tag","embeddable":true,"href":"https:\/\/gravel-bikes.cc\/fr\/wp-json\/wp\/v2\/product_tag?post=9493"}],"curies":[{"name":"wp","href":"https:\/\/api.w.org\/{rel}","templated":true}]}}