{"id":9495,"date":"2026-02-20T17:38:37","date_gmt":"2026-02-20T17:38:37","guid":{"rendered":"https:\/\/gravel-bikes.cc\/produkt\/pochette-a-outils-apidura\/"},"modified":"2026-02-20T17:38:37","modified_gmt":"2026-02-20T17:38:37","slug":"pochette-a-outils-apidura","status":"publish","type":"product","link":"https:\/\/gravel-bikes.cc\/fr\/produkt\/pochette-a-outils-apidura\/","title":{"rendered":"Pochette \u00e0 outils APIDURA"},"content":{"rendered":"<p>&nbsp;<\/p>\n<p>\u2013 Construction durable<br \/>\n\u2013 Fixation s\u00e9curis\u00e9e<br \/>\n\u2013 Design discret<br \/>\n\u2013 Capacit\u00e9 modulable<br \/>\n\u2013 \u00c9tanch\u00e9it\u00e9 par soudures<\/p>\n","protected":false},"excerpt":{"rendered":"<p>Une sacoche \u00e0 outils ultra-compacte et \u00e9tanche, pour ranger l\u2019essentiel de r\u00e9paration au quotidien.<\/p>\n<p>Avec son design effil\u00e9 et discret, l\u2019Expedition Tool Pack se fixe solidement sous la selle via une sangle velcro. Il y a de la place pour deux chambres \u00e0 air route de rechange, des d\u00e9monte-pneus, un petit multi-outil et une cartouche de CO2. Un tissu durable et \u00e9tanche prot\u00e8ge le contenu des projections et de la poussi\u00e8re.  <\/p>\n<p>&nbsp;<\/p>\n","protected":false},"featured_media":7727,"template":"","meta":{"_et_pb_use_builder":"","_et_pb_old_content":"","_et_gb_content_width":"","om_disable_all_campaigns":false,"_monsterinsights_skip_tracking":false,"_monsterinsights_sitenote_active":false,"_monsterinsights_sitenote_note":"","_monsterinsights_sitenote_category":0},"pwb-brand":[],"product_brand":[],"product_cat":[756,848],"product_tag":[],"class_list":{"0":"post-9495","1":"product","2":"type-product","3":"status-publish","4":"has-post-thumbnail","6":"product_cat-non-classe","7":"product_cat-sacoches-de-bikepacking","9":"first","10":"instock","11":"taxable","12":"shipping-taxable","13":"purchasable","14":"product-type-simple"},"aioseo_notices":[],"brands":[],"_links":{"self":[{"href":"https:\/\/gravel-bikes.cc\/fr\/wp-json\/wp\/v2\/product\/9495","targetHints":{"allow":["GET"]}}],"collection":[{"href":"https:\/\/gravel-bikes.cc\/fr\/wp-json\/wp\/v2\/product"}],"about":[{"href":"https:\/\/gravel-bikes.cc\/fr\/wp-json\/wp\/v2\/types\/product"}],"wp:featuredmedia":[{"embeddable":true,"href":"https:\/\/gravel-bikes.cc\/fr\/wp-json\/wp\/v2\/media\/7727"}],"wp:attachment":[{"href":"https:\/\/gravel-bikes.cc\/fr\/wp-json\/wp\/v2\/media?parent=9495"}],"wp:term":[{"taxonomy":"pwb-brand","embeddable":true,"href":"https:\/\/gravel-bikes.cc\/fr\/wp-json\/wp\/v2\/pwb-brand?post=9495"},{"taxonomy":"product_brand","embeddable":true,"href":"https:\/\/gravel-bikes.cc\/fr\/wp-json\/wp\/v2\/product_brand?post=9495"},{"taxonomy":"product_cat","embeddable":true,"href":"https:\/\/gravel-bikes.cc\/fr\/wp-json\/wp\/v2\/product_cat?post=9495"},{"taxonomy":"product_tag","embeddable":true,"href":"https:\/\/gravel-bikes.cc\/fr\/wp-json\/wp\/v2\/product_tag?post=9495"}],"curies":[{"name":"wp","href":"https:\/\/api.w.org\/{rel}","templated":true}]}}