{"id":9498,"date":"2026-02-20T17:31:37","date_gmt":"2026-02-20T17:31:37","guid":{"rendered":"https:\/\/gravel-bikes.cc\/produkt\/sacoche-de-selle-maap-x-apidura-7-l\/"},"modified":"2026-02-20T17:31:37","modified_gmt":"2026-02-20T17:31:37","slug":"sacoche-de-selle-maap-x-apidura-7-l","status":"publish","type":"product","link":"https:\/\/gravel-bikes.cc\/fr\/produkt\/sacoche-de-selle-maap-x-apidura-7-l\/","title":{"rendered":"Sacoche de selle MAAP x Apidura 7 l"},"content":{"rendered":"<p>Une sacoche de selle compacte et l\u00e9g\u00e8re, optimis\u00e9e pour lultra-distance sur tous les terrains, fid\u00e8le \u00e0 lesprit Alt Road de MAAP.<\/p>\n<p>Id\u00e9ale pour ranger des objets l\u00e9gers et compressibles sur de longues distances avec une fermeture par enroulement pour ajuster la capacit\u00e9, la sacoche est compl\u00e9t\u00e9e par un sandow pour garder tes couches ou v\u00eatements de pluie \u00e0 port\u00e9e de main. Son syst\u00e8me de fixation en trois points assure sa stabilit\u00e9 et r\u00e9duit la tra\u00een\u00e9e, tandis que les d\u00e9tails r\u00e9fl\u00e9chissants am\u00e9liorent la visibilit\u00e9. <\/p>\n<p>Ces sacoches en \u00e9dition limit\u00e9e fusionnent lesth\u00e9tique fonctionnelle dApidura avec le vert terre distinctif de MAAP et une touche graphique contrast\u00e9e, dans le cadre de leur collection Alt Road.<\/p>\n<p>\u2013 Coloris exclusif MAAP Alt Road<br \/>\n\u2013 Conception l\u00e9g\u00e8re<br \/>\n\u2013 Valve de compression d\u2019air<br \/>\n\u2013 Fixation anti-balancement<br \/>\n\u2013 Capacit\u00e9 modulable<br \/>\n\u2013 \u00c9tanch\u00e9it\u00e9 par coutures soud\u00e9es<\/p>\n","protected":false},"excerpt":{"rendered":"<p>Une sacoche de selle compacte et l\u00e9g\u00e8re, optimis\u00e9e pour lultra-distance sur tous les terrains, fid\u00e8le \u00e0 lesprit Alt Road de MAAP. Id\u00e9ale pour ranger des objets l\u00e9gers et compressibles sur de longues distances avec une fermeture par enroulement pour ajuster la capacit\u00e9, la sacoche est compl\u00e9t\u00e9e par un sandow pour garder tes couches ou v\u00eatements [&hellip;]<\/p>\n","protected":false},"featured_media":7718,"template":"","meta":{"_et_pb_use_builder":"","_et_pb_old_content":"","_et_gb_content_width":"","om_disable_all_campaigns":false,"_monsterinsights_skip_tracking":false,"_monsterinsights_sitenote_active":false,"_monsterinsights_sitenote_note":"","_monsterinsights_sitenote_category":0},"pwb-brand":[],"product_brand":[],"product_cat":[756,848],"product_tag":[],"class_list":{"0":"post-9498","1":"product","2":"type-product","3":"status-publish","4":"has-post-thumbnail","6":"product_cat-non-classe","7":"product_cat-sacoches-de-bikepacking","8":"product_shipping_class-petites-pieces","10":"first","11":"instock","12":"taxable","13":"shipping-taxable","14":"product-type-simple"},"aioseo_notices":[],"brands":[],"_links":{"self":[{"href":"https:\/\/gravel-bikes.cc\/fr\/wp-json\/wp\/v2\/product\/9498","targetHints":{"allow":["GET"]}}],"collection":[{"href":"https:\/\/gravel-bikes.cc\/fr\/wp-json\/wp\/v2\/product"}],"about":[{"href":"https:\/\/gravel-bikes.cc\/fr\/wp-json\/wp\/v2\/types\/product"}],"wp:featuredmedia":[{"embeddable":true,"href":"https:\/\/gravel-bikes.cc\/fr\/wp-json\/wp\/v2\/media\/7718"}],"wp:attachment":[{"href":"https:\/\/gravel-bikes.cc\/fr\/wp-json\/wp\/v2\/media?parent=9498"}],"wp:term":[{"taxonomy":"pwb-brand","embeddable":true,"href":"https:\/\/gravel-bikes.cc\/fr\/wp-json\/wp\/v2\/pwb-brand?post=9498"},{"taxonomy":"product_brand","embeddable":true,"href":"https:\/\/gravel-bikes.cc\/fr\/wp-json\/wp\/v2\/product_brand?post=9498"},{"taxonomy":"product_cat","embeddable":true,"href":"https:\/\/gravel-bikes.cc\/fr\/wp-json\/wp\/v2\/product_cat?post=9498"},{"taxonomy":"product_tag","embeddable":true,"href":"https:\/\/gravel-bikes.cc\/fr\/wp-json\/wp\/v2\/product_tag?post=9498"}],"curies":[{"name":"wp","href":"https:\/\/api.w.org\/{rel}","templated":true}]}}