{"id":9503,"date":"2026-02-16T20:24:00","date_gmt":"2026-02-16T20:24:00","guid":{"rendered":"https:\/\/gravel-bikes.cc\/produkt\/wahoo-kickr-core-2\/"},"modified":"2026-02-16T20:24:00","modified_gmt":"2026-02-16T20:24:00","slug":"wahoo-kickr-core-2","status":"publish","type":"product","link":"https:\/\/gravel-bikes.cc\/fr\/produkt\/wahoo-kickr-core-2\/","title":{"rendered":"WAHOO KICKR CORE 2"},"content":{"rendered":"<p><span dir=\"auto\">Le KICKR CORE 2 re\u00e7oit sa premi\u00e8re mise \u00e0 jour majeure en sept ans, propulsant ce home trainer intelligent populaire au niveau sup\u00e9rieur. Avec sa connectivit\u00e9 Wi-Fi, son design rafra\u00eechi et ses capteurs int\u00e9gr\u00e9s, le CORE 2 est non seulement plus facile \u00e0 utiliser, mais aussi un hub central pour toutes les donn\u00e9es d\u2019entra\u00eenement. Ce home trainer allie une qualit\u00e9 sup\u00e9rieure \u00e0 un prix extr\u00eamement attractif, le rendant adapt\u00e9 \u00e0 chaque cycliste.  <\/span><\/p>\n<p><span dir=\"auto\">Nouveau : encore plus de connectivit\u00e9 et de simplicit\u00e9<\/span><br \/>\n<span dir=\"auto\">Le CORE 2 est d\u00e9sormais \u00e9quip\u00e9 du Wi-Fi, rendant l\u2019appairage avec les applications et les appareils plus rapide et plus stable que jamais. Gr\u00e2ce au Sensor Hub int\u00e9gr\u00e9, les moniteurs de fr\u00e9quence cardiaque et les contr\u00f4leurs peuvent \u00eatre connect\u00e9s instantan\u00e9ment, tandis que les mises \u00e0 jour automatiques du micrologiciel maintiennent le home trainer toujours \u00e0 jour. <\/span><\/p>\n<p><span dir=\"auto\">La facilit\u00e9 d\u2019utilisation est essentielle<\/span><br \/>\n<span dir=\"auto\">Le CORE 2 pr\u00e9sente un nouveau design stable avec une installation facile et des voyants LED color\u00e9s mis \u00e0 jour qui indiquent imm\u00e9diatement quand le home trainer est pr\u00eat \u00e0 l\u2019emploi. Gr\u00e2ce \u00e0 ces fonctionnalit\u00e9s intelligentes et intuitives, les cyclistes peuvent se concentrer pleinement sur leur entra\u00eenement, sans aucun tracas. <\/span><\/p>\n<p><span dir=\"auto\">Les fonctionnalit\u00e9s les plus importantes en un coup d\u2019\u0153il : <\/span><br \/>\n<span dir=\"auto\">&#8211; R\u00e9sistance maximale de 1 800 watts pour une course stimulante et r\u00e9aliste<\/span><br \/>\n<span dir=\"auto\">&#8211; Connectivit\u00e9 via Wi-Fi, Bluetooth &amp; ANT+ pour un appairage parfait avec les applications et les appareils<\/span><br \/>\n<span dir=\"auto\">&#8211; Sensor Hub : int\u00e8gre directement les moniteurs de fr\u00e9quence cardiaque et les contr\u00f4leurs au home trainer<\/span><br \/>\n<span dir=\"auto\">&#8211; Voyants LED color\u00e9s mis \u00e0 jour pour un aper\u00e7u clair de l\u2019\u00e9tat et de la connectivit\u00e9. <\/span><br \/>\n<span dir=\"auto\">&#8211; Mises \u00e0 jour automatiques du micrologiciel : toujours les derni\u00e8res fonctionnalit\u00e9s sans tracas<\/span><br \/>\n<span dir=\"auto\">&#8211; Mode Course : r\u00e9ponse directe \u00e0 chaque effort<\/span><br \/>\n<span dir=\"auto\">&#8211; Calibrage automatique pour des mesures pr\u00e9cises et un entra\u00eenement optimal<\/span><br \/>\n<span dir=\"auto\">&#8211; Cassette 11 vitesses ou Zwift Cog : enti\u00e8rement adapt\u00e9 \u00e0 ta plateforme pr\u00e9f\u00e9r\u00e9e<\/span><br \/>\n<span dir=\"auto\">&#8211; Changement de vitesse virtuel : changements de vitesse fluides et r\u00e9alistes pendant la course<\/span><\/p>\n","protected":false},"excerpt":{"rendered":"<p>Le KICKR CORE 2 re\u00e7oit sa premi\u00e8re mise \u00e0 jour majeure en sept ans, propulsant ce home trainer intelligent populaire au niveau sup\u00e9rieur. Avec sa connectivit\u00e9 Wi-Fi, son design rafra\u00eechi et ses capteurs int\u00e9gr\u00e9s, le CORE 2 est non seulement plus facile \u00e0 utiliser, mais aussi un hub central pour toutes les donn\u00e9es d\u2019entra\u00eenement. Ce [&hellip;]<\/p>\n","protected":false},"featured_media":7643,"template":"","meta":{"_et_pb_use_builder":"","_et_pb_old_content":"","_et_gb_content_width":"","om_disable_all_campaigns":false,"_monsterinsights_skip_tracking":false,"_monsterinsights_sitenote_active":false,"_monsterinsights_sitenote_note":"","_monsterinsights_sitenote_category":0},"pwb-brand":[],"product_brand":[],"product_cat":[808],"product_tag":[],"class_list":{"0":"post-9503","1":"product","2":"type-product","3":"status-publish","4":"has-post-thumbnail","6":"product_cat-wahoo","8":"first","9":"instock","10":"sale","11":"taxable","12":"shipping-taxable","13":"purchasable","14":"product-type-simple"},"aioseo_notices":[],"brands":[],"_links":{"self":[{"href":"https:\/\/gravel-bikes.cc\/fr\/wp-json\/wp\/v2\/product\/9503","targetHints":{"allow":["GET"]}}],"collection":[{"href":"https:\/\/gravel-bikes.cc\/fr\/wp-json\/wp\/v2\/product"}],"about":[{"href":"https:\/\/gravel-bikes.cc\/fr\/wp-json\/wp\/v2\/types\/product"}],"wp:featuredmedia":[{"embeddable":true,"href":"https:\/\/gravel-bikes.cc\/fr\/wp-json\/wp\/v2\/media\/7643"}],"wp:attachment":[{"href":"https:\/\/gravel-bikes.cc\/fr\/wp-json\/wp\/v2\/media?parent=9503"}],"wp:term":[{"taxonomy":"pwb-brand","embeddable":true,"href":"https:\/\/gravel-bikes.cc\/fr\/wp-json\/wp\/v2\/pwb-brand?post=9503"},{"taxonomy":"product_brand","embeddable":true,"href":"https:\/\/gravel-bikes.cc\/fr\/wp-json\/wp\/v2\/product_brand?post=9503"},{"taxonomy":"product_cat","embeddable":true,"href":"https:\/\/gravel-bikes.cc\/fr\/wp-json\/wp\/v2\/product_cat?post=9503"},{"taxonomy":"product_tag","embeddable":true,"href":"https:\/\/gravel-bikes.cc\/fr\/wp-json\/wp\/v2\/product_tag?post=9503"}],"curies":[{"name":"wp","href":"https:\/\/api.w.org\/{rel}","templated":true}]}}