{"id":9507,"date":"2026-02-16T20:17:59","date_gmt":"2026-02-16T20:17:59","guid":{"rendered":"https:\/\/gravel-bikes.cc\/produkt\/wahoo-kickr-core\/"},"modified":"2026-02-16T20:17:59","modified_gmt":"2026-02-16T20:17:59","slug":"wahoo-kickr-core","status":"publish","type":"product","link":"https:\/\/gravel-bikes.cc\/fr\/produkt\/wahoo-kickr-core\/","title":{"rendered":"WAHOO KICKR CORE"},"content":{"rendered":"<p><span dir=\"auto\">Le KICKR au c\u0153ur :<\/span><\/p>\n<p><span dir=\"auto\">Gr\u00e2ce \u00e0 une technologie de volant dinertie \u00e9prouv\u00e9e et des algorithmes avanc\u00e9s, le KICKR CORE toffre lexp\u00e9rience dentra\u00eenement en int\u00e9rieur r\u00e9aliste, pr\u00e9cise et intelligente que tu attends de Wahoo. Fabriqu\u00e9 en acier robuste qui r\u00e9sistera \u00e0 des ann\u00e9es dutilisation intensive, le KICKR CORE tindique la puissance, la vitesse et la distance de ta sortie en int\u00e9rieur. Utilise le KICKR CORE sur des parcours virtuels et des vid\u00e9os synchronis\u00e9es pour cr\u00e9er litin\u00e9raire parfait et vivre lexp\u00e9rience cycliste la plus r\u00e9aliste. T\u00e9l\u00e9charge Zwift, Fulgaz, Rouvy ou Kinomap sur ta tablette ou ton smartphone pour une exp\u00e9rience cycliste optimale ! Le KICKR CORE offre la pr\u00e9cision et la r\u00e9activit\u00e9 n\u00e9cessaires pour r\u00e9aliser m\u00eame les s\u00e9ances de force les plus exigeantes. Trainerroad ou The Sufferfest sont des applications qui peuvent taider \u00e0 y parvenir ! Le compteur de v\u00e9lo GPS ELEMNT contr\u00f4le directement le KICKR CORE dans plusieurs modes, y compris la r\u00e9p\u00e9tition de parcours et ditin\u00e9raires ext\u00e9rieurs, limportation dentra\u00eenements planifi\u00e9s ou la d\u00e9finition de tes objectifs de puissance ! Pour de meilleurs r\u00e9sultats, installe les applications compagnons Wahoo et ELEMNT. Ce KICKR CORE est le home trainer intelligent essentiel de Wahoo !        <\/span><\/p>\n<p><span dir=\"auto\">Puissance max. : 1800 Watts<\/span><br \/>\n<span dir=\"auto\">Pr\u00e9cision : +\/- 2 %<\/span><br \/>\n<span dir=\"auto\">Pente max. : 16 %<\/span><br \/>\n<span dir=\"auto\">Cassette non incluse<\/span><br \/>\n<span dir=\"auto\">Compatible avec les cassettes SRAM\/Shimano 8, 9, 10 et 11 vitesses<\/span><br \/>\n<span dir=\"auto\">Adaptateur et entretoises inclus<\/span><br \/>\n<span dir=\"auto\">Accessoires : KICKR CLIMB, KICKR DESK, KICKR HEADWIND, KICKR MAT et moniteur de fr\u00e9quence cardiaque TICKR (tous les accessoires sont vendus s\u00e9par\u00e9ment)<\/span><br \/>\n<span dir=\"auto\">Taille de roue arri\u00e8re : Route : 24&#8221;, 650c, 700c. VTT : 24&#8221;, 26&#8221;, 650b, 29&#8221;. <\/span><br \/>\n<span dir=\"auto\">Connexion : via Bluetooth, ANT+ et FE-C<\/span><br \/>\n<span dir=\"auto\">Compatibilit\u00e9 : Apple, Android et Windows.<\/span><\/p>\n","protected":false},"excerpt":{"rendered":"<p>Le KICKR au c\u0153ur : Gr\u00e2ce \u00e0 une technologie de volant dinertie \u00e9prouv\u00e9e et des algorithmes avanc\u00e9s, le KICKR CORE toffre lexp\u00e9rience dentra\u00eenement en int\u00e9rieur r\u00e9aliste, pr\u00e9cise et intelligente que tu attends de Wahoo. Fabriqu\u00e9 en acier robuste qui r\u00e9sistera \u00e0 des ann\u00e9es dutilisation intensive, le KICKR CORE tindique la puissance, la vitesse et la [&hellip;]<\/p>\n","protected":false},"featured_media":7637,"template":"","meta":{"_et_pb_use_builder":"","_et_pb_old_content":"","_et_gb_content_width":"","om_disable_all_campaigns":false,"_monsterinsights_skip_tracking":false,"_monsterinsights_sitenote_active":false,"_monsterinsights_sitenote_note":"","_monsterinsights_sitenote_category":0},"pwb-brand":[],"product_brand":[],"product_cat":[808],"product_tag":[],"class_list":{"0":"post-9507","1":"product","2":"type-product","3":"status-publish","4":"has-post-thumbnail","6":"product_cat-wahoo","8":"first","9":"instock","10":"sale","11":"taxable","12":"shipping-taxable","13":"purchasable","14":"product-type-simple"},"aioseo_notices":[],"brands":[],"_links":{"self":[{"href":"https:\/\/gravel-bikes.cc\/fr\/wp-json\/wp\/v2\/product\/9507","targetHints":{"allow":["GET"]}}],"collection":[{"href":"https:\/\/gravel-bikes.cc\/fr\/wp-json\/wp\/v2\/product"}],"about":[{"href":"https:\/\/gravel-bikes.cc\/fr\/wp-json\/wp\/v2\/types\/product"}],"wp:featuredmedia":[{"embeddable":true,"href":"https:\/\/gravel-bikes.cc\/fr\/wp-json\/wp\/v2\/media\/7637"}],"wp:attachment":[{"href":"https:\/\/gravel-bikes.cc\/fr\/wp-json\/wp\/v2\/media?parent=9507"}],"wp:term":[{"taxonomy":"pwb-brand","embeddable":true,"href":"https:\/\/gravel-bikes.cc\/fr\/wp-json\/wp\/v2\/pwb-brand?post=9507"},{"taxonomy":"product_brand","embeddable":true,"href":"https:\/\/gravel-bikes.cc\/fr\/wp-json\/wp\/v2\/product_brand?post=9507"},{"taxonomy":"product_cat","embeddable":true,"href":"https:\/\/gravel-bikes.cc\/fr\/wp-json\/wp\/v2\/product_cat?post=9507"},{"taxonomy":"product_tag","embeddable":true,"href":"https:\/\/gravel-bikes.cc\/fr\/wp-json\/wp\/v2\/product_tag?post=9507"}],"curies":[{"name":"wp","href":"https:\/\/api.w.org\/{rel}","templated":true}]}}