{"id":9512,"date":"2026-02-07T07:39:31","date_gmt":"2026-02-07T07:39:31","guid":{"rendered":"https:\/\/gravel-bikes.cc\/produkt\/derailleur-arriere-shimano-grx-810-2x11s\/"},"modified":"2026-02-07T07:39:31","modified_gmt":"2026-02-07T07:39:31","slug":"derailleur-arriere-shimano-grx-810-2x11s","status":"publish","type":"product","link":"https:\/\/gravel-bikes.cc\/fr\/produkt\/derailleur-arriere-shimano-grx-810-2x11s\/","title":{"rendered":"D\u00e9railleur arri\u00e8re SHIMANO GRX-810 2x11s"},"content":{"rendered":"<p>D\u00c9RAILLEUR ARRI\u00c8RE,<\/p>\n<p>RD-RX810,<\/p>\n<p>GRX, 11 VITESSES,<\/p>\n<p>TOP NORMAL,<\/p>\n<p>DESIGN SHADOW PLUS,<\/p>\n<p>FIXATION DIRECTE,<\/p>\n<p>AVEC OT-RS900 (NOIR) 240 MM X1,<\/p>\n<p>CAPUCHON LONG X1,<\/p>\n<p>EMBALLAGE INDIVIDUEL<\/p>\n","protected":false},"excerpt":{"rendered":"<p>D\u00c9RAILLEUR ARRI\u00c8RE, RD-RX810, GRX, 11 VITESSES, TOP NORMAL, DESIGN SHADOW PLUS, FIXATION DIRECTE, AVEC OT-RS900 (NOIR) 240 MM X1, CAPUCHON LONG X1, EMBALLAGE INDIVIDUEL<\/p>\n","protected":false},"featured_media":7402,"template":"","meta":{"_et_pb_use_builder":"","_et_pb_old_content":"","_et_gb_content_width":"","om_disable_all_campaigns":false,"_monsterinsights_skip_tracking":false,"_monsterinsights_sitenote_active":false,"_monsterinsights_sitenote_note":"","_monsterinsights_sitenote_category":0},"pwb-brand":[],"product_brand":[],"product_cat":[755],"product_tag":[873],"class_list":{"0":"post-9512","1":"product","2":"type-product","3":"status-publish","4":"has-post-thumbnail","6":"product_cat-derailleur-arriere-shimano","7":"product_tag-shimano-grx","8":"product_shipping_class-petites-pieces","10":"first","11":"instock","12":"sale","13":"taxable","14":"shipping-taxable","15":"purchasable","16":"product-type-simple"},"aioseo_notices":[],"df_price":99,"df_sale_price":99,"df_regular_price":134.9,"df_image_link":"https:\/\/gravel-bikes.cc\/wp-content\/uploads\/2026\/02\/391111_0.jpg","brands":[],"_links":{"self":[{"href":"https:\/\/gravel-bikes.cc\/fr\/wp-json\/wp\/v2\/product\/9512","targetHints":{"allow":["GET"]}}],"collection":[{"href":"https:\/\/gravel-bikes.cc\/fr\/wp-json\/wp\/v2\/product"}],"about":[{"href":"https:\/\/gravel-bikes.cc\/fr\/wp-json\/wp\/v2\/types\/product"}],"wp:featuredmedia":[{"embeddable":true,"href":"https:\/\/gravel-bikes.cc\/fr\/wp-json\/wp\/v2\/media\/7402"}],"wp:attachment":[{"href":"https:\/\/gravel-bikes.cc\/fr\/wp-json\/wp\/v2\/media?parent=9512"}],"wp:term":[{"taxonomy":"pwb-brand","embeddable":true,"href":"https:\/\/gravel-bikes.cc\/fr\/wp-json\/wp\/v2\/pwb-brand?post=9512"},{"taxonomy":"product_brand","embeddable":true,"href":"https:\/\/gravel-bikes.cc\/fr\/wp-json\/wp\/v2\/product_brand?post=9512"},{"taxonomy":"product_cat","embeddable":true,"href":"https:\/\/gravel-bikes.cc\/fr\/wp-json\/wp\/v2\/product_cat?post=9512"},{"taxonomy":"product_tag","embeddable":true,"href":"https:\/\/gravel-bikes.cc\/fr\/wp-json\/wp\/v2\/product_tag?post=9512"}],"curies":[{"name":"wp","href":"https:\/\/api.w.org\/{rel}","templated":true}]}}