{"id":9515,"date":"2026-02-04T09:02:59","date_gmt":"2026-02-04T09:02:59","guid":{"rendered":"https:\/\/gravel-bikes.cc\/produkt\/selle-sq-lab-ergowave-612-carbone-2\/"},"modified":"2026-02-04T09:02:59","modified_gmt":"2026-02-04T09:02:59","slug":"selle-sq-lab-ergowave-612-carbone-2","status":"publish","type":"product","link":"https:\/\/gravel-bikes.cc\/fr\/produkt\/selle-sq-lab-ergowave-612-carbone-2\/","title":{"rendered":"Selle SQ LAB ERGOWAVE 612 Carbone"},"content":{"rendered":"","protected":false},"excerpt":{"rendered":"<p>Nos coureurs apportent non seulement leur talent sur le v\u00e9lo, mais aussi un pr\u00e9cieux feedback pour notre d\u00e9veloppement. Leur passion, leur engagement \u2013 sur la piste et en dehors \u2013 nous pousse \u00e0 nous am\u00e9liorer chaque jour. <\/p>\n<p>En signe de notre appr\u00e9ciation et de notre chemin commun, nous avons con\u00e7u notre meilleure selle de v\u00e9lo de route, la 612 ERGOWAVE\u00ae R Carbon, dans une \u00e9dition limit\u00e9e Team. Pour une performance authentique \u2013 et une v\u00e9ritable connexion. <\/p>\n","protected":false},"featured_media":7196,"template":"","meta":{"_et_pb_use_builder":"","_et_pb_old_content":"","_et_gb_content_width":"","om_disable_all_campaigns":false,"_monsterinsights_skip_tracking":false,"_monsterinsights_sitenote_active":false,"_monsterinsights_sitenote_note":"","_monsterinsights_sitenote_category":0},"pwb-brand":[],"product_brand":[],"product_cat":[756,857],"product_tag":[],"class_list":{"0":"post-9515","1":"product","2":"type-product","3":"status-publish","4":"has-post-thumbnail","6":"product_cat-non-classe","7":"product_cat-selles","9":"first","10":"instock","11":"taxable","12":"shipping-taxable","13":"purchasable","14":"product-type-variable"},"aioseo_notices":[],"brands":[],"_links":{"self":[{"href":"https:\/\/gravel-bikes.cc\/fr\/wp-json\/wp\/v2\/product\/9515","targetHints":{"allow":["GET"]}}],"collection":[{"href":"https:\/\/gravel-bikes.cc\/fr\/wp-json\/wp\/v2\/product"}],"about":[{"href":"https:\/\/gravel-bikes.cc\/fr\/wp-json\/wp\/v2\/types\/product"}],"wp:featuredmedia":[{"embeddable":true,"href":"https:\/\/gravel-bikes.cc\/fr\/wp-json\/wp\/v2\/media\/7196"}],"wp:attachment":[{"href":"https:\/\/gravel-bikes.cc\/fr\/wp-json\/wp\/v2\/media?parent=9515"}],"wp:term":[{"taxonomy":"pwb-brand","embeddable":true,"href":"https:\/\/gravel-bikes.cc\/fr\/wp-json\/wp\/v2\/pwb-brand?post=9515"},{"taxonomy":"product_brand","embeddable":true,"href":"https:\/\/gravel-bikes.cc\/fr\/wp-json\/wp\/v2\/product_brand?post=9515"},{"taxonomy":"product_cat","embeddable":true,"href":"https:\/\/gravel-bikes.cc\/fr\/wp-json\/wp\/v2\/product_cat?post=9515"},{"taxonomy":"product_tag","embeddable":true,"href":"https:\/\/gravel-bikes.cc\/fr\/wp-json\/wp\/v2\/product_tag?post=9515"}],"curies":[{"name":"wp","href":"https:\/\/api.w.org\/{rel}","templated":true}]}}