{"id":9523,"date":"2026-01-22T16:13:59","date_gmt":"2026-01-22T16:13:59","guid":{"rendered":"https:\/\/gravel-bikes.cc\/produkt\/winspace-g3-shimano-105-di2\/"},"modified":"2026-03-22T12:41:51","modified_gmt":"2026-03-22T12:41:51","slug":"winspace-g3-shimano-105-di2","status":"publish","type":"product","link":"https:\/\/gravel-bikes.cc\/fr\/produkt\/winspace-g3-shimano-105-di2\/","title":{"rendered":"WINSPACE G3 Shimano 105 Di2"},"content":{"rendered":"<p>[et_pb_section fb_built=&#8221;1&#8243; _builder_version=&#8221;4.27.5&#8243; _module_preset=&#8221;default&#8221; global_colors_info=&#8221;{}&#8221;][et_pb_row _builder_version=&#8221;4.27.5&#8243; _module_preset=&#8221;default&#8221; global_colors_info=&#8221;{}&#8221;][et_pb_column type=&#8221;4_4&#8243; _builder_version=&#8221;4.27.5&#8243; _module_preset=&#8221;default&#8221; global_colors_info=&#8221;{}&#8221;][et_pb_image src=&#8221;https:\/\/gravel-bikes.cc\/wp-content\/uploads\/2026\/01\/2_982162e6-bb40-4ff1-9633-db035dd31db3.webp&#8221; title_text=&#8221;V\u00e9lo de gravel&#8221; _builder_version=&#8221;4.27.5&#8243; _module_preset=&#8221;default&#8221; global_colors_info=&#8221;{}&#8221;][\/et_pb_image][\/et_pb_column][\/et_pb_row][\/et_pb_section][et_pb_section fb_built=&#8221;1&#8243; _builder_version=&#8221;4.16&#8243; custom_padding=&#8221;0px||||false|false&#8221; global_colors_info=&#8221;{}&#8221;][et_pb_row _builder_version=&#8221;4.16&#8243; background_size=&#8221;initial&#8221; background_position=&#8221;top_left&#8221; background_repeat=&#8221;repeat&#8221; width=&#8221;100%&#8221; custom_padding=&#8221;0px||0px||false|false&#8221; global_colors_info=&#8221;{}&#8221;][et_pb_column type=&#8221;4_4&#8243; _builder_version=&#8221;4.16&#8243; custom_padding=&#8221;|||&#8221; global_colors_info=&#8221;{}&#8221; custom_padding__hover=&#8221;|||&#8221;][et_pb_wc_breadcrumb _builder_version=&#8221;4.16&#8243; global_colors_info=&#8221;{}&#8221;][\/et_pb_wc_breadcrumb][et_pb_wc_cart_notice _builder_version=&#8221;4.16&#8243; global_colors_info=&#8221;{}&#8221;][\/et_pb_wc_cart_notice][\/et_pb_column][\/et_pb_row][et_pb_row column_structure=&#8221;1_2,1_2&#8243; _builder_version=&#8221;4.16&#8243; background_size=&#8221;initial&#8221; background_position=&#8221;top_left&#8221; background_repeat=&#8221;repeat&#8221; width=&#8221;100%&#8221; custom_padding=&#8221;0px||||false|false&#8221; global_colors_info=&#8221;{}&#8221;][et_pb_column type=&#8221;1_2&#8243; _builder_version=&#8221;4.16&#8243; custom_padding=&#8221;|||&#8221; global_colors_info=&#8221;{}&#8221; custom_padding__hover=&#8221;|||&#8221;][et_pb_wc_images _builder_version=&#8221;4.16&#8243; global_colors_info=&#8221;{}&#8221;][\/et_pb_wc_images][\/et_pb_column][et_pb_column type=&#8221;1_2&#8243; _builder_version=&#8221;4.16&#8243; custom_padding=&#8221;|||&#8221; global_colors_info=&#8221;{}&#8221; custom_padding__hover=&#8221;|||&#8221;][et_pb_wc_title _builder_version=&#8221;4.16&#8243; global_colors_info=&#8221;{}&#8221;][\/et_pb_wc_title][et_pb_wc_rating _builder_version=&#8221;4.16&#8243; global_colors_info=&#8221;{}&#8221;][\/et_pb_wc_rating][et_pb_wc_price _builder_version=&#8221;4.16&#8243; global_colors_info=&#8221;{}&#8221;][\/et_pb_wc_price][et_pb_wc_description _builder_version=&#8221;4.16&#8243; global_colors_info=&#8221;{}&#8221;][\/et_pb_wc_description][et_pb_wc_add_to_cart _builder_version=&#8221;4.16&#8243; global_colors_info=&#8221;{}&#8221;][\/et_pb_wc_add_to_cart][et_pb_wc_meta _builder_version=&#8221;4.16&#8243; global_colors_info=&#8221;{}&#8221;][\/et_pb_wc_meta][\/et_pb_column][\/et_pb_row][et_pb_row column_structure=&#8221;1_3,1_3,1_3&#8243; _builder_version=&#8221;4.27.5&#8243; _module_preset=&#8221;default&#8221; global_colors_info=&#8221;{}&#8221;][et_pb_column type=&#8221;1_3&#8243; _builder_version=&#8221;4.27.5&#8243; _module_preset=&#8221;default&#8221; global_colors_info=&#8221;{}&#8221;][et_pb_button button_text=&#8221;LEASING V\u00c9LO&#8221; _builder_version=&#8221;4.27.5&#8243; _module_preset=&#8221;default&#8221; global_colors_info=&#8221;{}&#8221;][\/et_pb_button][\/et_pb_column][et_pb_column type=&#8221;1_3&#8243; _builder_version=&#8221;4.27.5&#8243; _module_preset=&#8221;default&#8221; global_colors_info=&#8221;{}&#8221;][et_pb_button button_text=&#8221;FINANCEMENT&#8221; _builder_version=&#8221;4.27.5&#8243; _module_preset=&#8221;default&#8221; global_colors_info=&#8221;{}&#8221;][\/et_pb_button][\/et_pb_column][et_pb_column type=&#8221;1_3&#8243; _builder_version=&#8221;4.27.5&#8243; _module_preset=&#8221;default&#8221; global_colors_info=&#8221;{}&#8221;][et_pb_button button_text=&#8221;ASSURANCE&#8221; _builder_version=&#8221;4.27.5&#8243; _module_preset=&#8221;default&#8221; global_colors_info=&#8221;{}&#8221;][\/et_pb_button][\/et_pb_column][\/et_pb_row][et_pb_row column_structure=&#8221;1_3,1_3,1_3&#8243; _builder_version=&#8221;4.27.5&#8243; _module_preset=&#8221;default&#8221; global_colors_info=&#8221;{}&#8221;][et_pb_column type=&#8221;1_3&#8243; _builder_version=&#8221;4.27.5&#8243; _module_preset=&#8221;default&#8221; global_colors_info=&#8221;{}&#8221;][et_pb_image src=&#8221;https:\/\/gravel-bikes.cc\/wp-content\/uploads\/2026\/01\/1_288d2454-0bc9-470d-a1f9-0fe48105525a.webp&#8221; title_text=&#8221;1_288d2454-0bc9-470d-a1f9-0fe48105525a&#8221; _builder_version=&#8221;4.27.5&#8243; _module_preset=&#8221;default&#8221; global_colors_info=&#8221;{}&#8221;][\/et_pb_image][\/et_pb_column][et_pb_column type=&#8221;1_3&#8243; _builder_version=&#8221;4.27.5&#8243; _module_preset=&#8221;default&#8221; global_colors_info=&#8221;{}&#8221;][et_pb_image src=&#8221;https:\/\/gravel-bikes.cc\/wp-content\/uploads\/2026\/01\/1_288d2454-0bc9-470d-a1f9-0fe48105525a.webp&#8221; title_text=&#8221;1_288d2454-0bc9-470d-a1f9-0fe48105525a&#8221; _builder_version=&#8221;4.27.5&#8243; _module_preset=&#8221;default&#8221; global_colors_info=&#8221;{}&#8221;][\/et_pb_image][\/et_pb_column][et_pb_column type=&#8221;1_3&#8243; _builder_version=&#8221;4.27.5&#8243; _module_preset=&#8221;default&#8221; global_colors_info=&#8221;{}&#8221;][et_pb_image src=&#8221;https:\/\/gravel-bikes.cc\/wp-content\/uploads\/2026\/01\/9d17b8c51b3ddfcc45a85cf697c2fe52.webp&#8221; title_text=&#8221;WINSPACE&#8221; _builder_version=&#8221;4.27.5&#8243; _module_preset=&#8221;default&#8221; global_colors_info=&#8221;{}&#8221;][\/et_pb_image][\/et_pb_column][\/et_pb_row][et_pb_row _builder_version=&#8221;4.16&#8243; background_size=&#8221;initial&#8221; background_position=&#8221;top_left&#8221; background_repeat=&#8221;repeat&#8221; width=&#8221;100%&#8221; global_colors_info=&#8221;{}&#8221;][et_pb_column type=&#8221;4_4&#8243; _builder_version=&#8221;4.16&#8243; custom_padding=&#8221;|||&#8221; global_colors_info=&#8221;{}&#8221; custom_padding__hover=&#8221;|||&#8221;][et_pb_wc_tabs _builder_version=&#8221;4.16&#8243; global_colors_info=&#8221;{}&#8221;] [\/et_pb_wc_tabs][et_pb_wc_upsells _builder_version=&#8221;4.16&#8243; global_colors_info=&#8221;{}&#8221;][\/et_pb_wc_upsells][et_pb_wc_related_products _builder_version=&#8221;4.16&#8243; global_colors_info=&#8221;{}&#8221;][\/et_pb_wc_related_products][\/et_pb_column][\/et_pb_row][\/et_pb_section]<\/p>\n","protected":false},"excerpt":{"rendered":"<div class=\"wpb_column pos-top pos-center align_left column_parent col-lg-6 single-internal-gutter\">\n<div class=\"uncol style-light\">\n<div class=\"uncoltable\">\n<div class=\"uncell no-block-padding\">\n<div class=\"uncont\">\n<div class=\"uncode_text_column text-lead\">\n<div class=\"wpb_column pos-top pos-center align_left column_parent col-lg-6 single-internal-gutter\">\n<div class=\"uncol style-light\">\n<div class=\"uncoltable\">\n<div class=\"uncell no-block-padding\">\n<div class=\"uncont\">\n<div class=\"uncode_text_column text-lead\">\n<section class=\"product__description\">\n<div class=\"wrapper space--top-double space--bottom-double\">\n<div class=\"constrain constrain--medium\">\n<div class=\"product__description__text\">\n<div class=\"product-block\">Construit sur la plateforme r\u00e9volutionnaire G3, ce v\u00e9lo de gravel complet allie vitesse a\u00e9rodynamique et confiance tout-terrain. Chaque d\u00e9tail \u2014 du cockpit int\u00e9gr\u00e9 \u00e0 la paire de roues en carbone \u2014 est optimis\u00e9 pour une maniabilit\u00e9 pr\u00e9cise et des performances de niveau course. Le G3 Complete red\u00e9finit le gravel moderne avec le m\u00e9lange parfait de rigidit\u00e9, de stabilit\u00e9 et de confort.  <\/div>\n<div class=\"product-block product-block--sales-point\">\n<ul class=\"sales-points\">\n<li class=\"sales-point\"><span class=\"icon-and-text\">Changement de vitesse \u00e9lectronique de niveau professionnel : Shimano GRX Di2 RX825 1\u00d712<\/span><\/li>\n<\/ul>\n<\/div>\n<div class=\"product-block product-block--sales-point\">\n<ul class=\"sales-points\">\n<li class=\"sales-point\"><span class=\"icon-and-text\">Cintre monobloc Winspace int\u00e9gr\u00e9 en carbone et tige de selle a\u00e9ro<\/span><\/li>\n<\/ul>\n<\/div>\n<div class=\"product-block product-block--sales-point\">\n<ul class=\"sales-points\">\n<li class=\"sales-point\"><span class=\"icon-and-text\">Paire de roues \u00e0 disque enti\u00e8rement en carbone L\u00fan Gryper 35\/45 mm avec rayons en carbone et pneus 700\u00d740C<\/span><\/li>\n<\/ul>\n<\/div>\n<div class=\"product-block product-block--sales-point\">\n<ul class=\"sales-points\">\n<li class=\"sales-point\"><span class=\"icon-and-text\">Con\u00e7u pour la pr\u00e9cision en course et la rigidit\u00e9 de niveau professionnel<\/span><\/li>\n<\/ul>\n<\/div>\n<div class=\"product-block product-block--sales-point\">\n<ul class=\"sales-points\">\n<li class=\"sales-point\"><span class=\"icon-and-text\">Offre des performances de gravel d\u2019\u00e9lite avec une r\u00e9activit\u00e9 digne de la route<\/span><\/li>\n<\/ul>\n<\/div>\n<\/div>\n<\/div>\n<\/div>\n<\/section>\n<div class=\"product__spacer bg--02\">\n<div class=\"wrapper\">\n<div class=\"constrain constrain--medium\">\n<div class=\"product__spacer__image\"><\/div>\n<\/div>\n<\/div>\n<\/div>\n<\/div>\n<\/div>\n<\/div>\n<\/div>\n<\/div>\n<\/div>\n<div class=\"wpb_column pos-top pos-center align_left column_parent col-lg-6 single-internal-gutter\">\n<div class=\"uncol style-light\">\n<div class=\"uncoltable\">\n<div class=\"uncell no-block-padding\">\n<div class=\"uncont\">\n<div class=\"uncode_text_column text-lead\"><\/div>\n<\/div>\n<\/div>\n<\/div>\n<\/div>\n<\/div>\n<p>&nbsp;<\/p>\n<\/div>\n<\/div>\n<\/div>\n<\/div>\n<\/div>\n<\/div>\n<div class=\"wpb_column pos-top pos-center align_left column_parent col-lg-6 single-internal-gutter\">\n<div class=\"uncol style-light\">\n<div class=\"uncoltable\">\n<div class=\"uncell no-block-padding\">\n<div class=\"uncont\">\n<div class=\"uncode_text_column text-lead\">\n<p data-is-only-node=\"\" data-is-last-node=\"\" data-end=\"1102\" data-start=\"962\">\n<\/div>\n<\/div>\n<\/div>\n<\/div>\n<\/div>\n<\/div>\n","protected":false},"featured_media":5968,"template":"","meta":{"_et_pb_use_builder":"on","_et_pb_old_content":"<div class=\"theme-block\">\n<h2>Caract\u00e9ristiques du cadre<\/h2>\n<\/div>\n<div class=\"theme-block\">\n<div class=\"rte\">\n<div class=\"enlarge-text\">\n\n<strong>Taille : <\/strong>XS\/S\/M\/L\/XL (440\/460\/480\/510\/540)\n\n<strong>Qualit\u00e9 de la fibre de carbone : <\/strong>T700 + T800 + M40\n\n<strong>Bo\u00eetier de p\u00e9dalier (BB) : <\/strong>T47-68\n\n<strong>Tige de selle : <\/strong>Aero\n\n<strong>Type de frein : <\/strong>Frein \u00e0 disque Flat Mount\n\n<strong>Espacement des axes : <\/strong>Avant : 100 mm, Arri\u00e8re : 142 mm\n\n<strong>Dimensions de l\u2019axe traversant :<\/strong>\n\n<strong>Avant : <\/strong>M12P1.0114L\n\n<strong>Arri\u00e8re : <\/strong>M12P1.0163L\n\n<strong>D\u00e9gagement maximal des pneus : <\/strong>700x50C\n\n<strong>Jeu de direction :<\/strong> 1-1\/2\" \/ 1-1\/2\" (syst\u00e8me FSA ACR)\n\n<strong>Passage des c\u00e2bles :<\/strong> Interne\n\n<strong>Poids brut (approximatif) : <\/strong>Cadre (taille M) : 950 g, Fourche : 450 g, Tige de selle 360 mm : 130 g\n\n<strong>Finition : <\/strong>UD\n\n<strong>Patte de d\u00e9railleur : <\/strong>UDH\n\n<\/div>\n<\/div>\n<\/div>","_et_gb_content_width":""},"pwb-brand":[],"product_brand":[],"product_cat":[866],"product_tag":[794],"class_list":{"0":"post-9523","1":"product","2":"type-product","3":"status-publish","4":"has-post-thumbnail","6":"product_cat-winspace","7":"product_tag-hambourg","8":"product_shipping_class-petites-pieces","10":"first","11":"instock","12":"taxable","13":"shipping-taxable","14":"purchasable","15":"product-type-variable"},"aioseo_notices":[],"brands":[],"_links":{"self":[{"href":"https:\/\/gravel-bikes.cc\/fr\/wp-json\/wp\/v2\/product\/9523","targetHints":{"allow":["GET"]}}],"collection":[{"href":"https:\/\/gravel-bikes.cc\/fr\/wp-json\/wp\/v2\/product"}],"about":[{"href":"https:\/\/gravel-bikes.cc\/fr\/wp-json\/wp\/v2\/types\/product"}],"wp:featuredmedia":[{"embeddable":true,"href":"https:\/\/gravel-bikes.cc\/fr\/wp-json\/wp\/v2\/media\/5968"}],"wp:attachment":[{"href":"https:\/\/gravel-bikes.cc\/fr\/wp-json\/wp\/v2\/media?parent=9523"}],"wp:term":[{"taxonomy":"pwb-brand","embeddable":true,"href":"https:\/\/gravel-bikes.cc\/fr\/wp-json\/wp\/v2\/pwb-brand?post=9523"},{"taxonomy":"product_brand","embeddable":true,"href":"https:\/\/gravel-bikes.cc\/fr\/wp-json\/wp\/v2\/product_brand?post=9523"},{"taxonomy":"product_cat","embeddable":true,"href":"https:\/\/gravel-bikes.cc\/fr\/wp-json\/wp\/v2\/product_cat?post=9523"},{"taxonomy":"product_tag","embeddable":true,"href":"https:\/\/gravel-bikes.cc\/fr\/wp-json\/wp\/v2\/product_tag?post=9523"}],"curies":[{"name":"wp","href":"https:\/\/api.w.org\/{rel}","templated":true}]}}