{"id":9551,"date":"2025-12-24T16:23:43","date_gmt":"2025-12-24T16:23:43","guid":{"rendered":"https:\/\/gravel-bikes.cc\/produkt\/manivelles-microshift-2-x-10\/"},"modified":"2025-12-24T16:23:43","modified_gmt":"2025-12-24T16:23:43","slug":"manivelles-microshift-2-x-10","status":"publish","type":"product","link":"https:\/\/gravel-bikes.cc\/fr\/produkt\/manivelles-microshift-2-x-10\/","title":{"rendered":"Manivelles MICROSHIFT 2 x 10"},"content":{"rendered":"","protected":false},"excerpt":{"rendered":"<h3>D\u00e9tails du produit<\/h3>\n<table class=\"table table-striped table-responsive\">\n<tbody>\n<tr>\n<td class=\"\">Nombre de dents<\/td>\n<td id=\"wert_78\">31\/48 dents<\/td>\n<\/tr>\n<tr>\n<td class=\"\">Longueur des manivelles<\/td>\n<td id=\"wert_88\">\n<ul class=\"list-unstyled\">\n<li>175 mm<\/li>\n<\/ul>\n<\/td>\n<\/tr>\n<tr>\n<td class=\"\">D\u00e9tails<\/td>\n<td id=\"wert_1021398\">\n<ul class=\"list-unstyled\">\n<li>cuvettes de bo\u00eetier de p\u00e9dalier externes en aluminium usin\u00e9 CNC<\/li>\n<\/ul>\n<\/td>\n<\/tr>\n<tr>\n<td class=\"\">D\u00e9signation suppl\u00e9mentaire<\/td>\n<td id=\"wert_1022409\">Sword<\/td>\n<\/tr>\n<tr>\n<td class=\"\">Couleur<\/td>\n<td id=\"wert_10090\">\n<ul class=\"list-unstyled\">\n<li>noir anodis\u00e9<\/li>\n<\/ul>\n<\/td>\n<\/tr>\n<tr>\n<td class=\"\">Vitesses arri\u00e8re<\/td>\n<td id=\"wert_57\">\n<ul class=\"list-unstyled\">\n<li>10 vitesses<\/li>\n<\/ul>\n<\/td>\n<\/tr>\n<tr>\n<td class=\"\">Vitesses avant<\/td>\n<td id=\"wert_118\">\n<ul class=\"list-unstyled\">\n<li>2 vitesses<\/li>\n<\/ul>\n<\/td>\n<\/tr>\n<tr>\n<td class=\"\">Q-factor<\/td>\n<td id=\"wert_1012179\">154 mm<\/td>\n<\/tr>\n<tr>\n<td class=\"\">pour\/avec type de bo\u00eetier de p\u00e9dalier<\/td>\n<td id=\"wert_83\">\n<ul class=\"list-unstyled\">\n<li>BSA<\/li>\n<\/ul>\n<\/td>\n<\/tr>\n<tr>\n<td class=\"\">Diam\u00e8tre d\u2019entraxe<\/td>\n<td id=\"wert_79\">80\/110<\/td>\n<\/tr>\n<tr>\n<td class=\"\">Mat\u00e9riau des manivelles<\/td>\n<td id=\"wert_90\">\n<ul class=\"list-unstyled\">\n<li>Aluminium<\/li>\n<\/ul>\n<\/td>\n<\/tr>\n<tr>\n<td class=\"\">Mat\u00e9riau des plateaux<\/td>\n<td id=\"wert_91\">\n<ul class=\"list-unstyled\">\n<li>Acier\/aluminium usin\u00e9 CNC<\/li>\n<\/ul>\n<\/td>\n<\/tr>\n<tr>\n<td class=\"\">Pas de cha\u00eene<\/td>\n<td id=\"wert_184\">\n<ul class=\"list-unstyled\">\n<li>1\/2&#8243;<\/li>\n<\/ul>\n<\/td>\n<\/tr>\n<tr>\n<td class=\"\">Largeur int\u00e9rieure de la cha\u00eene<\/td>\n<td id=\"wert_185\">\n<ul class=\"list-unstyled\">\n<li>11\/128&#8243;<\/li>\n<\/ul>\n<\/td>\n<\/tr>\n<tr>\n<td class=\"\">Ligne de cha\u00eene<\/td>\n<td id=\"wert_76\">47 mm<\/td>\n<\/tr>\n<tr>\n<td class=\"\">Emballage<\/td>\n<td id=\"wert_1012172\">\n<ul class=\"list-unstyled\">\n<li>Emballage datelier<\/li>\n<\/ul>\n<\/td>\n<\/tr>\n<\/tbody>\n<\/table>\n","protected":false},"featured_media":2830,"template":"","meta":{"_et_pb_use_builder":"","_et_pb_old_content":"","_et_gb_content_width":"","om_disable_all_campaigns":false,"_monsterinsights_skip_tracking":false,"_monsterinsights_sitenote_active":false,"_monsterinsights_sitenote_note":"","_monsterinsights_sitenote_category":0},"pwb-brand":[],"product_brand":[],"product_cat":[854],"product_tag":[],"class_list":{"0":"post-9551","1":"product","2":"type-product","3":"status-publish","4":"has-post-thumbnail","6":"product_cat-pedaliers","8":"first","9":"instock","10":"taxable","11":"shipping-taxable","12":"purchasable","13":"product-type-simple"},"aioseo_notices":[],"brands":[],"_links":{"self":[{"href":"https:\/\/gravel-bikes.cc\/fr\/wp-json\/wp\/v2\/product\/9551","targetHints":{"allow":["GET"]}}],"collection":[{"href":"https:\/\/gravel-bikes.cc\/fr\/wp-json\/wp\/v2\/product"}],"about":[{"href":"https:\/\/gravel-bikes.cc\/fr\/wp-json\/wp\/v2\/types\/product"}],"wp:featuredmedia":[{"embeddable":true,"href":"https:\/\/gravel-bikes.cc\/fr\/wp-json\/wp\/v2\/media\/2830"}],"wp:attachment":[{"href":"https:\/\/gravel-bikes.cc\/fr\/wp-json\/wp\/v2\/media?parent=9551"}],"wp:term":[{"taxonomy":"pwb-brand","embeddable":true,"href":"https:\/\/gravel-bikes.cc\/fr\/wp-json\/wp\/v2\/pwb-brand?post=9551"},{"taxonomy":"product_brand","embeddable":true,"href":"https:\/\/gravel-bikes.cc\/fr\/wp-json\/wp\/v2\/product_brand?post=9551"},{"taxonomy":"product_cat","embeddable":true,"href":"https:\/\/gravel-bikes.cc\/fr\/wp-json\/wp\/v2\/product_cat?post=9551"},{"taxonomy":"product_tag","embeddable":true,"href":"https:\/\/gravel-bikes.cc\/fr\/wp-json\/wp\/v2\/product_tag?post=9551"}],"curies":[{"name":"wp","href":"https:\/\/api.w.org\/{rel}","templated":true}]}}