{"id":9568,"date":"2025-12-24T18:28:09","date_gmt":"2025-12-24T18:28:09","guid":{"rendered":"https:\/\/gravel-bikes.cc\/produkt\/pedale-shimano-eh-500\/"},"modified":"2025-12-24T18:28:09","modified_gmt":"2025-12-24T18:28:09","slug":"pedale-shimano-eh-500","status":"publish","type":"product","link":"https:\/\/gravel-bikes.cc\/fr\/produkt\/pedale-shimano-eh-500\/","title":{"rendered":"P\u00e9dale Shimano EH 500"},"content":{"rendered":"<p>&nbsp;<\/p>\n<p><b>Utilisation :<\/b> Sport<\/p>\n<p><b>S\u00e9rie :<\/b> Sans groupe sp\u00e9cifique<\/p>\n<p><b>SPD\/SPD-SL :<\/b> 1. SPD, 2. Plateforme<\/p>\n<p><b>Axe de p\u00e9dale :<\/b> Acier chromoly<\/p>\n<p><b>M\u00e9canisme \u00e9tanche :<\/b> Oui<\/p>\n<p><b>Tension de d\u00e9gagement r\u00e9glable :<\/b> Oui<\/p>\n<p><b>Corps de p\u00e9dale :<\/b> Aluminium laqu\u00e9<\/p>\n<p><b>Cales :<\/b> SM-SH56<\/p>\n<p><b>Cales en option :<\/b> SM-SH51<\/p>\n<p><b>Poids :<\/b> 383 g\/paire<\/p>\n","protected":false},"excerpt":{"rendered":"<ul>\n<li>Design SPD efficace avec syst\u00e8me daccroche dun c\u00f4t\u00e9 et surface dappui plate de lautre<\/li>\n<li>Meilleure adh\u00e9rence sur la face plate pour plus de contr\u00f4le<\/li>\n<li>Axe avec roulement compact \u00e9tanche n\u00e9cessitant peu dentretien<\/li>\n<li>Tension dengagement et de d\u00e9sengagement r\u00e9glable<\/li>\n<\/ul>\n","protected":false},"featured_media":2890,"template":"","meta":{"_et_pb_use_builder":"","_et_pb_old_content":"","_et_gb_content_width":"","om_disable_all_campaigns":false,"_monsterinsights_skip_tracking":false,"_monsterinsights_sitenote_active":false,"_monsterinsights_sitenote_note":"","_monsterinsights_sitenote_category":0},"pwb-brand":[],"product_brand":[],"product_cat":[762],"product_tag":[791],"class_list":{"0":"post-9568","1":"product","2":"type-product","3":"status-publish","4":"has-post-thumbnail","6":"product_cat-pedales","7":"product_tag-pedales-shimano","8":"product_shipping_class-petites-pieces","10":"first","11":"instock","12":"sale","13":"taxable","14":"shipping-taxable","15":"purchasable","16":"product-type-simple"},"aioseo_notices":[],"brands":[],"_links":{"self":[{"href":"https:\/\/gravel-bikes.cc\/fr\/wp-json\/wp\/v2\/product\/9568","targetHints":{"allow":["GET"]}}],"collection":[{"href":"https:\/\/gravel-bikes.cc\/fr\/wp-json\/wp\/v2\/product"}],"about":[{"href":"https:\/\/gravel-bikes.cc\/fr\/wp-json\/wp\/v2\/types\/product"}],"wp:featuredmedia":[{"embeddable":true,"href":"https:\/\/gravel-bikes.cc\/fr\/wp-json\/wp\/v2\/media\/2890"}],"wp:attachment":[{"href":"https:\/\/gravel-bikes.cc\/fr\/wp-json\/wp\/v2\/media?parent=9568"}],"wp:term":[{"taxonomy":"pwb-brand","embeddable":true,"href":"https:\/\/gravel-bikes.cc\/fr\/wp-json\/wp\/v2\/pwb-brand?post=9568"},{"taxonomy":"product_brand","embeddable":true,"href":"https:\/\/gravel-bikes.cc\/fr\/wp-json\/wp\/v2\/product_brand?post=9568"},{"taxonomy":"product_cat","embeddable":true,"href":"https:\/\/gravel-bikes.cc\/fr\/wp-json\/wp\/v2\/product_cat?post=9568"},{"taxonomy":"product_tag","embeddable":true,"href":"https:\/\/gravel-bikes.cc\/fr\/wp-json\/wp\/v2\/product_tag?post=9568"}],"curies":[{"name":"wp","href":"https:\/\/api.w.org\/{rel}","templated":true}]}}