{"id":9575,"date":"2025-12-23T15:56:56","date_gmt":"2025-12-23T15:56:56","guid":{"rendered":"https:\/\/gravel-bikes.cc\/produkt\/cintres-gravel-enve\/"},"modified":"2025-12-23T15:56:56","modified_gmt":"2025-12-23T15:56:56","slug":"cintres-gravel-enve","status":"publish","type":"product","link":"https:\/\/gravel-bikes.cc\/fr\/produkt\/cintres-gravel-enve\/","title":{"rendered":"CINTRES GRAVEL ENVE"},"content":{"rendered":"<h4 class=\"title_block\">CINTRE COMPACT<\/h4>\n<div class=\"block_content\">\n<table border=\"0\" width=\"100%\" frame=\"VOID\" rules=\"NONE\" cellspacing=\"0\">\n<tbody>\n<tr>\n<td align=\"LEFT\" height=\"19\"><b>Mat\u00e9riau<\/b><\/td>\n<td align=\"LEFT\">Fibre de carbone<\/td>\n<\/tr>\n<tr>\n<td align=\"LEFT\" height=\"19\"><b>Compatible Di2<\/b><\/td>\n<td align=\"LEFT\">Oui<\/td>\n<\/tr>\n<tr>\n<td align=\"LEFT\" valign=\"MIDDLE\" height=\"19\"><b>Largeur axe \u00e0 axe aux cocottes<\/b><\/td>\n<td align=\"LEFT\" valign=\"MIDDLE\">38 cm, 40 cm, 42 cm, 44 cm, 46 cm<\/td>\n<\/tr>\n<tr>\n<td align=\"LEFT\" valign=\"MIDDLE\" height=\"19\"><b>Largeur axe \u00e0 axe aux drops<\/b><\/td>\n<td align=\"LEFT\" valign=\"MIDDLE\">40 cm, 42 cm, 44 cm, 46 cm, 48 cm<\/td>\n<\/tr>\n<tr>\n<td align=\"LEFT\" valign=\"MIDDLE\" height=\"19\"><b>Reach<\/b><\/td>\n<td align=\"LEFT\" valign=\"MIDDLE\">79 mm<\/td>\n<\/tr>\n<tr>\n<td align=\"LEFT\" height=\"19\"><b>Drop\/Rise<\/b><\/td>\n<td align=\"LEFT\">127 mm<\/td>\n<\/tr>\n<tr>\n<td align=\"LEFT\" height=\"19\"><b>Diam\u00e8tre de serrage<\/b><\/td>\n<td align=\"LEFT\">31,8<\/td>\n<\/tr>\n<tr>\n<td align=\"LEFT\" height=\"19\"><b>Couple de serrage : plaque frontale<\/b><\/td>\n<td align=\"LEFT\">5,5 Nm<\/td>\n<\/tr>\n<tr>\n<td align=\"LEFT\" height=\"19\"><b>Couple de serrage : commandes<\/b><\/td>\n<td align=\"LEFT\">6 Nm-8 Nm<\/td>\n<\/tr>\n<tr>\n<td align=\"LEFT\" height=\"19\"><b>Poids<\/b><\/td>\n<td align=\"LEFT\">38 cm \u2013 212 g<\/td>\n<\/tr>\n<tr>\n<td align=\"LEFT\" height=\"19\"><\/td>\n<td align=\"LEFT\">40 cm \u2013 216 g<\/td>\n<\/tr>\n<tr>\n<td align=\"LEFT\" height=\"19\"><\/td>\n<td align=\"LEFT\">42 cm \u2013 220 g<\/td>\n<\/tr>\n<tr>\n<td align=\"LEFT\" height=\"19\"><\/td>\n<td align=\"LEFT\">44 cm \u2013 229 g<\/td>\n<\/tr>\n<tr>\n<td align=\"LEFT\" height=\"19\"><\/td>\n<td align=\"LEFT\">47 cm \u2013 230 g<\/td>\n<\/tr>\n<\/tbody>\n<\/table>\n<\/div>\n","protected":false},"excerpt":{"rendered":"<p>Un cintre carbone sp\u00e9cialement con\u00e7u pour am\u00e9liorer lexp\u00e9rience gravel en position basse. Comme pour nos roues gravel, nous avons identifi\u00e9 un besoin dans le monde du gravel pour un cintre carbone qui nexistait pas. Notre exp\u00e9rience en gravel nous a appris que le bon angle douverture dans les drops offre plus de contr\u00f4le et de confiance dans presque toutes les situations o\u00f9 rouler en position basse est pr\u00e9f\u00e9rable. Notre exp\u00e9rience en VTT nous a montr\u00e9 que des cintres larges am\u00e9liorent \u00e9galement le contr\u00f4le et la confiance. Cest pourquoi le cintre s\u00e9rie G est disponible en largeurs allant de 42 cm \u00e0 48 cm, mesur\u00e9es axe \u00e0 axe aux cocottes. Notre exp\u00e9rience en v\u00e9lo de route et dans le d\u00e9veloppement de cintres pour les coureurs du World Tour nous a permis de cr\u00e9er un cintre gravel ergonomiquement confortable pour de longues heures en selle. Notre expertise dans la conception de stratifi\u00e9s en fibre de carbone nous a permis daffiner le cintre s\u00e9rie G pour absorber et amortir les vibrations de la piste, minimisant la fatigue du haut du corps. Le cintre s\u00e9rie G a \u00e9t\u00e9 cr\u00e9\u00e9 parce que nous roulons, et en tant que cyclistes, nous savons ce qui fait une meilleure exp\u00e9rience gravel.       <\/p>\n<p>Que ce soit pour descendre les pentes raides et techniques du Crusher in the Tushar, trouver des positions de mains plus confortables pendant les 320 km du Dirty Kanza, ou pour tes aventures gravel locales, ce cintre tout carbone offre aux gravellistes exigeants les options, le confort et le contr\u00f4le dont ils ont besoin pour rouler en toute confiance.<\/p>\n","protected":false},"featured_media":2431,"template":"","meta":{"_et_pb_use_builder":"","_et_pb_old_content":"","_et_gb_content_width":"","om_disable_all_campaigns":false,"_monsterinsights_skip_tracking":false,"_monsterinsights_sitenote_active":false,"_monsterinsights_sitenote_note":"","_monsterinsights_sitenote_category":0},"pwb-brand":[],"product_brand":[],"product_cat":[749],"product_tag":[880],"class_list":{"0":"post-9575","1":"product","2":"type-product","3":"status-publish","4":"has-post-thumbnail","6":"product_cat-cintres","7":"product_tag-cintre-gravel-enve","9":"first","10":"instock","11":"sale","12":"taxable","13":"shipping-taxable","14":"purchasable","15":"product-type-variable"},"aioseo_notices":[],"brands":[],"_links":{"self":[{"href":"https:\/\/gravel-bikes.cc\/fr\/wp-json\/wp\/v2\/product\/9575","targetHints":{"allow":["GET"]}}],"collection":[{"href":"https:\/\/gravel-bikes.cc\/fr\/wp-json\/wp\/v2\/product"}],"about":[{"href":"https:\/\/gravel-bikes.cc\/fr\/wp-json\/wp\/v2\/types\/product"}],"wp:featuredmedia":[{"embeddable":true,"href":"https:\/\/gravel-bikes.cc\/fr\/wp-json\/wp\/v2\/media\/2431"}],"wp:attachment":[{"href":"https:\/\/gravel-bikes.cc\/fr\/wp-json\/wp\/v2\/media?parent=9575"}],"wp:term":[{"taxonomy":"pwb-brand","embeddable":true,"href":"https:\/\/gravel-bikes.cc\/fr\/wp-json\/wp\/v2\/pwb-brand?post=9575"},{"taxonomy":"product_brand","embeddable":true,"href":"https:\/\/gravel-bikes.cc\/fr\/wp-json\/wp\/v2\/product_brand?post=9575"},{"taxonomy":"product_cat","embeddable":true,"href":"https:\/\/gravel-bikes.cc\/fr\/wp-json\/wp\/v2\/product_cat?post=9575"},{"taxonomy":"product_tag","embeddable":true,"href":"https:\/\/gravel-bikes.cc\/fr\/wp-json\/wp\/v2\/product_tag?post=9575"}],"curies":[{"name":"wp","href":"https:\/\/api.w.org\/{rel}","templated":true}]}}