{"id":9583,"date":"2025-12-23T19:44:32","date_gmt":"2025-12-23T19:44:32","guid":{"rendered":"https:\/\/gravel-bikes.cc\/produkt\/cintre-gravel-enve-ses\/"},"modified":"2025-12-23T19:44:32","modified_gmt":"2025-12-23T19:44:32","slug":"cintre-gravel-enve-ses","status":"publish","type":"product","link":"https:\/\/gravel-bikes.cc\/fr\/produkt\/cintre-gravel-enve-ses\/","title":{"rendered":"CINTRE GRAVEL ENVE SES"},"content":{"rendered":"","protected":false},"excerpt":{"rendered":"<p>Lun des cintres les plus populaires de la gamme ENVE est d\u00e9sormais plus largement disponible. Le cintre combo SES AR combine des courbures compos\u00e9es, une forme ergonomique, un profil a\u00e9rodynamique et une compatibilit\u00e9 avec le syst\u00e8me IN-ROUTE dENVE. Cest un choix essentiel pour les cyclistes route et gravel. Le SES AR monobloc est compatible avec les mod\u00e8les ENVE Melee, Fray, MOG, Custom Road et une large gamme de cadres haut de gamme \u00e9quip\u00e9s du syst\u00e8me IN-ROUTE dENVE. ENVE a \u00e9galement d\u00e9velopp\u00e9 des capuchons pour \u00e9tendre la compatibilit\u00e9 avec les grandes marques, ce qui en fait lupgrade ultime pour les cintres combo.    <\/p>\n<p>Le cintre combo SES AR est livr\u00e9 avec le support ordinateur UL Carbon avec fixation daccessoires, ainsi que des inserts Garmin et Wahoo.<\/p>\n<p>Disponible en 20 combinaisons de tailles, avec des longueurs de potence allant de 90 \u00e0 130 mm et des largeurs de cintre allant de 38 \u00e0 44 cm. Les capuchons de roulement IN-ROUTE sont disponibles pour la compatibilit\u00e9 avec Cervelo, Trek, Specialized et de nombreux autres v\u00e9los. <\/p>\n","protected":false},"featured_media":2446,"template":"","meta":{"_et_pb_use_builder":"","_et_pb_old_content":"","_et_gb_content_width":"","om_disable_all_campaigns":false,"_monsterinsights_skip_tracking":false,"_monsterinsights_sitenote_active":false,"_monsterinsights_sitenote_note":"","_monsterinsights_sitenote_category":0},"pwb-brand":[],"product_brand":[],"product_cat":[749],"product_tag":[880],"class_list":{"0":"post-9583","1":"product","2":"type-product","3":"status-publish","4":"has-post-thumbnail","6":"product_cat-cintres","7":"product_tag-cintre-gravel-enve","9":"first","10":"instock","11":"sale","12":"taxable","13":"shipping-taxable","14":"purchasable","15":"product-type-variable"},"aioseo_notices":[],"brands":[],"_links":{"self":[{"href":"https:\/\/gravel-bikes.cc\/fr\/wp-json\/wp\/v2\/product\/9583","targetHints":{"allow":["GET"]}}],"collection":[{"href":"https:\/\/gravel-bikes.cc\/fr\/wp-json\/wp\/v2\/product"}],"about":[{"href":"https:\/\/gravel-bikes.cc\/fr\/wp-json\/wp\/v2\/types\/product"}],"wp:featuredmedia":[{"embeddable":true,"href":"https:\/\/gravel-bikes.cc\/fr\/wp-json\/wp\/v2\/media\/2446"}],"wp:attachment":[{"href":"https:\/\/gravel-bikes.cc\/fr\/wp-json\/wp\/v2\/media?parent=9583"}],"wp:term":[{"taxonomy":"pwb-brand","embeddable":true,"href":"https:\/\/gravel-bikes.cc\/fr\/wp-json\/wp\/v2\/pwb-brand?post=9583"},{"taxonomy":"product_brand","embeddable":true,"href":"https:\/\/gravel-bikes.cc\/fr\/wp-json\/wp\/v2\/product_brand?post=9583"},{"taxonomy":"product_cat","embeddable":true,"href":"https:\/\/gravel-bikes.cc\/fr\/wp-json\/wp\/v2\/product_cat?post=9583"},{"taxonomy":"product_tag","embeddable":true,"href":"https:\/\/gravel-bikes.cc\/fr\/wp-json\/wp\/v2\/product_tag?post=9583"}],"curies":[{"name":"wp","href":"https:\/\/api.w.org\/{rel}","templated":true}]}}