{"id":9602,"date":"2025-12-23T10:33:28","date_gmt":"2025-12-23T10:33:28","guid":{"rendered":"https:\/\/gravel-bikes.cc\/produkt\/enve-foundation-65-mm\/"},"modified":"2025-12-23T10:33:28","modified_gmt":"2025-12-23T10:33:28","slug":"enve-foundation-65-mm","status":"publish","type":"product","link":"https:\/\/gravel-bikes.cc\/fr\/produkt\/enve-foundation-65-mm\/","title":{"rendered":"ENVE FOUNDATION 65 mm"},"content":{"rendered":"","protected":false},"excerpt":{"rendered":"<p>L\u2019ENVE 45 est une roue carbone route moderne \u00e0 tous points de vue. Les cyclistes \u00e0 tendance comp\u00e9titive, ceux qui aiment les efforts solos intenses ou ceux en qu\u00eate de routes oubli\u00e9es y trouveront les propri\u00e9t\u00e9s dynamiques dont le routier moderne a besoin. <\/p>\n","protected":false},"featured_media":2375,"template":"","meta":{"_et_pb_use_builder":"","_et_pb_old_content":"","_et_gb_content_width":"","om_disable_all_campaigns":false,"_monsterinsights_skip_tracking":false,"_monsterinsights_sitenote_active":false,"_monsterinsights_sitenote_note":"","_monsterinsights_sitenote_category":0},"pwb-brand":[],"product_brand":[],"product_cat":[756,747],"product_tag":[],"class_list":{"0":"post-9602","1":"product","2":"type-product","3":"status-publish","4":"has-post-thumbnail","6":"product_cat-non-classe","7":"product_cat-roues","9":"first","10":"instock","11":"taxable","12":"shipping-taxable","13":"purchasable","14":"product-type-variable"},"aioseo_notices":[],"brands":[],"_links":{"self":[{"href":"https:\/\/gravel-bikes.cc\/fr\/wp-json\/wp\/v2\/product\/9602","targetHints":{"allow":["GET"]}}],"collection":[{"href":"https:\/\/gravel-bikes.cc\/fr\/wp-json\/wp\/v2\/product"}],"about":[{"href":"https:\/\/gravel-bikes.cc\/fr\/wp-json\/wp\/v2\/types\/product"}],"wp:featuredmedia":[{"embeddable":true,"href":"https:\/\/gravel-bikes.cc\/fr\/wp-json\/wp\/v2\/media\/2375"}],"wp:attachment":[{"href":"https:\/\/gravel-bikes.cc\/fr\/wp-json\/wp\/v2\/media?parent=9602"}],"wp:term":[{"taxonomy":"pwb-brand","embeddable":true,"href":"https:\/\/gravel-bikes.cc\/fr\/wp-json\/wp\/v2\/pwb-brand?post=9602"},{"taxonomy":"product_brand","embeddable":true,"href":"https:\/\/gravel-bikes.cc\/fr\/wp-json\/wp\/v2\/product_brand?post=9602"},{"taxonomy":"product_cat","embeddable":true,"href":"https:\/\/gravel-bikes.cc\/fr\/wp-json\/wp\/v2\/product_cat?post=9602"},{"taxonomy":"product_tag","embeddable":true,"href":"https:\/\/gravel-bikes.cc\/fr\/wp-json\/wp\/v2\/product_tag?post=9602"}],"curies":[{"name":"wp","href":"https:\/\/api.w.org\/{rel}","templated":true}]}}