{"id":9755,"date":"2025-12-30T22:19:05","date_gmt":"2025-12-30T22:19:05","guid":{"rendered":"https:\/\/gravel-bikes.cc\/produkt\/plateau-wolf-tooth-aero-direct-mount-pour-manivelles-gravel-route-sram-8-boulons\/"},"modified":"2025-12-30T22:19:05","modified_gmt":"2025-12-30T22:19:05","slug":"plateau-wolf-tooth-aero-direct-mount-pour-manivelles-gravel-route-sram-8-boulons","status":"publish","type":"product","link":"https:\/\/gravel-bikes.cc\/fr\/produkt\/plateau-wolf-tooth-aero-direct-mount-pour-manivelles-gravel-route-sram-8-boulons\/","title":{"rendered":"Plateau Wolf Tooth Aero Direct Mount pour manivelles gravel\/route SRAM 8 boulons"},"content":{"rendered":"","protected":false},"excerpt":{"rendered":"<p>Con\u00e7us pour le gravel et la course sur route, et pour celles et ceux qui veulent optimiser chaque d\u00e9tail dans la qu\u00eate de vitesse, les plateaux Wolf Tooth Aero sont solides, l\u00e9gers et profil\u00e9s pour sadapter parfaitement \u00e0 ton p\u00e9dalier, pour un look \u00e9pur\u00e9 et int\u00e9gr\u00e9. En tirant parti des transmissions 1x et des cassettes arri\u00e8re \u00e0 plus grande plage, les plateaux Aero sont disponibles en 46T \u00e0 52T afin doffrir une plage globale similaire aux configurations de transmission 2x standard. Ils int\u00e8grent notre design brevet\u00e9 Drop-Stop\u00ae pour une meilleure dur\u00e9e de vie, une r\u00e9tention de cha\u00eene optimale et un meilleur d\u00e9gagement de la boue. Drop-Stop B est optimis\u00e9 pour les cha\u00eenes SRAM Eagle et Flattop.   <\/p>\n<p>&nbsp;<\/p>\n<p>Les plateaux Aero Direct Mount pour manivelles SRAM 8 boulons remplacent ton spider et ton plateau existants par une seule pi\u00e8ce usin\u00e9e dans la masse, au look \u00e9pur\u00e9, l\u00e9g\u00e8re et rigide.<\/p>\n<p>&nbsp;<\/p>\n<h4>Compatibilit\u00e9<\/h4>\n<p>&nbsp;<\/p>\n<p>Ces plateaux direct mount remplacent ton plateau et ton spider existants, ou remplacent le plateau direct mount des p\u00e9daliers SRAM AXS et dautres p\u00e9daliers utilisant le standard de fixation 8 boulons.<\/p>\n<p>Les p\u00e9daliers route SRAM Direct Mount DUB utilisent le standard de fixation 8 boulons. Tous ces p\u00e9daliers avec un spider amovible utilisent aussi la fixation 8 boulons. <\/p>\n<p>&nbsp;<\/p>\n","protected":false},"featured_media":4368,"template":"","meta":{"_et_pb_use_builder":"","_et_pb_old_content":"","_et_gb_content_width":"","om_disable_all_campaigns":false,"_monsterinsights_skip_tracking":false,"_monsterinsights_sitenote_active":false,"_monsterinsights_sitenote_note":"","_monsterinsights_sitenote_category":0},"pwb-brand":[],"product_brand":[],"product_cat":[776,889],"product_tag":[],"class_list":{"0":"post-9755","1":"product","2":"type-product","3":"status-publish","4":"has-post-thumbnail","6":"product_cat-plateau","7":"product_cat-wolftooth","9":"first","10":"instock","11":"taxable","12":"shipping-taxable","13":"purchasable","14":"product-type-simple"},"aioseo_notices":[],"brands":[],"_links":{"self":[{"href":"https:\/\/gravel-bikes.cc\/fr\/wp-json\/wp\/v2\/product\/9755","targetHints":{"allow":["GET"]}}],"collection":[{"href":"https:\/\/gravel-bikes.cc\/fr\/wp-json\/wp\/v2\/product"}],"about":[{"href":"https:\/\/gravel-bikes.cc\/fr\/wp-json\/wp\/v2\/types\/product"}],"wp:featuredmedia":[{"embeddable":true,"href":"https:\/\/gravel-bikes.cc\/fr\/wp-json\/wp\/v2\/media\/4368"}],"wp:attachment":[{"href":"https:\/\/gravel-bikes.cc\/fr\/wp-json\/wp\/v2\/media?parent=9755"}],"wp:term":[{"taxonomy":"pwb-brand","embeddable":true,"href":"https:\/\/gravel-bikes.cc\/fr\/wp-json\/wp\/v2\/pwb-brand?post=9755"},{"taxonomy":"product_brand","embeddable":true,"href":"https:\/\/gravel-bikes.cc\/fr\/wp-json\/wp\/v2\/product_brand?post=9755"},{"taxonomy":"product_cat","embeddable":true,"href":"https:\/\/gravel-bikes.cc\/fr\/wp-json\/wp\/v2\/product_cat?post=9755"},{"taxonomy":"product_tag","embeddable":true,"href":"https:\/\/gravel-bikes.cc\/fr\/wp-json\/wp\/v2\/product_tag?post=9755"}],"curies":[{"name":"wp","href":"https:\/\/api.w.org\/{rel}","templated":true}]}}