{"id":9769,"date":"2025-12-31T15:59:54","date_gmt":"2025-12-31T15:59:54","guid":{"rendered":"https:\/\/gravel-bikes.cc\/produkt\/bidon-fidlock-twist-590-avec-base-fidlock-twist-uni-noir\/"},"modified":"2025-12-31T15:59:54","modified_gmt":"2025-12-31T15:59:54","slug":"bidon-fidlock-twist-590-avec-base-fidlock-twist-uni-noir","status":"publish","type":"product","link":"https:\/\/gravel-bikes.cc\/fr\/produkt\/bidon-fidlock-twist-590-avec-base-fidlock-twist-uni-noir\/","title":{"rendered":"Bidon FIDLOCK TWIST 590 avec base FIDLOCK TWIST uni Noir"},"content":{"rendered":"","protected":false},"excerpt":{"rendered":"<h4 class=\"title-info-product\"><\/h4>\n<div class=\"product-description\">\n<p>Livraison incluant la base v\u00e9lo TWIST \u00e0 visser sur les inserts filet\u00e9s. <\/p>\n<ul>\n<li>Volume de 590 ml<\/li>\n<li>Nouveau bouchon \u00e9tanche et auto-scellant avec valve \u00e0 haut d\u00e9bit et capuchon de protection optionnel<\/li>\n<li>Lavable au lave-vaisselle<\/li>\n<li>Poly\u00e9thyl\u00e8ne sans BPA<\/li>\n<li>Sadapte \u00e0 toutes les bases TWIST<\/li>\n<\/ul>\n<\/div>\n","protected":false},"featured_media":4517,"template":"","meta":{"_et_pb_use_builder":"","_et_pb_old_content":"","_et_gb_content_width":""},"pwb-brand":[],"product_brand":[],"product_cat":[792],"product_tag":[892],"class_list":{"0":"post-9769","1":"product","2":"type-product","3":"status-publish","4":"has-post-thumbnail","6":"product_cat-bidons","7":"product_tag-fidlock","8":"product_shipping_class-petites-pieces","10":"first","11":"instock","12":"taxable","13":"shipping-taxable","14":"purchasable","15":"product-type-simple"},"aioseo_notices":[],"brands":[],"_links":{"self":[{"href":"https:\/\/gravel-bikes.cc\/fr\/wp-json\/wp\/v2\/product\/9769","targetHints":{"allow":["GET"]}}],"collection":[{"href":"https:\/\/gravel-bikes.cc\/fr\/wp-json\/wp\/v2\/product"}],"about":[{"href":"https:\/\/gravel-bikes.cc\/fr\/wp-json\/wp\/v2\/types\/product"}],"wp:featuredmedia":[{"embeddable":true,"href":"https:\/\/gravel-bikes.cc\/fr\/wp-json\/wp\/v2\/media\/4517"}],"wp:attachment":[{"href":"https:\/\/gravel-bikes.cc\/fr\/wp-json\/wp\/v2\/media?parent=9769"}],"wp:term":[{"taxonomy":"pwb-brand","embeddable":true,"href":"https:\/\/gravel-bikes.cc\/fr\/wp-json\/wp\/v2\/pwb-brand?post=9769"},{"taxonomy":"product_brand","embeddable":true,"href":"https:\/\/gravel-bikes.cc\/fr\/wp-json\/wp\/v2\/product_brand?post=9769"},{"taxonomy":"product_cat","embeddable":true,"href":"https:\/\/gravel-bikes.cc\/fr\/wp-json\/wp\/v2\/product_cat?post=9769"},{"taxonomy":"product_tag","embeddable":true,"href":"https:\/\/gravel-bikes.cc\/fr\/wp-json\/wp\/v2\/product_tag?post=9769"}],"curies":[{"name":"wp","href":"https:\/\/api.w.org\/{rel}","templated":true}]}}