{"id":9784,"date":"2025-12-31T14:46:33","date_gmt":"2025-12-31T14:46:33","guid":{"rendered":"https:\/\/gravel-bikes.cc\/produkt\/velo-gravel-aurum-manto-sram-red\/"},"modified":"2026-03-22T12:53:02","modified_gmt":"2026-03-22T12:53:02","slug":"velo-gravel-aurum-manto-sram-red","status":"publish","type":"product","link":"https:\/\/gravel-bikes.cc\/fr\/produkt\/velo-gravel-aurum-manto-sram-red\/","title":{"rendered":"V\u00e9lo Gravel AURUM MANTO SRAM RED"},"content":{"rendered":"<p>[et_pb_section fb_built=&#8221;1&#8243; _builder_version=&#8221;4.27.5&#8243; _module_preset=&#8221;default&#8221; global_colors_info=&#8221;{}&#8221;][et_pb_row _builder_version=&#8221;4.27.5&#8243; _module_preset=&#8221;default&#8221; global_colors_info=&#8221;{}&#8221;][et_pb_column type=&#8221;4_4&#8243; _builder_version=&#8221;4.27.5&#8243; _module_preset=&#8221;default&#8221; global_colors_info=&#8221;{}&#8221;][et_pb_image src=&#8221;https:\/\/gravel-bikes.cc\/wp-content\/uploads\/2025\/12\/MANTO-GRX-CADAQUES-SOMBRA-1080&#215;720-1.webp&#8221; title_text=&#8221;MANTO-GRX-CADAQUES-SOMBRA-1080&#215;720 (1)&#8221; _builder_version=&#8221;4.27.5&#8243; _module_preset=&#8221;default&#8221; global_colors_info=&#8221;{}&#8221;][\/et_pb_image][\/et_pb_column][\/et_pb_row][\/et_pb_section][et_pb_section fb_built=&#8221;1&#8243; _builder_version=&#8221;4.16&#8243; custom_padding=&#8221;0px||||false|false&#8221; global_colors_info=&#8221;{}&#8221;][et_pb_row _builder_version=&#8221;4.16&#8243; background_size=&#8221;initial&#8221; background_position=&#8221;top_left&#8221; background_repeat=&#8221;repeat&#8221; width=&#8221;100%&#8221; custom_padding=&#8221;0px||0px||false|false&#8221; global_colors_info=&#8221;{}&#8221;][et_pb_column type=&#8221;4_4&#8243; _builder_version=&#8221;4.16&#8243; custom_padding=&#8221;|||&#8221; global_colors_info=&#8221;{}&#8221; custom_padding__hover=&#8221;|||&#8221;][et_pb_wc_breadcrumb _builder_version=&#8221;4.16&#8243; global_colors_info=&#8221;{}&#8221;][\/et_pb_wc_breadcrumb][et_pb_wc_cart_notice _builder_version=&#8221;4.16&#8243; global_colors_info=&#8221;{}&#8221;][\/et_pb_wc_cart_notice][\/et_pb_column][\/et_pb_row][et_pb_row column_structure=&#8221;1_2,1_2&#8243; _builder_version=&#8221;4.16&#8243; background_size=&#8221;initial&#8221; background_position=&#8221;top_left&#8221; background_repeat=&#8221;repeat&#8221; width=&#8221;100%&#8221; custom_padding=&#8221;0px||||false|false&#8221; global_colors_info=&#8221;{}&#8221;][et_pb_column type=&#8221;1_2&#8243; _builder_version=&#8221;4.16&#8243; custom_padding=&#8221;|||&#8221; global_colors_info=&#8221;{}&#8221; custom_padding__hover=&#8221;|||&#8221;][et_pb_wc_images _builder_version=&#8221;4.16&#8243; global_colors_info=&#8221;{}&#8221;][\/et_pb_wc_images][et_pb_image title_text=&#8221;ENVE-MY24-Fray_Ash_03_b12b3081-d19e-4c81-9534-60f1b586e86f&#8221; _builder_version=&#8221;4.27.5&#8243; _module_preset=&#8221;default&#8221; global_colors_info=&#8221;{}&#8221;][\/et_pb_image][\/et_pb_column][et_pb_column type=&#8221;1_2&#8243; _builder_version=&#8221;4.16&#8243; custom_padding=&#8221;|||&#8221; global_colors_info=&#8221;{}&#8221; custom_padding__hover=&#8221;|||&#8221;][et_pb_wc_title _builder_version=&#8221;4.16&#8243; global_colors_info=&#8221;{}&#8221;][\/et_pb_wc_title][et_pb_wc_rating _builder_version=&#8221;4.16&#8243; global_colors_info=&#8221;{}&#8221;][\/et_pb_wc_rating][et_pb_wc_price _builder_version=&#8221;4.16&#8243; global_colors_info=&#8221;{}&#8221;][\/et_pb_wc_price][et_pb_wc_description _builder_version=&#8221;4.16&#8243; global_colors_info=&#8221;{}&#8221;][\/et_pb_wc_description][et_pb_wc_add_to_cart _builder_version=&#8221;4.16&#8243; global_colors_info=&#8221;{}&#8221;][\/et_pb_wc_add_to_cart][et_pb_wc_meta _builder_version=&#8221;4.16&#8243; global_colors_info=&#8221;{}&#8221;][\/et_pb_wc_meta][\/et_pb_column][\/et_pb_row][et_pb_row column_structure=&#8221;1_3,1_3,1_3&#8243; _builder_version=&#8221;4.27.5&#8243; _module_preset=&#8221;default&#8221; global_colors_info=&#8221;{}&#8221;][et_pb_column type=&#8221;1_3&#8243; _builder_version=&#8221;4.27.5&#8243; _module_preset=&#8221;default&#8221; global_colors_info=&#8221;{}&#8221;][et_pb_button button_text=&#8221;LEASING V\u00c9LO&#8221; _builder_version=&#8221;4.27.5&#8243; _module_preset=&#8221;default&#8221; global_colors_info=&#8221;{}&#8221;][\/et_pb_button][\/et_pb_column][et_pb_column type=&#8221;1_3&#8243; _builder_version=&#8221;4.27.5&#8243; _module_preset=&#8221;default&#8221; global_colors_info=&#8221;{}&#8221;][et_pb_button button_text=&#8221;FINANCEMENT&#8221; _builder_version=&#8221;4.27.5&#8243; _module_preset=&#8221;default&#8221; global_colors_info=&#8221;{}&#8221;][\/et_pb_button][\/et_pb_column][et_pb_column type=&#8221;1_3&#8243; _builder_version=&#8221;4.27.5&#8243; _module_preset=&#8221;default&#8221; global_colors_info=&#8221;{}&#8221;][et_pb_button button_text=&#8221;ASSURANCE&#8221; _builder_version=&#8221;4.27.5&#8243; _module_preset=&#8221;default&#8221; global_colors_info=&#8221;{}&#8221;][\/et_pb_button][\/et_pb_column][\/et_pb_row][et_pb_row column_structure=&#8221;1_3,1_3,1_3&#8243; _builder_version=&#8221;4.27.5&#8243; _module_preset=&#8221;default&#8221; global_colors_info=&#8221;{}&#8221;][et_pb_column type=&#8221;1_3&#8243; _builder_version=&#8221;4.27.5&#8243; _module_preset=&#8221;default&#8221; global_colors_info=&#8221;{}&#8221;][et_pb_image src=&#8221;https:\/\/gravel-bikes.cc\/wp-content\/uploads\/2025\/12\/detalles-vertical-manto.webp&#8221; title_text=&#8221;detalles-vertical-manto&#8221; _builder_version=&#8221;4.27.5&#8243; _module_preset=&#8221;default&#8221; global_colors_info=&#8221;{}&#8221;][\/et_pb_image][\/et_pb_column][et_pb_column type=&#8221;1_3&#8243; _builder_version=&#8221;4.27.5&#8243; _module_preset=&#8221;default&#8221; global_colors_info=&#8221;{}&#8221;][et_pb_image src=&#8221;https:\/\/gravel-bikes.cc\/wp-content\/uploads\/2025\/12\/detalles-vertical-manto-2.webp&#8221; title_text=&#8221;detalles-vertical-manto-2&#8243; _builder_version=&#8221;4.27.5&#8243; _module_preset=&#8221;default&#8221; global_colors_info=&#8221;{}&#8221;][\/et_pb_image][\/et_pb_column][et_pb_column type=&#8221;1_3&#8243; _builder_version=&#8221;4.27.5&#8243; _module_preset=&#8221;default&#8221; global_colors_info=&#8221;{}&#8221;][et_pb_image src=&#8221;https:\/\/gravel-bikes.cc\/wp-content\/uploads\/2025\/12\/detalles-vertical-manto-3.webp&#8221; title_text=&#8221;detalles-vertical-manto-3&#8243; _builder_version=&#8221;4.27.5&#8243; _module_preset=&#8221;default&#8221; global_colors_info=&#8221;{}&#8221;][\/et_pb_image][\/et_pb_column][\/et_pb_row][et_pb_row _builder_version=&#8221;4.16&#8243; background_size=&#8221;initial&#8221; background_position=&#8221;top_left&#8221; background_repeat=&#8221;repeat&#8221; width=&#8221;100%&#8221; global_colors_info=&#8221;{}&#8221;][et_pb_column type=&#8221;4_4&#8243; _builder_version=&#8221;4.16&#8243; custom_padding=&#8221;|||&#8221; global_colors_info=&#8221;{}&#8221; custom_padding__hover=&#8221;|||&#8221;][et_pb_wc_tabs _builder_version=&#8221;4.16&#8243; global_colors_info=&#8221;{}&#8221;] [\/et_pb_wc_tabs][et_pb_wc_upsells _builder_version=&#8221;4.16&#8243; global_colors_info=&#8221;{}&#8221;][\/et_pb_wc_upsells][et_pb_wc_related_products _builder_version=&#8221;4.16&#8243; global_colors_info=&#8221;{}&#8221;][\/et_pb_wc_related_products][\/et_pb_column][\/et_pb_row][\/et_pb_section]<\/p>\n","protected":false},"excerpt":{"rendered":"<div class=\"product-block product-block--header\"><\/div>\n<div data-product-blocks=\"\">\n<div class=\"product-block\">\n<div class=\"rte\">\n<div class=\"x_x_elementToProof\"><\/div>\n<\/div>\n<\/div>\n<\/div>\n<div class=\"product-block product-block--header\">\n<table>\n<tbody>\n<tr>\n<td><span dir=\"auto\">Cadre<\/span><\/td>\n<td><span dir=\"auto\">AURUM MANTO ECT10 g\u00e9om\u00e9trie gravel, bo\u00eetier de p\u00e9dalier filet\u00e9 T47, c\u00e2blage interne, frein \u00e0 disque flat-mount<\/span><\/td>\n<\/tr>\n<tr>\n<td><span dir=\"auto\">Fourche<\/span><\/td>\n<td><span dir=\"auto\">AURUM MANTO ECT10 g\u00e9om\u00e9trie gravel, conique, c\u00e2blage interne, frein \u00e0 disque flat-mount<\/span><\/td>\n<\/tr>\n<tr>\n<td><span dir=\"auto\">Jeu de direction<\/span><\/td>\n<td><span dir=\"auto\">Roulements \u00e0 contact oblique acier inoxydable 1,5\u2033<\/span><\/td>\n<\/tr>\n<tr>\n<td><span dir=\"auto\">Axes traversants<\/span><\/td>\n<td><span dir=\"auto\">Axes stealth CNC AURUM 12 mm<\/span><\/td>\n<\/tr>\n<tr>\n<td><span dir=\"auto\">Patte de d\u00e9railleur<\/span><\/td>\n<td><span dir=\"auto\">UDH \u2013 Universelle<\/span><\/td>\n<\/tr>\n<tr>\n<td><span dir=\"auto\">Ruban de cintre<\/span><\/td>\n<td><span dir=\"auto\">AURUM Experience 3 mm<\/span><\/td>\n<\/tr>\n<tr>\n<td><span dir=\"auto\">Porte-bidon<\/span><\/td>\n<td><span dir=\"auto\">AURUM Carbone<\/span><\/td>\n<\/tr>\n<tr>\n<td><span dir=\"auto\">Bidon<\/span><\/td>\n<td><span dir=\"auto\">AURUM 500 ml<\/span><\/td>\n<\/tr>\n<tr>\n<td><span dir=\"auto\">Sacoche gravel<\/span><\/td>\n<td><span dir=\"auto\">Soft Bag MANTO<\/span><\/td>\n<\/tr>\n<\/tbody>\n<\/table>\n<\/div>\n<div data-product-blocks=\"\">\n<div class=\"product-block\">\n<div class=\"rte\">\n<div class=\"x_x_elementToProof\"><\/div>\n<\/div>\n<\/div>\n<\/div>\n","protected":false},"featured_media":4470,"template":"","meta":{"_et_pb_use_builder":"on","_et_pb_old_content":"<div class=\"elementor-element elementor-element-46396f45 e-con-full e-flex e-con e-parent\" data-id=\"46396f45\" data-element_type=\"container\">\n<div class=\"elementor-element elementor-element-6ae91733 e-flex e-con-boxed e-con e-child\" data-id=\"6ae91733\" data-element_type=\"container\">\n<div class=\"e-con-inner\">\n<div class=\"elementor-element elementor-element-157d1f65 elementor-widget elementor-widget-heading\" data-id=\"157d1f65\" data-element_type=\"widget\" data-widget_type=\"heading.default\">\n<div class=\"elementor-widget-container\">\n<h1 class=\"elementor-heading-title elementor-size-default\"><span dir=\"auto\">PERFORMANCE ILLIMIT\u00c9E<\/span><\/h1>\n<\/div>\n<\/div>\n<div class=\"elementor-element elementor-element-51c89f00 elementor-widget elementor-widget-text-editor\" data-id=\"51c89f00\" data-element_type=\"widget\" data-widget_type=\"text-editor.default\">\n<div class=\"elementor-widget-container\">\n\n<span dir=\"auto\">En bref, cest un MAGMA pour le gravel. Il suit les m\u00eames principes et le m\u00eame esprit haute performance que le MAGMA, mais avec des roues plus grandes et une g\u00e9om\u00e9trie sp\u00e9cifique gravel. Il int\u00e8gre toute lexp\u00e9rience de roulage et de test dAlberto et Ivan, puis ajoute toute lexpertise dAURUM pour concevoir et d\u00e9velopper un v\u00e9lo de haut niveau  <\/span>\n\n<\/div>\n<\/div>\n<\/div>\n<\/div>\n<\/div>\n<div class=\"elementor-element elementor-element-523bdc8a e-grid e-con-boxed e-con e-parent\" data-id=\"523bdc8a\" data-element_type=\"container\">\n<div class=\"e-con-inner\">\n<div class=\"elementor-element elementor-element-6a1752e0 elementor-widget elementor-widget-image\" data-id=\"6a1752e0\" data-element_type=\"widget\" data-widget_type=\"image.default\"><\/div>\n<\/div>\n<\/div>","_et_gb_content_width":""},"pwb-brand":[],"product_brand":[],"product_cat":[893],"product_tag":[894,794],"class_list":{"0":"post-9784","1":"product","2":"type-product","3":"status-publish","4":"has-post-thumbnail","6":"product_cat-aurum-bikes","7":"product_tag-aurum-gravel","8":"product_tag-hambourg","9":"product_shipping_class-velo","11":"first","12":"instock","13":"taxable","14":"shipping-taxable","15":"purchasable","16":"product-type-variable"},"aioseo_notices":[],"brands":[],"_links":{"self":[{"href":"https:\/\/gravel-bikes.cc\/fr\/wp-json\/wp\/v2\/product\/9784","targetHints":{"allow":["GET"]}}],"collection":[{"href":"https:\/\/gravel-bikes.cc\/fr\/wp-json\/wp\/v2\/product"}],"about":[{"href":"https:\/\/gravel-bikes.cc\/fr\/wp-json\/wp\/v2\/types\/product"}],"wp:featuredmedia":[{"embeddable":true,"href":"https:\/\/gravel-bikes.cc\/fr\/wp-json\/wp\/v2\/media\/4470"}],"wp:attachment":[{"href":"https:\/\/gravel-bikes.cc\/fr\/wp-json\/wp\/v2\/media?parent=9784"}],"wp:term":[{"taxonomy":"pwb-brand","embeddable":true,"href":"https:\/\/gravel-bikes.cc\/fr\/wp-json\/wp\/v2\/pwb-brand?post=9784"},{"taxonomy":"product_brand","embeddable":true,"href":"https:\/\/gravel-bikes.cc\/fr\/wp-json\/wp\/v2\/product_brand?post=9784"},{"taxonomy":"product_cat","embeddable":true,"href":"https:\/\/gravel-bikes.cc\/fr\/wp-json\/wp\/v2\/product_cat?post=9784"},{"taxonomy":"product_tag","embeddable":true,"href":"https:\/\/gravel-bikes.cc\/fr\/wp-json\/wp\/v2\/product_tag?post=9784"}],"curies":[{"name":"wp","href":"https:\/\/api.w.org\/{rel}","templated":true}]}}