{"id":9797,"date":"2026-01-02T16:41:54","date_gmt":"2026-01-02T16:41:54","guid":{"rendered":"https:\/\/gravel-bikes.cc\/produkt\/lunettes-avventure-stelvio-havana\/"},"modified":"2026-01-02T16:41:54","modified_gmt":"2026-01-02T16:41:54","slug":"lunettes-avventure-stelvio-havana","status":"publish","type":"product","link":"https:\/\/gravel-bikes.cc\/fr\/produkt\/lunettes-avventure-stelvio-havana\/","title":{"rendered":"Lunettes AVVENTURE Stelvio Havana"},"content":{"rendered":"<p><strong>CARACT\u00c9RISTIQUES<\/strong><\/p>\n<p>Monture en ac\u00e9tate de cellulose italien de 8 mm<br \/>\n\u00c9cran lat\u00e9ral en ac\u00e9tate contrast\u00e9<br \/>\nFabriqu\u00e9 \u00e0 la main en Italie<\/p>\n<p><strong>PLAQUETTES DE NEZ \/ BRANCHES ANTID\u00c9RAPANTES<\/strong><br \/>\nPlaquettes hypoallerg\u00e9niques souples pour un confort accru<br \/>\nAdh\u00e9rence \u00e9lev\u00e9e pour garantir un maintien s\u00fbr m\u00eame mouill\u00e9 par la pluie ou la transpiration<\/p>\n<p><strong>VERRES ADVANCED VISION | TEINTE PERFORMANCE MARRON<\/strong><br \/>\nAm\u00e9liore la visibilit\u00e9 en pleine lumi\u00e8re et dans des environnements variables<br \/>\nAm\u00e9liore le contraste et fait ressortir les d\u00e9tails, facilitant la perception du relief et des dangers \u00e0 venir<br \/>\nR\u00e9duit l&#8217;\u00e9blouissement tout en laissant visibles les dangers tels que le verglas, l&#8217;eau et l&#8217;huile<br \/>\nRev\u00eatement antireflet r\u00e9duit les reflets provenant de l&#8217;arri\u00e8re<br \/>\nOptimisation LCD permet une lecture facile des appareils en conditions lumineuses<br \/>\nRev\u00eatement hydrophobe d\u00e9perlant garde les verres exempts de sueur et de pluie<br \/>\nRev\u00eatement ol\u00e9ophobe anti-traces aide \u00e0 \u00e9viter que les empreintes digitales et la poussi\u00e8re n&#8217;obstruent la vue<br \/>\nSurface anti-rayures emp\u00eache les verres de se marquer lors d&#8217;une usure l\u00e9g\u00e8re<br \/>\nProtection \u00e0 100 % contre les rayons UV nocifs<\/p>\n<p><strong>DIMENSIONS<\/strong><br \/>\nLongueur des branches : 145 mm<br \/>\nLargeur totale de la monture : 144 mm<br \/>\nLargeur des verres : 58 mm<br \/>\nHauteur des verres : 55 mm<br \/>\nPont : 16 mm<\/p>\n","protected":false},"excerpt":{"rendered":"<p>CARACT\u00c9RISTIQUES Monture en ac\u00e9tate de cellulose italien de 8 mm \u00c9cran lat\u00e9ral en ac\u00e9tate contrast\u00e9 Fabriqu\u00e9 \u00e0 la main en Italie PLAQUETTES DE NEZ \/ BRANCHES ANTID\u00c9RAPANTES Plaquettes hypoallerg\u00e9niques souples pour un confort accru Adh\u00e9rence \u00e9lev\u00e9e pour garantir un maintien s\u00fbr m\u00eame mouill\u00e9 par la pluie ou la transpiration VERRES ADVANCED VISION | TEINTE PERFORMANCE [&hellip;]<\/p>\n","protected":false},"featured_media":1126,"template":"","meta":{"_et_pb_use_builder":"","_et_pb_old_content":"","_et_gb_content_width":"","om_disable_all_campaigns":false,"_monsterinsights_skip_tracking":false,"_monsterinsights_sitenote_active":false,"_monsterinsights_sitenote_note":"","_monsterinsights_sitenote_category":0},"pwb-brand":[],"product_brand":[],"product_cat":[898],"product_tag":[],"class_list":{"0":"post-9797","1":"product","2":"type-product","3":"status-publish","4":"has-post-thumbnail","6":"product_cat-avventure","8":"first","9":"instock","10":"taxable","11":"shipping-taxable","12":"purchasable","13":"product-type-simple"},"aioseo_notices":[],"brands":[],"_links":{"self":[{"href":"https:\/\/gravel-bikes.cc\/fr\/wp-json\/wp\/v2\/product\/9797","targetHints":{"allow":["GET"]}}],"collection":[{"href":"https:\/\/gravel-bikes.cc\/fr\/wp-json\/wp\/v2\/product"}],"about":[{"href":"https:\/\/gravel-bikes.cc\/fr\/wp-json\/wp\/v2\/types\/product"}],"wp:featuredmedia":[{"embeddable":true,"href":"https:\/\/gravel-bikes.cc\/fr\/wp-json\/wp\/v2\/media\/1126"}],"wp:attachment":[{"href":"https:\/\/gravel-bikes.cc\/fr\/wp-json\/wp\/v2\/media?parent=9797"}],"wp:term":[{"taxonomy":"pwb-brand","embeddable":true,"href":"https:\/\/gravel-bikes.cc\/fr\/wp-json\/wp\/v2\/pwb-brand?post=9797"},{"taxonomy":"product_brand","embeddable":true,"href":"https:\/\/gravel-bikes.cc\/fr\/wp-json\/wp\/v2\/product_brand?post=9797"},{"taxonomy":"product_cat","embeddable":true,"href":"https:\/\/gravel-bikes.cc\/fr\/wp-json\/wp\/v2\/product_cat?post=9797"},{"taxonomy":"product_tag","embeddable":true,"href":"https:\/\/gravel-bikes.cc\/fr\/wp-json\/wp\/v2\/product_tag?post=9797"}],"curies":[{"name":"wp","href":"https:\/\/api.w.org\/{rel}","templated":true}]}}