{"id":9808,"date":"2026-01-02T16:54:28","date_gmt":"2026-01-02T16:54:28","guid":{"rendered":"https:\/\/gravel-bikes.cc\/produkt\/avventura-bomerano\/"},"modified":"2026-01-02T16:54:28","modified_gmt":"2026-01-02T16:54:28","slug":"avventura-bomerano","status":"publish","type":"product","link":"https:\/\/gravel-bikes.cc\/fr\/produkt\/avventura-bomerano\/","title":{"rendered":"AVVENTURA BOMERANO"},"content":{"rendered":"<p>&nbsp;<\/p>\n<p><strong>CARACT\u00c9RISTIQUES<\/strong><br \/>\nMonture en ac\u00e9tate de cellulose italienne 8&nbsp;mm<br \/>\n\u00c9crans lat\u00e9raux en ac\u00e9tate contrast\u00e9<br \/>\nFabriqu\u00e9 \u00e0 la main en Italie<\/p>\n<p><strong>PLAQUETTES GRIP NEZ \/ BRANCHES<\/strong><br \/>\nPlaquettes souples hypoallerg\u00e9niques pour plus de confort<br \/>\nForte adh\u00e9rence pour un maintien s\u00fbr, m\u00eame mouill\u00e9 par la pluie ou la transpiration<\/p>\n<p><strong>VERRES ADVANCED VISION | TEINTE PERFORMANCE MARRON<\/strong><br \/>\nAm\u00e9liore la visibilit\u00e9 en forte luminosit\u00e9 et dans des environnements variables<br \/>\nRenforce le contraste et fait ressortir les d\u00e9tails, pour mieux percevoir le relief et les dangers devant toi<br \/>\nR\u00e9duit l\u2019\u00e9blouissement tout en laissant visibles les dangers comme le verglas, l\u2019eau et l\u2019huile<br \/>\nLe traitement antireflet r\u00e9duit les reflets venant de l\u2019arri\u00e8re<br \/>\nL\u2019optimisation LCD permet de lire facilement les appareils en conditions lumineuses<br \/>\nLe traitement hydrophobe d\u00e9perlant garde les verres nets, \u00e0 l\u2019abri de la sueur et de la pluie<br \/>\nUn traitement ol\u00e9ophobe anti-traces aide \u00e0 \u00e9viter que les empreintes et la poussi\u00e8re n\u2019obstruent la vue<br \/>\nUne surface anti-rayures \u00e9vite les marques dues \u00e0 une usure l\u00e9g\u00e8re<br \/>\nProtection \u00e0 100&nbsp;% contre les UV nocifs<\/p>\n<p><strong>TAILLE <\/strong><br \/>\nLongueur des branches&nbsp;: 145&nbsp;mm<br \/>\nLargeur totale de la monture&nbsp;: 140&nbsp;mm<br \/>\nLargeur des verres&nbsp;: 48&nbsp;mm<br \/>\nHauteur des verres&nbsp;: 41,5&nbsp;mm<br \/>\nPont&nbsp;: 24&nbsp;mm<\/p>\n","protected":false},"excerpt":{"rendered":"<p>La Bomerano tire son nom du petit village perch\u00e9 au-dessus de la c\u00f4te amalfitaine, en Italie, sur le sentier CAI327 \u00ab&nbsp;Sentiero degli Dei&nbsp;\u00bb. Son style classique mid-century rend hommage aux stars de cin\u00e9ma de l\u2019\u00e9poque, attir\u00e9es par le charme d\u2019Amalfi et ses panoramas \u00e0 couper le souffle. <\/p>\n","protected":false},"featured_media":4749,"template":"","meta":{"_et_pb_use_builder":"","_et_pb_old_content":"","_et_gb_content_width":"","om_disable_all_campaigns":false,"_monsterinsights_skip_tracking":false,"_monsterinsights_sitenote_active":false,"_monsterinsights_sitenote_note":"","_monsterinsights_sitenote_category":0},"pwb-brand":[],"product_brand":[],"product_cat":[898],"product_tag":[],"class_list":{"0":"post-9808","1":"product","2":"type-product","3":"status-publish","4":"has-post-thumbnail","6":"product_cat-avventure","8":"first","9":"instock","10":"taxable","11":"shipping-taxable","12":"purchasable","13":"product-type-simple"},"aioseo_notices":[],"brands":[],"_links":{"self":[{"href":"https:\/\/gravel-bikes.cc\/fr\/wp-json\/wp\/v2\/product\/9808","targetHints":{"allow":["GET"]}}],"collection":[{"href":"https:\/\/gravel-bikes.cc\/fr\/wp-json\/wp\/v2\/product"}],"about":[{"href":"https:\/\/gravel-bikes.cc\/fr\/wp-json\/wp\/v2\/types\/product"}],"wp:featuredmedia":[{"embeddable":true,"href":"https:\/\/gravel-bikes.cc\/fr\/wp-json\/wp\/v2\/media\/4749"}],"wp:attachment":[{"href":"https:\/\/gravel-bikes.cc\/fr\/wp-json\/wp\/v2\/media?parent=9808"}],"wp:term":[{"taxonomy":"pwb-brand","embeddable":true,"href":"https:\/\/gravel-bikes.cc\/fr\/wp-json\/wp\/v2\/pwb-brand?post=9808"},{"taxonomy":"product_brand","embeddable":true,"href":"https:\/\/gravel-bikes.cc\/fr\/wp-json\/wp\/v2\/product_brand?post=9808"},{"taxonomy":"product_cat","embeddable":true,"href":"https:\/\/gravel-bikes.cc\/fr\/wp-json\/wp\/v2\/product_cat?post=9808"},{"taxonomy":"product_tag","embeddable":true,"href":"https:\/\/gravel-bikes.cc\/fr\/wp-json\/wp\/v2\/product_tag?post=9808"}],"curies":[{"name":"wp","href":"https:\/\/api.w.org\/{rel}","templated":true}]}}