{"id":9816,"date":"2026-01-06T14:13:54","date_gmt":"2026-01-06T14:13:54","guid":{"rendered":"https:\/\/gravel-bikes.cc\/produkt\/plaquettes-de-frein-a-disque-sram-red-force-rival\/"},"modified":"2026-01-06T14:13:54","modified_gmt":"2026-01-06T14:13:54","slug":"plaquettes-de-frein-a-disque-sram-red-force-rival","status":"publish","type":"product","link":"https:\/\/gravel-bikes.cc\/fr\/produkt\/plaquettes-de-frein-a-disque-sram-red-force-rival\/","title":{"rendered":"PLAQUETTES DE FREIN \u00c0 DISQUE Sram Red, Force, Rival"},"content":{"rendered":"<p>D\u00e9tails :<\/p>\n<p>\u00b7 Plaquettes de frein r\u00e9sistantes \u00e0 la chaleur pour freins \u00e0 disque de v\u00e9lo de route SRAM<br \/>\n\u00b7 Compatibles avec SRAM Red Road et SRAM Force 22<br \/>\n\u00b7 Plaque de support en acier<br \/>\n\u00b7 Bonne dissipation de la chaleur<br \/>\n\u00b7 Organiques<\/p>\n","protected":false},"excerpt":{"rendered":"<p>Une puissance de freinage \u00e9lev\u00e9e et des performances exceptionnelles sur les longues descentes caract\u00e9risent les plaquettes de frein organiques Kool Stop pour freins \u00e0 disque hydrauliques SRAM Red Road et SRAM Force 22. Ces plaquettes de frein \u00e0 disque facilement modulables sont fabriqu\u00e9es \u00e0 partir de mat\u00e9riaux organiques li\u00e9s avec de la r\u00e9sine. <\/p>\n<p>Pour am\u00e9liorer les performances de freinage \u00e0 haute modulation, les plaquettes contiennent de petites quantit\u00e9s de particules de cuivre, ce qui augmente \u00e9galement leur durabilit\u00e9. Gr\u00e2ce \u00e0 leur composition mat\u00e9rielle, elles fonctionnent plus silencieusement, mais ne sont g\u00e9n\u00e9ralement pas aussi r\u00e9sistantes \u00e0 la chaleur que les surfaces de friction fritt\u00e9es. Les plaquettes organiques Kool Stop sont le choix id\u00e9al chaque fois quune bonne puissance de freinage et une modulation optimale sont requises.  <\/p>\n","protected":false},"featured_media":4806,"template":"","meta":{"_et_pb_use_builder":"","_et_pb_old_content":"","_et_gb_content_width":""},"pwb-brand":[],"product_brand":[],"product_cat":[851],"product_tag":[],"class_list":{"0":"post-9816","1":"product","2":"type-product","3":"status-publish","4":"has-post-thumbnail","6":"product_cat-plaquettes-de-frein-a-disque","7":"product_shipping_class-petites-pieces","9":"first","10":"instock","11":"sale","12":"taxable","13":"shipping-taxable","14":"purchasable","15":"product-type-simple"},"aioseo_notices":[],"brands":[],"_links":{"self":[{"href":"https:\/\/gravel-bikes.cc\/fr\/wp-json\/wp\/v2\/product\/9816","targetHints":{"allow":["GET"]}}],"collection":[{"href":"https:\/\/gravel-bikes.cc\/fr\/wp-json\/wp\/v2\/product"}],"about":[{"href":"https:\/\/gravel-bikes.cc\/fr\/wp-json\/wp\/v2\/types\/product"}],"wp:featuredmedia":[{"embeddable":true,"href":"https:\/\/gravel-bikes.cc\/fr\/wp-json\/wp\/v2\/media\/4806"}],"wp:attachment":[{"href":"https:\/\/gravel-bikes.cc\/fr\/wp-json\/wp\/v2\/media?parent=9816"}],"wp:term":[{"taxonomy":"pwb-brand","embeddable":true,"href":"https:\/\/gravel-bikes.cc\/fr\/wp-json\/wp\/v2\/pwb-brand?post=9816"},{"taxonomy":"product_brand","embeddable":true,"href":"https:\/\/gravel-bikes.cc\/fr\/wp-json\/wp\/v2\/product_brand?post=9816"},{"taxonomy":"product_cat","embeddable":true,"href":"https:\/\/gravel-bikes.cc\/fr\/wp-json\/wp\/v2\/product_cat?post=9816"},{"taxonomy":"product_tag","embeddable":true,"href":"https:\/\/gravel-bikes.cc\/fr\/wp-json\/wp\/v2\/product_tag?post=9816"}],"curies":[{"name":"wp","href":"https:\/\/api.w.org\/{rel}","templated":true}]}}