{"id":9823,"date":"2026-01-06T14:17:49","date_gmt":"2026-01-06T14:17:49","guid":{"rendered":"https:\/\/gravel-bikes.cc\/produkt\/plaquettes-de-frein-a-disque-kool-stop-e-bike-xtr-xt-slx-alfine-deore\/"},"modified":"2026-01-06T14:17:49","modified_gmt":"2026-01-06T14:17:49","slug":"plaquettes-de-frein-a-disque-kool-stop-e-bike-xtr-xt-slx-alfine-deore","status":"publish","type":"product","link":"https:\/\/gravel-bikes.cc\/fr\/produkt\/plaquettes-de-frein-a-disque-kool-stop-e-bike-xtr-xt-slx-alfine-deore\/","title":{"rendered":"Plaquettes de frein \u00e0 disque KOOL STOP E-Bike XTR, XT, SLX, Alfine, Deore"},"content":{"rendered":"<p>Avec leur poids plus \u00e9lev\u00e9 et leurs vitesses souvent plus importantes, les VAE imposent des exigences diff\u00e9rentes aux plaquettes de frein par rapport aux v\u00e9los classiques. Cest pourquoi Kool-Stop a d\u00e9velopp\u00e9 une plaquette sp\u00e9cifiquement con\u00e7ue pour lusage \u00e9lectrique. Une couche de c\u00e9ramique se trouve entre la garniture organique et le support en acier. Cette couche emp\u00eache le transfert de chaleur vers l\u00e9trier, luttant ainsi efficacement contre la surchauffe et le fading.   <\/p>\n<p>Sp\u00e9cifications techniques :<\/p>\n<p>Support : Acier<br \/>\nType de garniture : Organique<br \/>\nCompatibilit\u00e9 : Shimano XTR BR-M9000 | BR-M9020 | BR-M987 | BR-M988 | BR-M985 | XT BR-M8000 | BR-M785 | SLX BR-M675 | SLX BR-M615 | BR-RS785 | BR-R785 | BR-CX75 | BR-R515 | BR-R315<\/p>\n","protected":false},"excerpt":{"rendered":"<p>Avec leur poids plus \u00e9lev\u00e9 et leurs vitesses souvent plus importantes, les VAE imposent des exigences diff\u00e9rentes aux plaquettes de frein par rapport aux v\u00e9los classiques. Cest pourquoi Kool-Stop a d\u00e9velopp\u00e9 une plaquette sp\u00e9cifiquement con\u00e7ue pour lusage \u00e9lectrique. Une couche de c\u00e9ramique se trouve entre la garniture organique et le support en acier. Cette couche [&hellip;]<\/p>\n","protected":false},"featured_media":4815,"template":"","meta":{"_et_pb_use_builder":"","_et_pb_old_content":"","_et_gb_content_width":""},"pwb-brand":[],"product_brand":[],"product_cat":[851],"product_tag":[],"class_list":{"0":"post-9823","1":"product","2":"type-product","3":"status-publish","4":"has-post-thumbnail","6":"product_cat-plaquettes-de-frein-a-disque","8":"first","9":"instock","10":"taxable","11":"shipping-taxable","12":"product-type-simple"},"aioseo_notices":[],"brands":[],"_links":{"self":[{"href":"https:\/\/gravel-bikes.cc\/fr\/wp-json\/wp\/v2\/product\/9823","targetHints":{"allow":["GET"]}}],"collection":[{"href":"https:\/\/gravel-bikes.cc\/fr\/wp-json\/wp\/v2\/product"}],"about":[{"href":"https:\/\/gravel-bikes.cc\/fr\/wp-json\/wp\/v2\/types\/product"}],"wp:featuredmedia":[{"embeddable":true,"href":"https:\/\/gravel-bikes.cc\/fr\/wp-json\/wp\/v2\/media\/4815"}],"wp:attachment":[{"href":"https:\/\/gravel-bikes.cc\/fr\/wp-json\/wp\/v2\/media?parent=9823"}],"wp:term":[{"taxonomy":"pwb-brand","embeddable":true,"href":"https:\/\/gravel-bikes.cc\/fr\/wp-json\/wp\/v2\/pwb-brand?post=9823"},{"taxonomy":"product_brand","embeddable":true,"href":"https:\/\/gravel-bikes.cc\/fr\/wp-json\/wp\/v2\/product_brand?post=9823"},{"taxonomy":"product_cat","embeddable":true,"href":"https:\/\/gravel-bikes.cc\/fr\/wp-json\/wp\/v2\/product_cat?post=9823"},{"taxonomy":"product_tag","embeddable":true,"href":"https:\/\/gravel-bikes.cc\/fr\/wp-json\/wp\/v2\/product_tag?post=9823"}],"curies":[{"name":"wp","href":"https:\/\/api.w.org\/{rel}","templated":true}]}}