{"id":9857,"date":"2025-12-31T16:13:00","date_gmt":"2025-12-31T16:13:00","guid":{"rendered":"https:\/\/gravel-bikes.cc\/produkt\/sacoche-de-cadre-gravel-geosmina\/"},"modified":"2025-12-31T16:13:00","modified_gmt":"2025-12-31T16:13:00","slug":"sacoche-de-cadre-gravel-geosmina","status":"publish","type":"product","link":"https:\/\/gravel-bikes.cc\/fr\/produkt\/sacoche-de-cadre-gravel-geosmina\/","title":{"rendered":"Sacoche de cadre Gravel GEOSMINA"},"content":{"rendered":"","protected":false},"excerpt":{"rendered":"<p class=\"p1\">\u2022 Coque ext\u00e9rieure en Nylon 600D avec laminage int\u00e9rieur TPU imperm\u00e9able. Structure sans couture, soud\u00e9e haute fr\u00e9quence. 100 % imperm\u00e9able \u2013 Nylon Ripstop imperm\u00e9able.  <\/p>\n<p class=\"p1\">\u2022 Nouveau design pour mieux sadapter aux cadres avec tube de direction plus long, comme les cadres Gravel et Route. Le nouveau design facilite linstallation de porte-bidons sur le cadre. <\/p>\n<p class=\"p1\">\u2022 Poches int\u00e9rieures en Nylon 210D Ripstop 100 % imperm\u00e9able en jaune pour contraster et te permettre de localiser rapidement tes affaires et de transporter ton chargement de mani\u00e8re ordonn\u00e9e.<\/p>\n<p class=\"p1\">\u2022 Poche lat\u00e9rale double avec fermeture \u00e9clair \u00e9tanche YKK avec tirette (2 jeux) : facilite lutilisation m\u00eame avec des gants.<\/p>\n<p class=\"p1\">\u2022 2 jeux de sangles Velcro renforc\u00e9es Hypalon interchangeables pour la r\u00e9sistance au poids (6 points de fixation).<\/p>\n<p class=\"p1\">\u2022 Logos r\u00e9fl\u00e9chissants.<\/p>\n<p class=\"p1\">SACOCHE DE CADRE SMALL<\/p>\n<p class=\"p2\">Poids : 180 g<\/p>\n<p class=\"p1\">Extra : 2 jeux de velcro (17 et 27 cm) et 2 jeux de tirettes (rouge et noir)<\/p>\n<p class=\"p2\">Volume : 1,5 l<\/p>\n<p class=\"p2\">Dimensions : 38 x 11 x 4 cm<\/p>\n<p class=\"p1\">SACOCHE DE CADRE MEDIUM<\/p>\n<p class=\"p2\">Poids : 220 g<\/p>\n<p class=\"p1\">Extra : 2 jeux de velcro (17 et 27 cm) et 2 jeux de tirettes (rouge et noir)<\/p>\n<p class=\"p2\">Volume : 3 l<\/p>\n<p class=\"p2\">Dimensions : 44 x 14 x 5 cm<\/p>\n<p class=\"p1\">SACOCHE DE CADRE LARGE<\/p>\n<p class=\"p1\">Poids : 280 g<\/p>\n<p class=\"p1\">Extra : 2 jeux de velcro (17 et 27 cm) et 2 jeux de tirettes (rouge et noir)<\/p>\n<p class=\"p2\">Volume : 5 l<\/p>\n<p class=\"p2\">Dimensions : 51 x 17,5 x 5,5 cm<\/p>\n","protected":false},"featured_media":4540,"template":"","meta":{"_et_pb_use_builder":"","_et_pb_old_content":"","_et_gb_content_width":"","om_disable_all_campaigns":false,"_monsterinsights_skip_tracking":false,"_monsterinsights_sitenote_active":false,"_monsterinsights_sitenote_note":"","_monsterinsights_sitenote_category":0},"pwb-brand":[],"product_brand":[],"product_cat":[848],"product_tag":[],"class_list":{"0":"post-9857","1":"product","2":"type-product","3":"status-publish","4":"has-post-thumbnail","6":"product_cat-sacoches-de-bikepacking","8":"first","9":"outofstock","10":"taxable","11":"shipping-taxable","12":"product-type-variable"},"aioseo_notices":[],"brands":[],"_links":{"self":[{"href":"https:\/\/gravel-bikes.cc\/fr\/wp-json\/wp\/v2\/product\/9857","targetHints":{"allow":["GET"]}}],"collection":[{"href":"https:\/\/gravel-bikes.cc\/fr\/wp-json\/wp\/v2\/product"}],"about":[{"href":"https:\/\/gravel-bikes.cc\/fr\/wp-json\/wp\/v2\/types\/product"}],"wp:featuredmedia":[{"embeddable":true,"href":"https:\/\/gravel-bikes.cc\/fr\/wp-json\/wp\/v2\/media\/4540"}],"wp:attachment":[{"href":"https:\/\/gravel-bikes.cc\/fr\/wp-json\/wp\/v2\/media?parent=9857"}],"wp:term":[{"taxonomy":"pwb-brand","embeddable":true,"href":"https:\/\/gravel-bikes.cc\/fr\/wp-json\/wp\/v2\/pwb-brand?post=9857"},{"taxonomy":"product_brand","embeddable":true,"href":"https:\/\/gravel-bikes.cc\/fr\/wp-json\/wp\/v2\/product_brand?post=9857"},{"taxonomy":"product_cat","embeddable":true,"href":"https:\/\/gravel-bikes.cc\/fr\/wp-json\/wp\/v2\/product_cat?post=9857"},{"taxonomy":"product_tag","embeddable":true,"href":"https:\/\/gravel-bikes.cc\/fr\/wp-json\/wp\/v2\/product_tag?post=9857"}],"curies":[{"name":"wp","href":"https:\/\/api.w.org\/{rel}","templated":true}]}}