{"id":9867,"date":"2026-01-06T13:53:42","date_gmt":"2026-01-06T13:53:42","guid":{"rendered":"https:\/\/gravel-bikes.cc\/produkt\/chambre-torbolito-18-32-mm\/"},"modified":"2026-01-06T13:53:42","modified_gmt":"2026-01-06T13:53:42","slug":"chambre-torbolito-18-32-mm","status":"publish","type":"product","link":"https:\/\/gravel-bikes.cc\/fr\/produkt\/chambre-torbolito-18-32-mm\/","title":{"rendered":"Chambre Torbolito 18 &#8211; 32 mm"},"content":{"rendered":"<p>&nbsp;<\/p>\n<p>Homologu\u2019\u00e9e pour freins \u00e0 patins et \u00e0 disque<br \/>\nAdapt\u00e9e aux pneus de route d\u2019une largeur de 18 \u00e0 32 mm<br \/>\nR\u00e9duction de la masse en rotation : env. 70 grammes par roue<br \/>\nR\u00e9sistance aux crevaisons doubl\u00e9e par rapport aux chambres \u00e0 air standards<br \/>\nDisponible avec valve orange ou noire <\/p>\n","protected":false},"excerpt":{"rendered":"<p>En route avec Tubolito ! Que tu utilises des freins  patins ou  disque, la Tubo-Road-700C sinstalle facilement dans tous les pneus de route dune largeur comprise entre 18 et 32 mm. Elle permet dconomiser environ 70 grammes de masse en rotation par roue par rapport aux chambres  air classiques. La rsistance aux crevaisons est aussi exceptionnelle : il faut deux fois plus de force pour percer la Tubo-Road-700C que pour une chambre en butyle standard.   <\/p>\n","protected":false},"featured_media":4774,"template":"","meta":{"_et_pb_use_builder":"","_et_pb_old_content":"","_et_gb_content_width":""},"pwb-brand":[],"product_brand":[],"product_cat":[765],"product_tag":[],"class_list":{"0":"post-9867","1":"product","2":"type-product","3":"status-publish","4":"has-post-thumbnail","6":"product_cat-chambres-a-air","8":"first","9":"instock","10":"sale","11":"taxable","12":"shipping-taxable","13":"purchasable","14":"product-type-simple"},"aioseo_notices":[],"brands":[],"_links":{"self":[{"href":"https:\/\/gravel-bikes.cc\/fr\/wp-json\/wp\/v2\/product\/9867","targetHints":{"allow":["GET"]}}],"collection":[{"href":"https:\/\/gravel-bikes.cc\/fr\/wp-json\/wp\/v2\/product"}],"about":[{"href":"https:\/\/gravel-bikes.cc\/fr\/wp-json\/wp\/v2\/types\/product"}],"wp:featuredmedia":[{"embeddable":true,"href":"https:\/\/gravel-bikes.cc\/fr\/wp-json\/wp\/v2\/media\/4774"}],"wp:attachment":[{"href":"https:\/\/gravel-bikes.cc\/fr\/wp-json\/wp\/v2\/media?parent=9867"}],"wp:term":[{"taxonomy":"pwb-brand","embeddable":true,"href":"https:\/\/gravel-bikes.cc\/fr\/wp-json\/wp\/v2\/pwb-brand?post=9867"},{"taxonomy":"product_brand","embeddable":true,"href":"https:\/\/gravel-bikes.cc\/fr\/wp-json\/wp\/v2\/product_brand?post=9867"},{"taxonomy":"product_cat","embeddable":true,"href":"https:\/\/gravel-bikes.cc\/fr\/wp-json\/wp\/v2\/product_cat?post=9867"},{"taxonomy":"product_tag","embeddable":true,"href":"https:\/\/gravel-bikes.cc\/fr\/wp-json\/wp\/v2\/product_tag?post=9867"}],"curies":[{"name":"wp","href":"https:\/\/api.w.org\/{rel}","templated":true}]}}