{"id":9945,"date":"2025-12-13T17:45:00","date_gmt":"2025-12-13T17:45:00","guid":{"rendered":"https:\/\/gravel-bikes.cc\/produkt\/derailleur-arriere-campagnolo-ekar-13-vitesses\/"},"modified":"2025-12-13T17:45:00","modified_gmt":"2025-12-13T17:45:00","slug":"derailleur-arriere-campagnolo-ekar-13-vitesses","status":"publish","type":"product","link":"https:\/\/gravel-bikes.cc\/fr\/produkt\/derailleur-arriere-campagnolo-ekar-13-vitesses\/","title":{"rendered":"D\u00e9railleur arri\u00e8re Campagnolo Ekar 13 vitesses"},"content":{"rendered":"","protected":false},"excerpt":{"rendered":"<p><strong>D\u00c9RAILLEUR ARRI\u00c8RE CAMPAGNOLO Ekar 13 vitesses<\/strong><\/p>\n<p>Le d\u00e9railleur arri\u00e8re Ekar est un tout nouveau d\u00e9veloppement pour le groupe gravel de Campagnolo. La g\u00e9om\u00e9trie du d\u00e9railleur arri\u00e8re a \u00e9t\u00e9 con\u00e7ue de sorte que le d\u00e9railleur arri\u00e8re, avec sa chape de longueur moyenne, fonctionne parfaitement avec les 3 cassettes Ekar disponibles. Les galets de d\u00e9railleur arri\u00e8re agrandis de 12 et 14 dents, associ\u00e9s \u00e0 un amortisseur de vibrations, garantissent \u00e0 tout moment un passage de cha\u00eene fluide et s\u00fbr. Pour faciliter le changement de roue, le d\u00e9railleur arri\u00e8re peut \u00eatre d\u00e9saccoupl\u00e9 de la tension du ressort via un verrou de chape en position verticale. Le d\u00e9railleur arri\u00e8re complexe se compose au total de 70 pi\u00e8ces individuelles en aluminium 7075, aluminium 6082 et composite carbone. Pour les vis du d\u00e9railleur arri\u00e8re, Campagnolo utilise de lacier inoxydable pour une durabilit\u00e9 maximale.     <\/p>\n","protected":false},"featured_media":741,"template":"","meta":{"_et_pb_use_builder":"","_et_pb_old_content":"","_et_gb_content_width":"","om_disable_all_campaigns":false,"_monsterinsights_skip_tracking":false,"_monsterinsights_sitenote_active":false,"_monsterinsights_sitenote_note":"","_monsterinsights_sitenote_category":0},"pwb-brand":[],"product_brand":[],"product_cat":[906],"product_tag":[],"class_list":{"0":"post-9945","1":"product","2":"type-product","3":"status-publish","4":"has-post-thumbnail","6":"product_cat-derailleur-arriere-campagnolo","7":"product_shipping_class-petites-pieces","9":"first","10":"instock","11":"sale","12":"taxable","13":"shipping-taxable","14":"purchasable","15":"product-type-simple"},"aioseo_notices":[],"brands":[],"_links":{"self":[{"href":"https:\/\/gravel-bikes.cc\/fr\/wp-json\/wp\/v2\/product\/9945","targetHints":{"allow":["GET"]}}],"collection":[{"href":"https:\/\/gravel-bikes.cc\/fr\/wp-json\/wp\/v2\/product"}],"about":[{"href":"https:\/\/gravel-bikes.cc\/fr\/wp-json\/wp\/v2\/types\/product"}],"wp:featuredmedia":[{"embeddable":true,"href":"https:\/\/gravel-bikes.cc\/fr\/wp-json\/wp\/v2\/media\/741"}],"wp:attachment":[{"href":"https:\/\/gravel-bikes.cc\/fr\/wp-json\/wp\/v2\/media?parent=9945"}],"wp:term":[{"taxonomy":"pwb-brand","embeddable":true,"href":"https:\/\/gravel-bikes.cc\/fr\/wp-json\/wp\/v2\/pwb-brand?post=9945"},{"taxonomy":"product_brand","embeddable":true,"href":"https:\/\/gravel-bikes.cc\/fr\/wp-json\/wp\/v2\/product_brand?post=9945"},{"taxonomy":"product_cat","embeddable":true,"href":"https:\/\/gravel-bikes.cc\/fr\/wp-json\/wp\/v2\/product_cat?post=9945"},{"taxonomy":"product_tag","embeddable":true,"href":"https:\/\/gravel-bikes.cc\/fr\/wp-json\/wp\/v2\/product_tag?post=9945"}],"curies":[{"name":"wp","href":"https:\/\/api.w.org\/{rel}","templated":true}]}}