{"id":9948,"date":"2025-12-13T17:08:54","date_gmt":"2025-12-13T17:08:54","guid":{"rendered":"https:\/\/gravel-bikes.cc\/produkt\/terravail-rampart-650b-47mm\/"},"modified":"2025-12-13T17:08:54","modified_gmt":"2025-12-13T17:08:54","slug":"terravail-rampart-650b-47mm","status":"publish","type":"product","link":"https:\/\/gravel-bikes.cc\/fr\/produkt\/terravail-rampart-650b-47mm\/","title":{"rendered":"Terravail Rampart 650b 47mm"},"content":{"rendered":"<div id=\"r2-desktop-tabs\" class=\"\">\n<nav class=\"tab-navigation\">\n<div id=\"tab-content-product-tabs\" class=\"tab-content\">\n<div id=\"tab-description\" class=\"tab-pane fade show active\" role=\"tabpanel\" aria-labelledby=\"tab-link-description\">\n<div class=\"desc\">\n<div class=\"mas-desc\">\n<div class=\"desc aw_toggle_content aw_toggle_content_closed\" aria-expanded=\"false\">\n<p><strong>Pneu TERAVAIL RAMPART 27,5 | 650W x 47 Durable | Flancs beiges<\/strong><\/p>\n<p>Teravail, de Minneapolis, ne se contente pas d\u2019exceller dans le gravel. Le Rampart est n\u00e9 de l\u2019exp\u00e9rience de la course sur tous les terrains.<br \/>\nDe la ville aux sommets, il est fait pour dompter chaque route. Profite d\u2019une traction accrue et d\u2019un confort irr\u00e9prochable, m\u00eame sur bitume ab\u00eem\u00e9.  <\/p>\n<p><em>Compatibilit\u00e9 avec les pr\u00e9ventifs<\/em><br \/>\nTeravail a test\u00e9 tous ses pneus avec les liquides pr\u00e9ventifs Finish Line, Orange Seal, Stans, Slime, Continental et Hutchinson.<\/p>\n<p><em>Durable<\/em><br \/>\nCette structure int\u00e8gre un renfort en nylon tiss\u00e9 robuste dans les flancs pour \u00e9viter les d\u00e9chirures et l\u2019abrasion. De plus, une couche de protection dense sous la bande de roulement prot\u00e8ge contre les crevaisons. <\/p>\n<p>Caractristiques<\/p>\n<p>Type de pneu : souple<br \/>\nUsage : route, triathlon<br \/>\nTaille (pouces) : 27,5 | 650<br \/>\nTaille (ETRTO) : 47 &#8211; 650<br \/>\nVersion : Durable, tubeless ready<br \/>\nM\u00e9lange de gomme : flanc durable<br \/>\nCarcasse : 60 TPI<br \/>\nCompatible tubeless : oui<br \/>\nCompatibilit\u00e9 VAE : n\/a<br \/>\nProfil : lisse et rapide<br \/>\nPression recommand\u00e9e : 2,8 &#8211; 4,8 bar (40 &#8211; 70 PSI)<br \/>\nLargeur de jante recommand\u00e9e : 17 &#8211; 27 mm<br \/>\nCharge maximale (par pneu) : aucune limite<br \/>\nCouleur : Noir<\/p>\n<p>Poids fabricant : n.c.<br \/>\nPoids pes\u00e9 : 635 g<\/p>\n<p><em>Note :<\/em> Le poids des pneus peut varier selon la production !<\/p>\n<p>Contenu : 1x pneu TERAVAIL RAMPART 27,5 | 650W x 47 Durable<\/p>\n<div id=\"uc1765645592300\" class=\"uc-embedding-container uc-embedding-1 \" data-nosnippet=\"true\">\n<p><img decoding=\"async\" src=\"https:\/\/privacy-proxy-server.usercentrics.eu\/video\/youtube\/mQLPN4c72lA-poster-image\" alt=\"Image daperu vido YouTube\"><\/p>\n<div class=\"uc-embedding-wrapper\"><\/div>\n<\/div>\n<\/div>\n<\/div>\n<\/div>\n<\/div>\n<\/div>\n<\/nav>\n<\/div>\n<div class=\"row\">\n<div class=\"col-6\">\n<div class=\"s360-gpsr-manufacturer\">\n<div class=\"s360-gpsr-title\"><\/div>\n<\/div>\n<\/div>\n<\/div>\n","protected":false},"excerpt":{"rendered":"<p>Pneu TERAVAIL RAMPART 27,5 | 650W x 47 Durable | Flancs beiges Teravail, de Minneapolis, ne se contente pas d\u2019exceller dans le gravel. Le Rampart est n\u00e9 de l\u2019exp\u00e9rience de la course sur tous les terrains. De la ville aux sommets, il est fait pour dompter chaque route. Profite d\u2019une traction accrue et d\u2019un confort [&hellip;]<\/p>\n","protected":false},"featured_media":711,"template":"","meta":{"_et_pb_use_builder":"","_et_pb_old_content":"","_et_gb_content_width":"","om_disable_all_campaigns":false,"_monsterinsights_skip_tracking":false,"_monsterinsights_sitenote_active":false,"_monsterinsights_sitenote_note":"","_monsterinsights_sitenote_category":0},"pwb-brand":[],"product_brand":[],"product_cat":[764],"product_tag":[907],"class_list":{"0":"post-9948","1":"product","2":"type-product","3":"status-publish","4":"has-post-thumbnail","6":"product_cat-pneus","7":"product_tag-pneus-terravail","9":"first","10":"instock","11":"sale","12":"taxable","13":"shipping-taxable","14":"purchasable","15":"product-type-simple"},"aioseo_notices":[],"brands":[],"_links":{"self":[{"href":"https:\/\/gravel-bikes.cc\/fr\/wp-json\/wp\/v2\/product\/9948","targetHints":{"allow":["GET"]}}],"collection":[{"href":"https:\/\/gravel-bikes.cc\/fr\/wp-json\/wp\/v2\/product"}],"about":[{"href":"https:\/\/gravel-bikes.cc\/fr\/wp-json\/wp\/v2\/types\/product"}],"wp:featuredmedia":[{"embeddable":true,"href":"https:\/\/gravel-bikes.cc\/fr\/wp-json\/wp\/v2\/media\/711"}],"wp:attachment":[{"href":"https:\/\/gravel-bikes.cc\/fr\/wp-json\/wp\/v2\/media?parent=9948"}],"wp:term":[{"taxonomy":"pwb-brand","embeddable":true,"href":"https:\/\/gravel-bikes.cc\/fr\/wp-json\/wp\/v2\/pwb-brand?post=9948"},{"taxonomy":"product_brand","embeddable":true,"href":"https:\/\/gravel-bikes.cc\/fr\/wp-json\/wp\/v2\/product_brand?post=9948"},{"taxonomy":"product_cat","embeddable":true,"href":"https:\/\/gravel-bikes.cc\/fr\/wp-json\/wp\/v2\/product_cat?post=9948"},{"taxonomy":"product_tag","embeddable":true,"href":"https:\/\/gravel-bikes.cc\/fr\/wp-json\/wp\/v2\/product_tag?post=9948"}],"curies":[{"name":"wp","href":"https:\/\/api.w.org\/{rel}","templated":true}]}}