{"id":9957,"date":"2025-12-13T17:56:32","date_gmt":"2025-12-13T17:56:32","guid":{"rendered":"https:\/\/gravel-bikes.cc\/produkt\/batterie-interne-shimano-di2\/"},"modified":"2025-12-13T17:56:32","modified_gmt":"2025-12-13T17:56:32","slug":"batterie-interne-shimano-di2","status":"publish","type":"product","link":"https:\/\/gravel-bikes.cc\/fr\/produkt\/batterie-interne-shimano-di2\/","title":{"rendered":"Batterie interne Shimano Di2"},"content":{"rendered":"","protected":false},"excerpt":{"rendered":"<p><strong>Batterie lithium-ion Shimano pour Di2 | BT-DN300 interne | E-Tube Project<\/strong><\/p>\n<p>La batterie DN300 a les m\u00eames dimensions et m\u00e9thode de fixation que son mod\u00e8le pr\u00e9c\u00e9dent. Les nouvelles connexions SD300 sont destin\u00e9es aux c\u00e2bles Shimano E-Tube de derni\u00e8re g\u00e9n\u00e9ration. Gr\u00e2ce \u00e0 celles-ci, la batterie alimente les d\u00e9railleurs avant et arri\u00e8re des groupes Dura-Ace 9200 et Ultegra 8100. En plus des deux connexions pour les d\u00e9railleurs avant et arri\u00e8re, une troisi\u00e8me connexion peut \u00eatre utilis\u00e9e pour le fonctionnement enti\u00e8rement c\u00e2bl\u00e9 des nouveaux groupes Di2.   <\/p>\n","protected":false},"featured_media":749,"template":"","meta":{"_et_pb_use_builder":"","_et_pb_old_content":"","_et_gb_content_width":""},"pwb-brand":[],"product_brand":[],"product_cat":[757],"product_tag":[909],"class_list":{"0":"post-9957","1":"product","2":"type-product","3":"status-publish","4":"has-post-thumbnail","6":"product_cat-shimano-di2","7":"product_tag-batterie-shimano-di2","8":"product_shipping_class-petites-pieces","10":"first","11":"instock","12":"sale","13":"taxable","14":"shipping-taxable","15":"purchasable","16":"product-type-simple"},"aioseo_notices":[],"brands":[],"_links":{"self":[{"href":"https:\/\/gravel-bikes.cc\/fr\/wp-json\/wp\/v2\/product\/9957","targetHints":{"allow":["GET"]}}],"collection":[{"href":"https:\/\/gravel-bikes.cc\/fr\/wp-json\/wp\/v2\/product"}],"about":[{"href":"https:\/\/gravel-bikes.cc\/fr\/wp-json\/wp\/v2\/types\/product"}],"wp:featuredmedia":[{"embeddable":true,"href":"https:\/\/gravel-bikes.cc\/fr\/wp-json\/wp\/v2\/media\/749"}],"wp:attachment":[{"href":"https:\/\/gravel-bikes.cc\/fr\/wp-json\/wp\/v2\/media?parent=9957"}],"wp:term":[{"taxonomy":"pwb-brand","embeddable":true,"href":"https:\/\/gravel-bikes.cc\/fr\/wp-json\/wp\/v2\/pwb-brand?post=9957"},{"taxonomy":"product_brand","embeddable":true,"href":"https:\/\/gravel-bikes.cc\/fr\/wp-json\/wp\/v2\/product_brand?post=9957"},{"taxonomy":"product_cat","embeddable":true,"href":"https:\/\/gravel-bikes.cc\/fr\/wp-json\/wp\/v2\/product_cat?post=9957"},{"taxonomy":"product_tag","embeddable":true,"href":"https:\/\/gravel-bikes.cc\/fr\/wp-json\/wp\/v2\/product_tag?post=9957"}],"curies":[{"name":"wp","href":"https:\/\/api.w.org\/{rel}","templated":true}]}}